{"id":6170,"date":"2019-01-08T13:58:31","date_gmt":"2019-01-08T13:58:31","guid":{"rendered":"https:\/\/weplex-heatexchanger.com\/welded-plates-heat-exchanger\/"},"modified":"2020-02-28T09:39:19","modified_gmt":"2020-02-28T09:39:19","slug":"welded-plates-heat-exchanger","status":"publish","type":"page","link":"https:\/\/weplex-heatexchanger.com\/en\/","title":{"rendered":"Weplex, Stainless steel welded plates heat exchanger"},"content":{"rendered":"\n\n\n\n\n<div style=\"height:35px\" aria-hidden=\"true\" class=\"wp-block-spacer\"><\/div>\n\n\n\n<div class=\"entet\">\n\n<div class=\"rea1 col-sm-3 col-xs-6\">\n<img loading=\"lazy\" decoding=\"async\" class=\"wp-rea\" src=\"https:\/\/weplex-heatexchanger.com\/wp-content\/uploads\/2020\/01\/larges-canaux.png\" alt=\"larges canaux\" width=\"64\" height=\"43\"><p class=\"rea\" style=\"color: #013f63; font-weight:bold;\">Large channels<\/p><\/div>\n\n<div class=\"rea1 col-sm-3 col-xs-6\">\n<img loading=\"lazy\" decoding=\"async\" class=\"wp-rea\" src=\"https:\/\/weplex-heatexchanger.com\/wp-content\/uploads\/2020\/01\/robustesse.png\" alt=\"robustesse\" width=\"76\" height=\"43\">\n<p class=\"rea\" style=\"color: #c31a22; font-weight:bold;\">Improved solidity<\/p><\/div>\n\n<div class=\"rea1 col-sm-3 col-xs-6\">\n<img loading=\"lazy\" decoding=\"async\" class=\"wp-rea\" src=\"https:\/\/weplex-heatexchanger.com\/wp-content\/uploads\/2020\/01\/maintenance.png\" alt=\"maintenance\" width=\"43\" height=\"43\"><p class=\"rea\" style=\"color: #02b2b0; font-weight:bold;\">Easy maintenance<\/p><\/div>\n\n<div class=\"rea1 col-sm-3 col-xs-6\">\n<img loading=\"lazy\" decoding=\"async\" class=\"wp-rea\" src=\"https:\/\/weplex-heatexchanger.com\/wp-content\/uploads\/2020\/01\/performance.png\" alt=\"performance\" width=\"64\" height=\"43\">\n<p class=\"rea\" style=\"color: #2a3236; font-weight:bold;\">High performance<\/p><\/div>\n\n<\/div>\n<\/div>\n\n\n\n<div style=\"height:30px\" aria-hidden=\"true\" class=\"wp-block-spacer\"><\/div>\n<div class=\"grey-bg\"><div style=\"height:1px\" aria-hidden=\"true\" class=\"wp-block-spacer\"><\/div>\n\n\n\n<h2 style=\"text-align:center\"><span style=\"color:#c31a22\" class=\"tadv-color\">A unique heat exchanger<\/span><\/h2>\n\n\n\n<p class=\"has-text-align-left homepad\">Weplex\u00ae, the welded plates heat exchanger has been developed and patented in order to propose a unique thermic exchanger in the market due to its high thermic performances.<\/p>\n\n\n\n<p class=\"has-text-align-left homepad\">Weplex\u00ae is a large channels heat exchanger of new generation with improved solidity.  Thanks to the use of laser technology to weld the plates, Weplex has a longer lifetime compared to other heat exchangers.<br>Weplex\u00ae heat exchanger is a high performance heat exchanger which is specially adapted to viscous and difficult fluids.  Its compact design assures a quick installation and fast cleaning.<\/p>\n\n\n\n<p class=\"has-text-align-left homepad\">Weplex\u00ae is tailor made;  its design, dimensioning and manufacture are assured in our industrial site of 10 000 m\u00b2 in Tournan-France (40kms far from Paris).  Our industrial experience of more than 70 years allows us to find solutions adapted to all applications.<\/p>\n\n\n\n<div style=\"height:20px\" aria-hidden=\"true\" class=\"wp-block-spacer\"><\/div>\n\n\n<a class=\"maxbutton-3 maxbutton maxbutton-brochure-es\" href=\"\/en\/download-our-catalogue\/\"><span class='mb-text'>Download our catalogue<\/span><\/a>\n\n\n<div style=\"height:40px\" aria-hidden=\"true\" class=\"wp-block-spacer\"><\/div><\/div>\n\n\n\n<div style=\"height:60px\" aria-hidden=\"true\" class=\"wp-block-spacer\"><\/div>\n\n\n\n<h2 style=\"text-align: center;\"><span style=\"color: #c31a22;\"><strong>A new technology heat exchanger<\/strong><\/span><\/h2>\n<p class=\"homepad\">Labbe Process Equipment is a French company which creates solutions applied to industrial thermic exchange for more than 70 years. We can propose heats exchangers adapted to all industrial applications (sugar industry, food and drink industry, chemical and paper industry, etc).<\/p>\n<p class=\"homepad\">We propose you innovative equipment and new heat exchanging technologies thanks to our research policy.<\/p>\n<p class=\"homepad\">Our Weplex\u00ae, of unique and patented conception, has been designed for all types of industrial process exchanges: gas-gas, water-water, liquid-liquid, condensation, evaporation, cooling, heating etc.<\/p>\n<p class=\"homepad\">The Weplex\u00ae is a high performance large channels heat exchanger with improved solidity. The life of Weplex heat exchanger is improved thanks to the use of laser to weld the plates, which assures a longer life to Weplex compared to existing heat exchangers.<\/p>\n<p class=\"homepad\">It is specially adapted to viscous or difficult fluids charged with suspended particles<\/p>\n\n\n\n<div style=\"height:100px\" aria-hidden=\"true\" class=\"wp-block-spacer\"><\/div>\n\n\n\n<div class=\"weplex-img\">\n<div class=\"mt col-sm-6 col-xs-12\">\n<div class=\"mt1\">\n<p>&nbsp;<\/p>\n<h2 style=\"text-align: center;\"><span style=\"color: #ffffff;\"><strong><span class=\"tadv-color\"><a style=\"color: #ffffff;\" href=\"https:\/\/weplex-heatexchanger.com\/en\/weplex-presentation\/\">WELDED PLATES HEAT EXCHANGER<\/a><\/span><\/strong><\/span><\/h2>\n<p>&nbsp;<\/p>\n<p style=\"text-align: center;\"><span style=\"color: #ffffff;\"><strong>ADVANTAGES OF WEPLEX\u00ae HEAT EXCHANGERS<\/strong><\/span><\/p>\n<div class=\"mtp\">\n<p style=\"text-align: left;\"><span style=\"color: #ffffff;\">\u27a1\ufe0f Patented design<\/span><\/p>\n<p style=\"text-align: left;\"><span style=\"color: #ffffff;\">\u27a1\ufe0f Exchanging plates welded by laser technology<\/span><\/p>\n<p style=\"text-align: left;\"><span style=\"color: #ffffff;\">\u27a1\ufe0f Designed and manufactured in France<\/span><\/p>\n<p style=\"text-align: left;\"><span style=\"color: #ffffff;\">\u27a1\ufe0f Adapted to heavy and viscous fluids<\/span><\/p>\n<\/div>\n<\/div>\n<\/div>\n<div class=\"mt col-sm-6 col-xs-12\">\n<div class=\"mt2\">\n<figure>\n<figure><img loading=\"lazy\" decoding=\"async\" class=\"alignnone wp-image-5832\" src=\"https:\/\/weplex-heatexchanger.com\/wp-content\/uploads\/2020\/01\/weplex-2020-2-300x238.png\" alt=\"WELDED PLATES HEAT EXCHANGER\" width=\"500\" height=\"396\" srcset=\"https:\/\/weplex-heatexchanger.com\/wp-content\/uploads\/2020\/01\/weplex-2020-2-300x238.png 300w, https:\/\/weplex-heatexchanger.com\/wp-content\/uploads\/2020\/01\/weplex-2020-2.png 700w\" sizes=\"auto, (max-width: 500px) 100vw, 500px\" \/><\/figure>\n<\/figure>\n<\/div>\n<\/div>\n<\/div>\n\n\n\n<div style=\"height:100px\" aria-hidden=\"true\" class=\"wp-block-spacer\"><\/div>\n\n\n\n<h3 class=\"has-text-align-center wp-block-heading\"><span style=\"color:#424143\" class=\"tadv-color\">APPLICATION<\/span> SECTORS<\/h3>\n\n\n\n<p class=\"has-text-align-left homepad\">Our large channels Weplex heat exchanger is perfectly adapted to all industrial applications.  This equipment is entirely manufactured in France and offers a new thermic solution compared to classical thermic exchangers.<\/p>\n\n\n\n<p class=\"has-text-align-left homepad\">This new equipment can be adapted to all industrial needs such as sugar industries, paper industries, food and drink industries, pharmaceutical industries, water treatment plants, etc. <\/p>\n\n\n\n<p class=\"has-text-align-left homepad\">Our Weplex\u00ae welded plates heat exchangers are used all over the world.<br><\/p>\n\n\n\n<div style=\"height:40px\" aria-hidden=\"true\" class=\"wp-block-spacer\"><\/div>\n\n\n\n<div class=\"application\">\n\n<a href=\"https:\/\/weplex-heatexchanger.com\/en\/fields-of-application\/sugar-factory\/\">\n<div class=\"app app1 col-sm-3 col-xs-6\">\n<div class=\"content\">\n<p>Sugar factory<\/p>\n<div class=\"domimage\"><img loading=\"lazy\" decoding=\"async\" class=\"wp-image-suc\" src=\"https:\/\/weplex-heatexchanger.com\/wp-content\/uploads\/2019\/01\/SUGARCANE-greyd.png\" alt=\"\" width=\"100\" height=\"100\"><\/div>\n<\/div>\n<\/div>\n<a\/>\n\n<a href=\"https:\/\/weplex-heatexchanger.com\/en\/fields-of-application\/food\/\">\n<div class=\"app app2 col-sm-3 col-xs-6\">\n<div class=\"content\">\n<p>Agrofood<\/p>\n<div class=\"domimage\"><img loading=\"lazy\" decoding=\"async\" class=\"wp-image-suc\" src=\"https:\/\/weplex-heatexchanger.com\/wp-content\/uploads\/2019\/02\/agroalimentaire.png\" alt=\"\" width=\"100\" height=\"100\"><\/div>\n<\/div>\n<\/div>\n<a\/>\n\n<a href=\"https:\/\/weplex-heatexchanger.com\/en\/fields-of-application\/metal-industry\/\">\n<div class=\"app app3 col-sm-3 col-xs-6\">\n<div class=\"content\">\n<p>Metal industry<\/p>\n<div class=\"domimage\"><img loading=\"lazy\" decoding=\"async\" class=\"wp-image-suc\" src=\"https:\/\/weplex-heatexchanger.com\/wp-content\/uploads\/2019\/02\/metal.png\" alt=\"\" width=\"100\" height=\"100\"><\/div>\n<\/div>\n<\/div>\n<a\/>\n\n<a href=\"https:\/\/weplex-heatexchanger.com\/en\/fields-of-application\/brewery\/\">\n<div class=\"app app4 col-sm-3 col-xs-6\">\n<div class=\"content\">\n<p>Brewery<\/p>\n<div class=\"domimage\"><img loading=\"lazy\" decoding=\"async\" class=\"wp-image-suc\" src=\"https:\/\/weplex-heatexchanger.com\/wp-content\/uploads\/2019\/02\/distillerie.png\" alt=\"\" width=\"100\" height=\"100\"><\/div>\n<\/div>\n<\/div>\n<a\/>\n\n<a href=\"https:\/\/weplex-heatexchanger.com\/en\/fields-of-application\/petrochemical\/\">\n<div class=\"app app5 col-sm-3 col-xs-6\">\n<div class=\"content\">\n<p>Petrochemical<\/p>\n<div class=\"domimage\"><img loading=\"lazy\" decoding=\"async\" class=\"wp-image-suc\" src=\"https:\/\/weplex-heatexchanger.com\/wp-content\/uploads\/2019\/02\/petrochimique.png\" alt=\"\" width=\"100\" height=\"100\"><\/div>\n<\/div>\n<\/div>\n<a\/>\n\n<a href=\"https:\/\/weplex-heatexchanger.com\/en\/fields-of-application\/industrial-laundry\/\">\n<div class=\"app app6 col-sm-3 col-xs-6\">\n<div class=\"content\">\n<p>Industrial laundry<\/p>\n<div class=\"domimage\"><img loading=\"lazy\" decoding=\"async\" class=\"wp-image-suc\" src=\"https:\/\/weplex-heatexchanger.com\/wp-content\/uploads\/2019\/02\/blanchisserie.png\" alt=\"\" width=\"100\" height=\"100\"><\/div>\n<\/div>\n<\/div>\n<a\/>\n\n<a href=\"https:\/\/weplex-heatexchanger.com\/en\/fields-of-application\/biotechnology\/\">\n<div class=\"app app7 col-sm-3 col-xs-6\">\n<div class=\"content\">\n<p>Biotechnology<\/p>\n<div class=\"domimage\"><img loading=\"lazy\" decoding=\"async\" class=\"wp-image-suc\" src=\"https:\/\/weplex-heatexchanger.com\/wp-content\/uploads\/2019\/02\/biotechnologie.png\" alt=\"\" width=\"100\" height=\"100\"><\/div>\n<\/div>\n<\/div>\n<a\/>\n\n<a href=\"https:\/\/weplex-heatexchanger.com\/en\/fields-of-application\/mining-exploitation\/\">\n<div class=\"app app8 col-sm-3 col-xs-6\">\n<div class=\"content\">\n<p>Mining exploitation<\/p>\n<div class=\"domimage\"><img loading=\"lazy\" decoding=\"async\" class=\"wp-image-suc\" src=\"https:\/\/weplex-heatexchanger.com\/wp-content\/uploads\/2019\/02\/mine.png\" alt=\"\" width=\"100\" height=\"100\"><\/div>\n<\/div>\n<\/div>\n<a\/>\n<\/div>\n\n\n\n<div class=\"grey-bg\"><div style=\"height:70px\" aria-hidden=\"true\" class=\"wp-block-spacer\"><\/div>\n\n\n\n<h3 class=\"has-text-align-center post wp-block-heading\"><span style=\"color:#424143\" class=\"tadv-color\">A RELIABLE HEAT EXCHANGER<\/span><\/h3>\n\n\n\n<p class=\"has-text-align-left homepad\"><span style=\"color:#313131\" class=\"tadv-color\">Labbe Process Equipment has largely innovated thanks to the use of laser welding which assures reliability and long lasting life for this type of heat exchanger.<\/span><\/p>\n\n\n<a class=\"maxbutton-3 maxbutton maxbutton-brochure-es\" href=\"\/en\/download-our-catalogue\/\"><span class='mb-text'>Download our catalogue<\/span><\/a>\n\n\n<div style=\"height:70px\" aria-hidden=\"true\" class=\"wp-block-spacer\"><\/div>\n<\/div>\n<div style=\"height:50px\" aria-hidden=\"true\" class=\"wp-block-spacer\"><\/div>\n\n\n\n<h3 class=\"has-text-color has-text-align-center wp-block-heading\" style=\"color:#c31a22\">Labbe Process Equipment, an expert industrial boiler maker since 1948<\/h3>\n\n\n\n<p class=\"homepad\">All our equipment is manufactured in our facilities of 10.000 m2 in Tournan-en-Brie, 40 kms from Paris, in France.  We propose a large range of materials of European origin, for example stainless steel (304L, 316L, 316TI, 321, UB6), duplex and other nickel alloys.<\/p>\n\n\n\n<p class=\"homepad\">Labbe Process Equipment has its own design and technical department in order to propose you our experience and the right solution for your particular project.<\/p>\n\n\n\n<p class=\"homepad\">Moreover, and in order to provide you with the best quality equipment and services, we manufacture according international standards like: DESP, AD Merkblatt, GOST-R, UDT, etc.<\/p>\n\n\n\n<p class=\"homepad\">Our engineers are always ready to help you find solutions to your contraints and to guide you along the installation of your heat exchanger and its maintenance.<\/p>\n\n\n","protected":false},"excerpt":{"rendered":"<p>Large channels Improved solidity Easy maintenance High performance A unique heat exchanger Weplex\u00ae, the welded plates heat exchanger has been developed and patented in order to propose a unique thermic exchanger in the market due to its high thermic performances.<\/p>\n","protected":false},"author":1,"featured_media":6172,"parent":0,"menu_order":0,"comment_status":"closed","ping_status":"closed","template":"page-templates\/page-builder.php","meta":{"footnotes":""},"class_list":["post-6170","page","type-page","status-publish","has-post-thumbnail","hentry"],"yoast_head":"<!-- This site is optimized with the Yoast SEO plugin v16.1.1 - https:\/\/yoast.com\/wordpress\/plugins\/seo\/ -->\n<title>Weplex, Stainless steel welded plates heat exchanger<\/title>\n<meta name=\"description\" content=\"The Weplex\u00ae welded plates heat exchanger has been developed and patented in order to propose a unique thermic exchanger due to its high thermic performances\" \/>\n<link rel=\"canonical\" href=\"https:\/\/weplex-heatexchanger.com\/en\/\" \/>\n<meta property=\"og:locale\" content=\"en_US\" \/>\n<meta property=\"og:type\" content=\"article\" \/>\n<meta property=\"og:title\" content=\"Weplex, Stainless steel welded plates heat exchanger\" \/>\n<meta property=\"og:description\" content=\"The Weplex\u00ae welded plates heat exchanger has been developed and patented in order to propose a unique thermic exchanger due to its high thermic performances\" \/>\n<meta property=\"og:url\" content=\"https:\/\/weplex-heatexchanger.com\/en\/\" \/>\n<meta property=\"og:site_name\" content=\"Weplex, l&#039;\u00e9changeur de chaleur \u00e0 plaques soud\u00e9es\" \/>\n<meta property=\"article:modified_time\" content=\"2020-02-28T09:39:19+00:00\" \/>\n<meta property=\"og:image\" content=\"https:\/\/weplex-heatexchanger.com\/wp-content\/uploads\/2020\/01\/weplex-2020-2.png\" \/>\n\t<meta property=\"og:image:width\" content=\"700\" \/>\n\t<meta property=\"og:image:height\" content=\"555\" \/>\n<meta name=\"twitter:card\" content=\"summary_large_image\" \/>\n<meta name=\"twitter:label1\" content=\"Est. reading time\">\n\t<meta name=\"twitter:data1\" content=\"3 minutes\">\n<script type=\"application\/ld+json\" class=\"yoast-schema-graph\">{\"@context\":\"https:\/\/schema.org\",\"@graph\":[{\"@type\":\"WebSite\",\"@id\":\"https:\/\/weplex-heatexchanger.com\/#website\",\"url\":\"https:\/\/weplex-heatexchanger.com\/\",\"name\":\"Weplex, l&#039;\\u00e9changeur de chaleur \\u00e0 plaques soud\\u00e9es\",\"description\":\"\",\"potentialAction\":[{\"@type\":\"SearchAction\",\"target\":\"https:\/\/weplex-heatexchanger.com\/?s={search_term_string}\",\"query-input\":\"required name=search_term_string\"}],\"inLanguage\":\"en-US\"},{\"@type\":\"ImageObject\",\"@id\":\"https:\/\/weplex-heatexchanger.com\/en\/#primaryimage\",\"inLanguage\":\"en-US\",\"url\":\"https:\/\/weplex-heatexchanger.com\/wp-content\/uploads\/2020\/01\/weplex-2020-2.png\",\"contentUrl\":\"https:\/\/weplex-heatexchanger.com\/wp-content\/uploads\/2020\/01\/weplex-2020-2.png\",\"width\":700,\"height\":555},{\"@type\":\"WebPage\",\"@id\":\"https:\/\/weplex-heatexchanger.com\/en\/#webpage\",\"url\":\"https:\/\/weplex-heatexchanger.com\/en\/\",\"name\":\"Weplex, Stainless steel welded plates heat exchanger\",\"isPartOf\":{\"@id\":\"https:\/\/weplex-heatexchanger.com\/#website\"},\"primaryImageOfPage\":{\"@id\":\"https:\/\/weplex-heatexchanger.com\/en\/#primaryimage\"},\"datePublished\":\"2019-01-08T13:58:31+00:00\",\"dateModified\":\"2020-02-28T09:39:19+00:00\",\"description\":\"The Weplex\\u00ae welded plates heat exchanger has been developed and patented in order to propose a unique thermic exchanger due to its high thermic performances\",\"breadcrumb\":{\"@id\":\"https:\/\/weplex-heatexchanger.com\/en\/#breadcrumb\"},\"inLanguage\":\"en-US\",\"potentialAction\":[{\"@type\":\"ReadAction\",\"target\":[\"https:\/\/weplex-heatexchanger.com\/en\/\"]}]},{\"@type\":\"BreadcrumbList\",\"@id\":\"https:\/\/weplex-heatexchanger.com\/en\/#breadcrumb\",\"itemListElement\":[{\"@type\":\"ListItem\",\"position\":1,\"item\":{\"@type\":\"WebPage\",\"@id\":\"https:\/\/weplex-heatexchanger.com\/en\/\",\"url\":\"https:\/\/weplex-heatexchanger.com\/en\/\",\"name\":\"Accueil\"}},{\"@type\":\"ListItem\",\"position\":2,\"item\":{\"@type\":\"WebPage\",\"@id\":\"https:\/\/weplex-heatexchanger.com\/en\/\",\"url\":\"https:\/\/weplex-heatexchanger.com\/en\/\",\"name\":\"Weplex, Stainless steel welded plates heat exchanger\"}}]}]}<\/script>\n<!-- \/ Yoast SEO plugin. -->","_links":{"self":[{"href":"https:\/\/weplex-heatexchanger.com\/en\/wp-json\/wp\/v2\/pages\/6170","targetHints":{"allow":["GET"]}}],"collection":[{"href":"https:\/\/weplex-heatexchanger.com\/en\/wp-json\/wp\/v2\/pages"}],"about":[{"href":"https:\/\/weplex-heatexchanger.com\/en\/wp-json\/wp\/v2\/types\/page"}],"author":[{"embeddable":true,"href":"https:\/\/weplex-heatexchanger.com\/en\/wp-json\/wp\/v2\/users\/1"}],"replies":[{"embeddable":true,"href":"https:\/\/weplex-heatexchanger.com\/en\/wp-json\/wp\/v2\/comments?post=6170"}],"version-history":[{"count":11,"href":"https:\/\/weplex-heatexchanger.com\/en\/wp-json\/wp\/v2\/pages\/6170\/revisions"}],"predecessor-version":[{"id":6686,"href":"https:\/\/weplex-heatexchanger.com\/en\/wp-json\/wp\/v2\/pages\/6170\/revisions\/6686"}],"wp:featuredmedia":[{"embeddable":true,"href":"https:\/\/weplex-heatexchanger.com\/en\/wp-json\/wp\/v2\/media\/6172"}],"wp:attachment":[{"href":"https:\/\/weplex-heatexchanger.com\/en\/wp-json\/wp\/v2\/media?parent=6170"}],"curies":[{"name":"wp","href":"https:\/\/api.w.org\/{rel}","templated":true}]}}