{"id":6207,"date":"2019-02-01T15:02:33","date_gmt":"2019-02-01T15:02:33","guid":{"rendered":"https:\/\/weplex-heatexchanger.com\/labbe-chaudronnerie-industrielle\/"},"modified":"2020-02-28T08:33:17","modified_gmt":"2020-02-28T08:33:17","slug":"labbe-process-equipment","status":"publish","type":"page","link":"https:\/\/weplex-heatexchanger.com\/en\/labbe-process-equipment\/","title":{"rendered":"Labbe Process Equipment"},"content":{"rendered":"\n\n\n\n\n<div class=\"ariane pad\">\n<a href=\"https:\/\/weplex-heatexchanger.com\/en\/\">Home<\/a> \u00bb Labbe Process Equipment\n<\/div>\n\n\n\n<div style=\"height:30px\" aria-hidden=\"true\" class=\"wp-block-spacer\"><\/div>\n\n\n\n<div class=\"labbe1\">\n<div class=\"septexte pad col-sm-8\">\n<h1 style=\"text-align:center\"><span style=\"color: #c31a22;\">LABBE: A MODERN INDUSTRIAL STAINLESS STEEL BOILER MAKER<\/span><\/h1>\n<section id=\"content-section-2\">\n<div class=\"gdlr-color-wrapper no-skin\">\n<div class=\"container\">\n<div class=\"gdlr-item gdlr-content-item\">\n<p>Boilermaker since 1948, Labbe Process Equipment is the specialist of design and manufacturing of process equipment made of <strong>stainless steel<\/strong> and <strong>nickel alloys<\/strong>. We manufacture equipment as: <\/p>\n<ul>\n<li>heat exchangers<\/li>\n<li>stainless steel vessels<\/li>\n<li>industrial reactors<\/li>\n<li>distillation columns<\/li>\n<li>all other boiler made equipment<\/li>\n<\/ul>\n<p>Moreover, Labbe Process Equipment works also with direct users like industrial sites which use stainless steel vessels and with engineering companies in charge of the design of complete industrial installations as a boilermaker subcontractor.<\/p>\n<\/div>\n<p>&nbsp;<\/p>\n<\/div>\n<\/div>\n<\/section>\n<\/div>\n\n<div class=\"col-sm-4 middle-img\">\n<figure class=\"wp-block-image is-resized\"><img loading=\"lazy\" decoding=\"async\" src=\"https:\/\/weplex-heatexchanger.com\/wp-content\/uploads\/2019\/02\/atelier-chaudronnerie2-compressor.jpg\" alt=\"labbe workshop\" class=\"wp-image-border\" width=\"1000\" height=\"671\"><\/figure><\/div>\n<\/div>\n\n\n\n<div style=\"height:10px\" aria-hidden=\"true\" class=\"wp-block-spacer clearfix\"><\/div>\n\n\n\n<div class=\"labbe2\">\n<div class=\"col-sm-4 middle-img\">\n<figure class=\"wp-block-image is-resized\"><img loading=\"lazy\" decoding=\"async\" class=\"wp-image-border\" src=\"https:\/\/weplex-heatexchanger.com\/wp-content\/uploads\/2019\/02\/Installation-compressor-1.jpg\" alt=\"\" width=\"1000\" height=\"671\"><\/figure>\n<\/div>\n<div class=\"col-sm-8 huitexte\">\n<h2 style=\"text-align: center;\"><span style=\"color: #c31a22;\">Key points<\/span><\/h2>\n<p>Labbe Process Equipment is equipped with a workshop of 10.000m\u00b2 for manufacturing and proposes:<\/p>\n<ul style=\"list-style-type: circle;\">\n<li>Stock of more than 1.000 plates of stainless steel and nickel alloys<\/li>\n<li>Cutting equipment : &nbsp;laser cut, &nbsp;plasma cut, &nbsp;HD plasma cut, &nbsp;water jet cut and sawing<\/li>\n<li>Numerical controlled machining equipment<\/li>\n<li>Dished head shaping and flanging machines<\/li>\n<li>Shell rolling machines<\/li>\n<li>Welding equipment : automatic (TIG, &nbsp;arc welding, orbital welding, plasma welding, automatic TIG) and manual welding (TIG, arc welding , semi-automatic MIG welding)<\/li>\n<li>Polishing, pickling and passivation areas<\/li>\n<li>Regulatory tests<\/li>\n<\/ul>\n<\/div>\n<\/div>\n\n\n\n<div style=\"height:20px\" aria-hidden=\"true\" class=\"wp-block-spacer clearfix\"><\/div>\n\n\n\n\n\n<div class=\"labbe1\">\n<div class=\"septexte col-sm-8\">\n<h2 style=\"text-align: center;\"><span style=\"color: #c31a22;\">Heat exchanger 100% made in France<\/span><\/h2>\n<p>The company Labbe has a long experience of more than 70 years in the design and manufacturing of heat exchangers!\u00a0 Thus <a href=\"https:\/\/www.labbe-france.fr\/en\/\"><strong>Labbe Process Equipment<\/strong><\/a> assures for each heat exchanger the whole process in its facilities based in Tournan, 40 kms far from Paris.\u00a0 Historically, the enterprise has been specialized in the design and manufacture of tubular exchangers.\u00a0 Afterwards, they have developed a model of welded plate heat exchanger very performant to allow heat transfer between viscous fluids or fluids very charged in particles.\u00a0 And so this new generation equipment of thermic exchange (<strong>Weplex\u00ae<\/strong>\u00a0for\u00a0<strong>WE<\/strong>lded\u00a0<strong>PL<\/strong>ates\u00a0<strong>Ex<\/strong>changer) has been the focus of a number of innovations and patent registers.\u00a0 Due to all this research, the company Labbe has perfected new heat exchange systems as:<\/p>\n<ul>\n<li><strong>Compalex\u00ae<\/strong>\u00a0: Removable heat exchange unit with plate bundles.<\/li>\n<li><strong>Ecofinex\u00ae<\/strong>\u00a0: Heat exchanger system based on the technology of finned tubes permitting the recovering of energy coming from smoke in order to reduce energy consumption.<\/li>\n<\/ul>\n<\/div>\n<div class=\"col-sm-4 middle-img\">\n<figure class=\"wp-block-image is-resized\"><img loading=\"lazy\" decoding=\"async\" class=\"padimage pwp-image-border\" src=\"https:\/\/weplex-heatexchanger.com\/wp-content\/uploads\/2020\/01\/weplex-2020-2.png\" alt=\"weplex \u00e9changeur de chaleur\" width=\"700\" height=\"499\" \/><\/figure>\n<\/div>\n<\/div>\n\n\n\n<div style=\"height:20px\" aria-hidden=\"true\" class=\"wp-block-spacer clearfix\"><\/div>\n\n\n<a class=\"maxbutton-3 maxbutton maxbutton-brochure-es\" href=\"\/en\/download-our-catalogue\/\"><span class='mb-text'>Download our catalogue<\/span><\/a>\n\n\n<div style=\"height:20px\" aria-hidden=\"true\" class=\"wp-block-spacer clearfix\"><\/div>\n\n\n\n<h2 class=\"has-text-align-center wp-block-heading\"><span style=\"color:#c31a22\" class=\"tadv-color\">Labbe export zones<\/span><\/h2>\n\n\n\n<style type=\"text\/css\" id=\"gmpMapStyles_1_38638\">\r\n\t#google_map_easy_1_38638 {\r\n        width: 100%;\r\n        height: 400px;\r\n\t\t\t\t\t\t    }\r\n\t#gmapControlsNum_1_38638 {\r\n\t\twidth:100%\t}\r\n\t.gmpMapDetailsContainer#gmpMapDetailsContainer_1_38638 {\r\n\t\theight:400px;\r\n\t}\r\n\t.gmp_MapPreview#google_map_easy_1_38638 {\r\n\t\t\/*position:absolute;*\/\r\n\t\twidth: 100%;\r\n\t}\r\n\t#mapConElem_1_38638{\r\n\t\twidth: 100%\t}\r\n    .gm-style .gm-style-iw-c{\r\n        padding: 12px!important;\r\n    }\r\n\t    <\/style> <div class=\"gmp_map_opts\" id=\"mapConElem_1_38638\" data-id=\"1\" data-view-id=\"1_38638\" > <div class=\"gmpMapDetailsContainer\" id=\"gmpMapDetailsContainer_1_38638\"> <i class=\"gmpKMLLayersPreloader fa fa-spinner fa-spin\" aria-hidden=\"true\" style=\"display: none;\"><\/i> <div class=\"gmp_MapPreview \" id=\"google_map_easy_1_38638\"><\/div> <\/div> <div class=\"gmpMapMarkerFilters\" id=\"gmpMapMarkerFilters_1_38638\"> <\/div> <div class=\"gmpMapProControlsCon\" id=\"gmpMapProControlsCon_1_38638\"> <\/div> <div class=\"gmpMapProDirectionsCon\" id=\"gmpMapProDirectionsCon_1_38638\" > <\/div> <div class=\"gmpMapProKmlFilterCon\" id=\"gmpMapProKmlFilterCon_1_38638\" > <\/div> <div class=\"gmpSocialSharingShell gmpSocialSharingShell_1_38638\"> <\/div> <div style=\"clear: both;\"><\/div> <\/div> \n\n\n\n<div style=\"height:50px\" aria-hidden=\"true\" class=\"wp-block-spacer clearfix\"><\/div>\n\n\n","protected":false},"excerpt":{"rendered":"<p>Home \u00bb Labbe Process Equipment LABBE: A MODERN INDUSTRIAL STAINLESS STEEL BOILER MAKER Boilermaker since 1948, Labbe Process Equipment is the specialist of design and manufacturing of process equipment made of stainless steel and nickel alloys. We manufacture equipment as:<\/p>\n","protected":false},"author":2,"featured_media":6208,"parent":0,"menu_order":0,"comment_status":"closed","ping_status":"closed","template":"","meta":{"footnotes":""},"class_list":["post-6207","page","type-page","status-publish","has-post-thumbnail","hentry"],"yoast_head":"<!-- This site is optimized with the Yoast SEO plugin v16.1.1 - https:\/\/yoast.com\/wordpress\/plugins\/seo\/ -->\n<title>Labbe Process Equipment - Echangeur de Chaleur Weplex<\/title>\n<meta name=\"description\" content=\"L&#039;\u00e9changeur de chaleur \u00e0 plaques soud\u00e9es Weplex est imagin\u00e9 et con\u00e7u sur demande par la chaudronnerie Labbe, forte d&#039;une exp\u00e9rience de plus de 70 ans.\" \/>\n<link rel=\"canonical\" href=\"https:\/\/weplex-heatexchanger.com\/en\/labbe-process-equipment\/\" \/>\n<meta property=\"og:locale\" content=\"en_US\" \/>\n<meta property=\"og:type\" content=\"article\" \/>\n<meta property=\"og:title\" content=\"Labbe Process Equipment - Echangeur de Chaleur Weplex\" \/>\n<meta property=\"og:description\" content=\"L&#039;\u00e9changeur de chaleur \u00e0 plaques soud\u00e9es Weplex est imagin\u00e9 et con\u00e7u sur demande par la chaudronnerie Labbe, forte d&#039;une exp\u00e9rience de plus de 70 ans.\" \/>\n<meta property=\"og:url\" content=\"https:\/\/weplex-heatexchanger.com\/en\/labbe-process-equipment\/\" \/>\n<meta property=\"og:site_name\" content=\"Weplex, l&#039;\u00e9changeur de chaleur \u00e0 plaques soud\u00e9es\" \/>\n<meta property=\"article:modified_time\" content=\"2020-02-28T08:33:17+00:00\" \/>\n<meta property=\"og:image\" content=\"https:\/\/weplex-heatexchanger.com\/wp-content\/uploads\/2019\/02\/atelier-chaudronnerie-compressor.jpg\" \/>\n\t<meta property=\"og:image:width\" content=\"1002\" \/>\n\t<meta property=\"og:image:height\" content=\"877\" \/>\n<meta name=\"twitter:card\" content=\"summary_large_image\" \/>\n<meta name=\"twitter:label1\" content=\"Est. reading time\">\n\t<meta name=\"twitter:data1\" content=\"2 minutes\">\n<script type=\"application\/ld+json\" class=\"yoast-schema-graph\">{\"@context\":\"https:\/\/schema.org\",\"@graph\":[{\"@type\":\"WebSite\",\"@id\":\"https:\/\/weplex-heatexchanger.com\/#website\",\"url\":\"https:\/\/weplex-heatexchanger.com\/\",\"name\":\"Weplex, l&#039;\\u00e9changeur de chaleur \\u00e0 plaques soud\\u00e9es\",\"description\":\"\",\"potentialAction\":[{\"@type\":\"SearchAction\",\"target\":\"https:\/\/weplex-heatexchanger.com\/?s={search_term_string}\",\"query-input\":\"required name=search_term_string\"}],\"inLanguage\":\"en-US\"},{\"@type\":\"ImageObject\",\"@id\":\"https:\/\/weplex-heatexchanger.com\/en\/labbe-process-equipment\/#primaryimage\",\"inLanguage\":\"en-US\",\"url\":\"https:\/\/weplex-heatexchanger.com\/wp-content\/uploads\/2019\/02\/atelier-chaudronnerie-compressor.jpg\",\"contentUrl\":\"https:\/\/weplex-heatexchanger.com\/wp-content\/uploads\/2019\/02\/atelier-chaudronnerie-compressor.jpg\",\"width\":1002,\"height\":877},{\"@type\":\"WebPage\",\"@id\":\"https:\/\/weplex-heatexchanger.com\/en\/labbe-process-equipment\/#webpage\",\"url\":\"https:\/\/weplex-heatexchanger.com\/en\/labbe-process-equipment\/\",\"name\":\"Labbe Process Equipment - Echangeur de Chaleur Weplex\",\"isPartOf\":{\"@id\":\"https:\/\/weplex-heatexchanger.com\/#website\"},\"primaryImageOfPage\":{\"@id\":\"https:\/\/weplex-heatexchanger.com\/en\/labbe-process-equipment\/#primaryimage\"},\"datePublished\":\"2019-02-01T15:02:33+00:00\",\"dateModified\":\"2020-02-28T08:33:17+00:00\",\"description\":\"L'\\u00e9changeur de chaleur \\u00e0 plaques soud\\u00e9es Weplex est imagin\\u00e9 et con\\u00e7u sur demande par la chaudronnerie Labbe, forte d'une exp\\u00e9rience de plus de 70 ans.\",\"breadcrumb\":{\"@id\":\"https:\/\/weplex-heatexchanger.com\/en\/labbe-process-equipment\/#breadcrumb\"},\"inLanguage\":\"en-US\",\"potentialAction\":[{\"@type\":\"ReadAction\",\"target\":[\"https:\/\/weplex-heatexchanger.com\/en\/labbe-process-equipment\/\"]}]},{\"@type\":\"BreadcrumbList\",\"@id\":\"https:\/\/weplex-heatexchanger.com\/en\/labbe-process-equipment\/#breadcrumb\",\"itemListElement\":[{\"@type\":\"ListItem\",\"position\":1,\"item\":{\"@type\":\"WebPage\",\"@id\":\"https:\/\/weplex-heatexchanger.com\/en\/\",\"url\":\"https:\/\/weplex-heatexchanger.com\/en\/\",\"name\":\"Accueil\"}},{\"@type\":\"ListItem\",\"position\":2,\"item\":{\"@type\":\"WebPage\",\"@id\":\"https:\/\/weplex-heatexchanger.com\/en\/labbe-process-equipment\/\",\"url\":\"https:\/\/weplex-heatexchanger.com\/en\/labbe-process-equipment\/\",\"name\":\"Labbe Process Equipment\"}}]}]}<\/script>\n<!-- \/ Yoast SEO plugin. -->","_links":{"self":[{"href":"https:\/\/weplex-heatexchanger.com\/en\/wp-json\/wp\/v2\/pages\/6207","targetHints":{"allow":["GET"]}}],"collection":[{"href":"https:\/\/weplex-heatexchanger.com\/en\/wp-json\/wp\/v2\/pages"}],"about":[{"href":"https:\/\/weplex-heatexchanger.com\/en\/wp-json\/wp\/v2\/types\/page"}],"author":[{"embeddable":true,"href":"https:\/\/weplex-heatexchanger.com\/en\/wp-json\/wp\/v2\/users\/2"}],"replies":[{"embeddable":true,"href":"https:\/\/weplex-heatexchanger.com\/en\/wp-json\/wp\/v2\/comments?post=6207"}],"version-history":[{"count":6,"href":"https:\/\/weplex-heatexchanger.com\/en\/wp-json\/wp\/v2\/pages\/6207\/revisions"}],"predecessor-version":[{"id":6679,"href":"https:\/\/weplex-heatexchanger.com\/en\/wp-json\/wp\/v2\/pages\/6207\/revisions\/6679"}],"wp:featuredmedia":[{"embeddable":true,"href":"https:\/\/weplex-heatexchanger.com\/en\/wp-json\/wp\/v2\/media\/6208"}],"wp:attachment":[{"href":"https:\/\/weplex-heatexchanger.com\/en\/wp-json\/wp\/v2\/media?parent=6207"}],"curies":[{"name":"wp","href":"https:\/\/api.w.org\/{rel}","templated":true}]}}