{"id":6212,"date":"2019-05-03T09:36:07","date_gmt":"2019-05-03T09:36:07","guid":{"rendered":"https:\/\/weplex-heatexchanger.com\/demande-de-brochure\/"},"modified":"2020-02-03T10:50:01","modified_gmt":"2020-02-03T10:50:01","slug":"download-our-catalogue","status":"publish","type":"page","link":"https:\/\/weplex-heatexchanger.com\/en\/download-our-catalogue\/","title":{"rendered":"Download our catalogue"},"content":{"rendered":"\n<div style=\"height:20px\" aria-hidden=\"true\" class=\"wp-block-spacer\"><\/div>\n\n\n\n<div class=\"wp-block-image\"><figure class=\"aligncenter\"><img loading=\"lazy\" decoding=\"async\" width=\"1000\" height=\"469\" src=\"https:\/\/weplex-heatexchanger.com\/wp-content\/uploads\/2019\/10\/profil-detour\u00e9-1000.png\" alt=\"\" class=\"wp-image-6226\" srcset=\"https:\/\/weplex-heatexchanger.com\/wp-content\/uploads\/2019\/10\/profil-detour\u00e9-1000.png 1000w, https:\/\/weplex-heatexchanger.com\/wp-content\/uploads\/2019\/10\/profil-detour\u00e9-1000-300x141.png 300w, https:\/\/weplex-heatexchanger.com\/wp-content\/uploads\/2019\/10\/profil-detour\u00e9-1000-768x360.png 768w\" sizes=\"auto, (max-width: 1000px) 100vw, 1000px\" \/><\/figure><\/div>\n\n\n\n\n\n<div class=\"ariane pad\">\n<a href=\"https:\/\/weplex-heatexchanger.com\/en\/\">Home<\/a> \u00bb Download our catalogue\n<\/div>\n\n\n\n<h1 class=\"has-text-align-center wp-block-heading\"><span style=\"color:#c31a22\" class=\"tadv-color\">Download our catalogue<\/span><\/h1>\n\n\n\n<p><\/p>\n\n\n\n<div role=\"form\" class=\"wpcf7\" id=\"wpcf7-f6215-o1\" lang=\"fr-FR\" dir=\"ltr\">\n<div class=\"screen-reader-response\"><p role=\"status\" aria-live=\"polite\" aria-atomic=\"true\"><\/p> <ul><\/ul><\/div>\n<form action=\"\/en\/wp-json\/wp\/v2\/pages\/6212#wpcf7-f6215-o1\" method=\"post\" class=\"wpcf7-form init\" novalidate=\"novalidate\" data-status=\"init\">\n<div style=\"display: none;\">\n<input type=\"hidden\" name=\"_wpcf7\" value=\"6215\" \/>\n<input type=\"hidden\" name=\"_wpcf7_version\" value=\"5.4\" \/>\n<input type=\"hidden\" name=\"_wpcf7_locale\" value=\"fr_FR\" \/>\n<input type=\"hidden\" name=\"_wpcf7_unit_tag\" value=\"wpcf7-f6215-o1\" \/>\n<input type=\"hidden\" name=\"_wpcf7_container_post\" value=\"0\" \/>\n<input type=\"hidden\" name=\"_wpcf7_posted_data_hash\" value=\"\" \/>\n<\/div>\n<p>Name of your company *<br \/>\n    <span class=\"wpcf7-form-control-wrap your-company\"><input type=\"text\" name=\"your-company\" value=\"\" size=\"40\" class=\"wpcf7-form-control wpcf7-text wpcf7-validates-as-required\" aria-required=\"true\" aria-invalid=\"false\" \/><\/span> <\/p>\n<p>First name *<br \/>\n    <span class=\"wpcf7-form-control-wrap your-lastname\"><input type=\"text\" name=\"your-lastname\" value=\"\" size=\"40\" class=\"wpcf7-form-control wpcf7-text wpcf7-validates-as-required\" aria-required=\"true\" aria-invalid=\"false\" \/><\/span> <\/p>\n<p>Last name *<br \/>\n    <span class=\"wpcf7-form-control-wrap your-name\"><input type=\"text\" name=\"your-name\" value=\"\" size=\"40\" class=\"wpcf7-form-control wpcf7-text wpcf7-validates-as-required\" aria-required=\"true\" aria-invalid=\"false\" \/><\/span> <\/p>\n<p>Your email *<br \/>\n    <span class=\"wpcf7-form-control-wrap your-email\"><input type=\"email\" name=\"your-email\" value=\"\" size=\"40\" class=\"wpcf7-form-control wpcf7-text wpcf7-email wpcf7-validates-as-required wpcf7-validates-as-email\" aria-required=\"true\" aria-invalid=\"false\" \/><\/span> <\/p>\n<p>Your phone number *<br \/>\n    <span class=\"wpcf7-form-control-wrap tel-611\"><input type=\"tel\" name=\"tel-611\" value=\"\" size=\"40\" class=\"wpcf7-form-control wpcf7-text wpcf7-tel wpcf7-validates-as-required wpcf7-validates-as-tel\" aria-required=\"true\" aria-invalid=\"false\" \/><\/span> <\/p>\n<p><div id=\"cf7sr-69dea002103b1\" class=\"cf7sr-g-recaptcha\" data-theme=\"light\" data-type=\"image\" data-size=\"normal\" data-sitekey=\"6LcHY8kUAAAAAFgf2bK4OGzQWnNkbs-cJURuWG-L\"><\/div><span class=\"wpcf7-form-control-wrap cf7sr-g-recaptcha-invalid\"><\/span><\/p>\n<p style=\"text-align:center;\"><input type=\"submit\" value=\"Download our catalogue\" class=\"wpcf7-form-control wpcf7-submit\" \/><\/p>\n<div class=\"wpcf7-response-output\" aria-hidden=\"true\"><\/div><\/form><\/div>\n\n\n","protected":false},"excerpt":{"rendered":"<p>Home \u00bb Download our catalogue Download our catalogue<\/p>\n","protected":false},"author":2,"featured_media":0,"parent":0,"menu_order":0,"comment_status":"closed","ping_status":"closed","template":"","meta":{"footnotes":""},"class_list":["post-6212","page","type-page","status-publish","hentry"],"yoast_head":"<!-- This site is optimized with the Yoast SEO plugin v16.1.1 - https:\/\/yoast.com\/wordpress\/plugins\/seo\/ -->\n<title>Brochure info - Weplex, l&#039;\u00e9changeur de chaleur \u00e0 plaques soud\u00e9es<\/title>\n<meta name=\"description\" content=\"Si vous souhaitez plus d&#039;information sur notre \u00e9changeur de chaleur \u00e0 plaques soud\u00e9es Weplex, veuillez t\u00e9l\u00e9charger notre brochure explicative.\" \/>\n<link rel=\"canonical\" href=\"https:\/\/weplex-heatexchanger.com\/en\/download-our-catalogue\/\" \/>\n<meta property=\"og:locale\" content=\"en_US\" \/>\n<meta property=\"og:type\" content=\"article\" \/>\n<meta property=\"og:title\" content=\"Brochure info - Weplex, l&#039;\u00e9changeur de chaleur \u00e0 plaques soud\u00e9es\" \/>\n<meta property=\"og:description\" content=\"Si vous souhaitez plus d&#039;information sur notre \u00e9changeur de chaleur \u00e0 plaques soud\u00e9es Weplex, veuillez t\u00e9l\u00e9charger notre brochure explicative.\" \/>\n<meta property=\"og:url\" content=\"https:\/\/weplex-heatexchanger.com\/en\/download-our-catalogue\/\" \/>\n<meta property=\"og:site_name\" content=\"Weplex, l&#039;\u00e9changeur de chaleur \u00e0 plaques soud\u00e9es\" \/>\n<meta property=\"article:modified_time\" content=\"2020-02-03T10:50:01+00:00\" \/>\n<meta property=\"og:image\" content=\"https:\/\/weplex-heatexchanger.com\/wp-content\/uploads\/2019\/10\/profil-detour\u00e9-1000.png\" \/>\n<meta name=\"twitter:card\" content=\"summary_large_image\" \/>\n<script type=\"application\/ld+json\" class=\"yoast-schema-graph\">{\"@context\":\"https:\/\/schema.org\",\"@graph\":[{\"@type\":\"WebSite\",\"@id\":\"https:\/\/weplex-heatexchanger.com\/#website\",\"url\":\"https:\/\/weplex-heatexchanger.com\/\",\"name\":\"Weplex, l&#039;\\u00e9changeur de chaleur \\u00e0 plaques soud\\u00e9es\",\"description\":\"\",\"potentialAction\":[{\"@type\":\"SearchAction\",\"target\":\"https:\/\/weplex-heatexchanger.com\/?s={search_term_string}\",\"query-input\":\"required name=search_term_string\"}],\"inLanguage\":\"en-US\"},{\"@type\":\"ImageObject\",\"@id\":\"https:\/\/weplex-heatexchanger.com\/en\/download-our-catalogue\/#primaryimage\",\"inLanguage\":\"en-US\",\"url\":\"https:\/\/weplex-heatexchanger.com\/wp-content\/uploads\/2019\/10\/profil-detour\\u00e9-1000.png\",\"contentUrl\":\"https:\/\/weplex-heatexchanger.com\/wp-content\/uploads\/2019\/10\/profil-detour\\u00e9-1000.png\",\"width\":1000,\"height\":469},{\"@type\":\"WebPage\",\"@id\":\"https:\/\/weplex-heatexchanger.com\/en\/download-our-catalogue\/#webpage\",\"url\":\"https:\/\/weplex-heatexchanger.com\/en\/download-our-catalogue\/\",\"name\":\"Brochure info - Weplex, l&#039;\\u00e9changeur de chaleur \\u00e0 plaques soud\\u00e9es\",\"isPartOf\":{\"@id\":\"https:\/\/weplex-heatexchanger.com\/#website\"},\"primaryImageOfPage\":{\"@id\":\"https:\/\/weplex-heatexchanger.com\/en\/download-our-catalogue\/#primaryimage\"},\"datePublished\":\"2019-05-03T09:36:07+00:00\",\"dateModified\":\"2020-02-03T10:50:01+00:00\",\"description\":\"Si vous souhaitez plus d'information sur notre \\u00e9changeur de chaleur \\u00e0 plaques soud\\u00e9es Weplex, veuillez t\\u00e9l\\u00e9charger notre brochure explicative.\",\"breadcrumb\":{\"@id\":\"https:\/\/weplex-heatexchanger.com\/en\/download-our-catalogue\/#breadcrumb\"},\"inLanguage\":\"en-US\",\"potentialAction\":[{\"@type\":\"ReadAction\",\"target\":[\"https:\/\/weplex-heatexchanger.com\/en\/download-our-catalogue\/\"]}]},{\"@type\":\"BreadcrumbList\",\"@id\":\"https:\/\/weplex-heatexchanger.com\/en\/download-our-catalogue\/#breadcrumb\",\"itemListElement\":[{\"@type\":\"ListItem\",\"position\":1,\"item\":{\"@type\":\"WebPage\",\"@id\":\"https:\/\/weplex-heatexchanger.com\/en\/\",\"url\":\"https:\/\/weplex-heatexchanger.com\/en\/\",\"name\":\"Accueil\"}},{\"@type\":\"ListItem\",\"position\":2,\"item\":{\"@type\":\"WebPage\",\"@id\":\"https:\/\/weplex-heatexchanger.com\/en\/download-our-catalogue\/\",\"url\":\"https:\/\/weplex-heatexchanger.com\/en\/download-our-catalogue\/\",\"name\":\"Download our catalogue\"}}]}]}<\/script>\n<!-- \/ Yoast SEO plugin. -->","_links":{"self":[{"href":"https:\/\/weplex-heatexchanger.com\/en\/wp-json\/wp\/v2\/pages\/6212","targetHints":{"allow":["GET"]}}],"collection":[{"href":"https:\/\/weplex-heatexchanger.com\/en\/wp-json\/wp\/v2\/pages"}],"about":[{"href":"https:\/\/weplex-heatexchanger.com\/en\/wp-json\/wp\/v2\/types\/page"}],"author":[{"embeddable":true,"href":"https:\/\/weplex-heatexchanger.com\/en\/wp-json\/wp\/v2\/users\/2"}],"replies":[{"embeddable":true,"href":"https:\/\/weplex-heatexchanger.com\/en\/wp-json\/wp\/v2\/comments?post=6212"}],"version-history":[{"count":3,"href":"https:\/\/weplex-heatexchanger.com\/en\/wp-json\/wp\/v2\/pages\/6212\/revisions"}],"predecessor-version":[{"id":6406,"href":"https:\/\/weplex-heatexchanger.com\/en\/wp-json\/wp\/v2\/pages\/6212\/revisions\/6406"}],"wp:attachment":[{"href":"https:\/\/weplex-heatexchanger.com\/en\/wp-json\/wp\/v2\/media?parent=6212"}],"curies":[{"name":"wp","href":"https:\/\/api.w.org\/{rel}","templated":true}]}}