{"id":6224,"date":"2019-01-09T13:36:24","date_gmt":"2019-01-09T13:36:24","guid":{"rendered":"https:\/\/weplex-heatexchanger.com\/weplex-presentation\/"},"modified":"2020-02-28T09:52:34","modified_gmt":"2020-02-28T09:52:34","slug":"weplex-presentation","status":"publish","type":"page","link":"https:\/\/weplex-heatexchanger.com\/en\/weplex-presentation\/","title":{"rendered":"Weplex Presentation"},"content":{"rendered":"\n\n\n\n\n<div class=\"ariane pad\">\n<a href=\"https:\/\/weplex-heatexchanger.com\/en\/\">Home<\/a> \u00bb Weplex presentation \n<\/div>\n<div style=\"height:30px\" aria-hidden=\"true\" class=\"wp-block-spacer\"><\/div>\n\n\n\n<h1 class=\"has-text-align-center pad wp-block-heading\"><span style=\"color:#c31a21\" class=\"tadv-color\">Weplex\u00ae \u2013Stainless Steel welded plates heat exchanger<\/span><\/h1>\n\n\n\n<div class=\"\">\n<div class=\"mt col-sm-6\">\n<div class=\"mt1\">\n<h2 style=\"text-align: center;\"><span style=\"color: #c31a22;\">Principle<\/span><\/h2>\n<p><strong>The Weplex\u00ae\u00a0heat exchanger <\/strong>is a high performance heat exchanger composed with laser welded plates which is suitable for difficult fluids such as fluids loaded with suspended matter or viscous fluids.<\/p>\n<p>Weplex is a <strong><em>heat exchanger of large channels<\/em><\/strong> <strong>registered as a patent<\/strong>.<\/p>\n<p style=\"text-align: center;\"><img loading=\"lazy\" decoding=\"async\" class=\"alignnone wp-image-5827 size-medium\" src=\"https:\/\/weplex-heatexchanger.com\/wp-content\/uploads\/2020\/01\/WEPLEX-larges-canaux-300x161.jpeg\" alt=\"WEPLEX larges canaux\" width=\"300\" height=\"161\" srcset=\"https:\/\/weplex-heatexchanger.com\/wp-content\/uploads\/2020\/01\/WEPLEX-larges-canaux-300x161.jpeg 300w, https:\/\/weplex-heatexchanger.com\/wp-content\/uploads\/2020\/01\/WEPLEX-larges-canaux.jpeg 500w\" sizes=\"auto, (max-width: 300px) 100vw, 300px\" \/><br \/>Larges channels<\/p>\n<p class=\"pad\" style=\"line-height: 18.0pt;\"><span lang=\"EN-US\" style=\"font-size: 13.0pt; font-family: Quicksand; color: #424143;\">We can propose you a large range of welded plate heat exchanger with a parallelepiped structure.<\/span><\/p>\n<\/div>\n<\/div>\n<div class=\"mt col-sm-6\">\n<div class=\"mt2\">\n<h2 style=\"text-align: center;\"><span style=\"color: #c31a22;\">Advantages<\/span><\/h2>\n<p class=\"pad\" style=\"line-height: 18.0pt;\"><span lang=\"EN-US\" style=\"font-size: 13.0pt; font-family: Quicksand; color: #424143;\">The <\/span><span lang=\"EN-US\" style=\"font-size: 13.0pt; font-family: Quicksand; color: #424143;\">Weplex<strong><span style=\"font-family: Quicksand;\">\u00ae<\/span><\/strong>\u00a0<span style=\"font-family: Quicksand;\">heat exchanger is the<\/span><strong><span style=\"font-family: Quicksand;\"> most solid heat exchanger of the market nowadays:<\/span><\/strong><\/span><\/p>\n<ul class=\"pad\">\n<li>compact design<\/li>\n<li>reliable<\/li>\n<li>removable 4 sides for easy maintenance and cleaning<\/li>\n<li>dimensioning of exchange surfaces according to the characteristics of fluids<\/li>\n<li>large channels adapted to viscous or difficult fluids charged in suspended substances<\/li>\n<li>control of fluids speed and thermic transfer coefficient (from 30 to 40% higher than those of a classic heat exchangers)<\/li>\n<\/ul>\n<p><strong>The thermic performances of the welded plates heat exchanger Weplex\u00ae<\/strong>\u00a0are perfectly adapted to viscous or <strong>difficult fluids <\/strong>charged in suspended substances<\/p>\n<\/div>\n<\/div>\n<\/div>\n\n\n\n<div style=\"height:30px\" aria-hidden=\"true\" class=\"wp-block-spacer clearfix\"><\/div>\n\n\n<a class=\"maxbutton-3 maxbutton maxbutton-brochure-es\" href=\"\/en\/download-our-catalogue\/\"><span class='mb-text'>Download our catalogue<\/span><\/a>\n\n\n<div style=\"height:30px\" aria-hidden=\"true\" class=\"wp-block-spacer\"><\/div>\n\n\n\n<div class=\"grey-bg\"> <div style=\"height:30px\" aria-hidden=\"true\" class=\"wp-block-spacer\"><\/div>\n\n\n\n<h2 class=\"has-text-align-center wp-block-heading\"><span style=\"color:#c31a21\" class=\"tadv-color\">Functioning of a Weplex heat exchanger<\/span><\/h2>\n\n\n\n<div style=\"height:5px\" aria-hidden=\"true\" class=\"wp-block-spacer clearfix\"><\/div>\n\n\n\n<figure class=\"center\"><img loading=\"lazy\" decoding=\"async\" src=\"https:\/\/weplex-heatexchanger.com\/wp-content\/uploads\/2020\/01\/Sch\u00e9ma-echangeur-de-chaleur.png\" alt=\"\" class=\"wp-image-4310\" width=\"603\" height=\"387\">\n<p style=\"text-align:center;\"><strong>General principle of the Weplex<\/strong><\/p><\/figure>\n\n\n\n<div style=\"height:30px\" aria-hidden=\"true\" class=\"wp-block-spacer\"><\/div>\n<\/div>\n<div style=\"height:30px\" aria-hidden=\"true\" class=\"wp-block-spacer\">\n\n\n\n<div style=\"height:50px\" aria-hidden=\"true\" class=\"wp-block-spacer\"><\/div>\n\n\n\n<div class=\"\">\n<div class=\"mt col-sm-6 col-xs-12\">\n<div class=\"mt1\">\n<h2 style=\"text-align: center;\"><span style=\"color: #c31a22;\">Differents types of Weplex\u00ae<\/span><\/h2>\n<p style=\"text-align: center;\">We manufacture the heat exchanger according to your needs. We design and manufacture heat exchangers <strong>with 1 to 1500m\u00b2 conductive surface.<\/strong><\/p>\n<p style=\"text-align: center;\">We can distinguish 3 versions of Weplex :<\/p>\n<p style=\"text-align: center;\">W0 : Completely welded<\/p>\n<p style=\"text-align: center;\">W1 : Visitable and easy cleaning through one side<\/p>\n<p style=\"text-align: center;\">W2 : Visitable and easy cleaning through two sides<\/p>\n<\/div>\n<\/div>\n<div class=\"mt col-sm-6 col-xs-12\">\n<div class=\"mt2\">\n<figure><img loading=\"lazy\" decoding=\"async\" class=\"wp-image-4310\" src=\"https:\/\/weplex-heatexchanger.com\/wp-content\/uploads\/2019\/10\/profil-detour\u00e9-1000.png\" alt=\"heat exchanger\" width=\"600\" height=\"357\" \/><\/figure>\n<\/div>\n<\/div>\n<\/div>\n\n\n\n<div class= \"clearfix\" style=\"height:70px\" aria-hidden=\"true\" class=\"wp-block-spacer\"><\/div>\n\n\n\n<h3 class=\"has-text-align-center pad wp-block-heading\"><span style=\"color:#c31a22\" class=\"tadv-color\">Weplex\u00ae technical data<\/span> <\/h3>\n\n\n\n<div class=\"technical\">\n<div class=\"pt col-sm-6\">\n<div class=\"pt1\">\n<h3 style=\"text-align: center;\"><span style=\"color: #c31a22;\">Running conditions<\/span><\/h3>\n<ul>\n<li>Monophasic or biphasic fluids (condensation and\/or evaporation)<\/li>\n<li>Maximum pressure\u00a0:\u00a0 40 bars (for more, you can contact us)<\/li>\n<li>Maximum temperature : \u00a0400\u00b0C<\/li>\n<li>Easy cleaning through two sides<\/li>\n<li>Visible inputs and outputs<\/li>\n<\/ul>\n<\/div>\n<\/div>\n<div class=\"pt col-sm-6\">\n<div class=\"pt2\">\n<h3 style=\"text-align: center;\"><span style=\"color: #c31a22;\">Materials<\/span><\/h3>\n<p style=\"line-height: 18.0pt; background: #EEEEEE;\"><span lang=\"EN-US\" style=\"font-size: 13.0pt; font-family: Quicksand; color: #424143;\">We manufacture Weplex<strong><span style=\"font-family: Quicksand;\">\u00ae<\/span><\/strong>\u00a0heat exchangers in different materials\u00a0:<\/span><\/p>\n<ul>\n<li><strong>Austenitic stainless steel (304L-316L\u2026)<\/strong><\/li>\n<li><strong>Duplex<\/strong> stainless steel\u00a0<\/li>\n<li><strong>Nickel alloys<\/strong>\u00a0(UB6, Hastelloy)<\/li>\n<\/ul>\n<\/div>\n<\/div>\n<\/div>\n\n\n\n<div style=\"height:25px\" aria-hidden=\"true\" class=\"wp-block-spacer clearfix\"><\/div>\n\n\n<a class=\"maxbutton-3 maxbutton maxbutton-brochure-es\" href=\"\/en\/download-our-catalogue\/\"><span class='mb-text'>Download our catalogue<\/span><\/a>\n\n\n<div style=\"height:60px\" aria-hidden=\"true\" class=\"wp-block-spacer\"><\/div>\n\n\n\n<h2 class=\"has-text-align-center wp-block-heading\"><span style=\"color:#c31a22\" class=\"tadv-color\">Application fields of Weplex heat exchangers<\/span><\/h2>\n\n\n\n<div class=\"application\">\n\n<a href=\"https:\/\/weplex-heatexchanger.com\/en\/fields-of-application\/sugar-factory\/\">\n<div class=\"app app1 col-sm-3 col-xs-6\">\n<div class=\"content\">\n<p>Sugar factory<\/p>\n<div class=\"domimage\"><img loading=\"lazy\" decoding=\"async\" class=\"wp-image-suc\" src=\"https:\/\/weplex-heatexchanger.com\/wp-content\/uploads\/2019\/01\/SUGARCANE-greyd.png\" alt=\"\" width=\"100\" height=\"100\"><\/div>\n<\/div>\n<\/div>\n<a\/>\n\n<a href=\"https:\/\/weplex-heatexchanger.com\/en\/fields-of-application\/food\/\">\n<div class=\"app app2 col-sm-3 col-xs-6\">\n<div class=\"content\">\n<p>Agrofood<\/p>\n<div class=\"domimage\"><img loading=\"lazy\" decoding=\"async\" class=\"wp-image-suc\" src=\"https:\/\/weplex-heatexchanger.com\/wp-content\/uploads\/2019\/02\/agroalimentaire.png\" alt=\"\" width=\"100\" height=\"100\"><\/div>\n<\/div>\n<\/div>\n<a\/>\n\n<a href=\"https:\/\/weplex-heatexchanger.com\/en\/fields-of-application\/metal-industry\/\">\n<div class=\"app app3 col-sm-3 col-xs-6\">\n<div class=\"content\">\n<p>Metal industry<\/p>\n<div class=\"domimage\"><img loading=\"lazy\" decoding=\"async\" class=\"wp-image-suc\" src=\"https:\/\/weplex-heatexchanger.com\/wp-content\/uploads\/2019\/02\/metal.png\" alt=\"\" width=\"100\" height=\"100\"><\/div>\n<\/div>\n<\/div>\n<a\/>\n\n<a href=\"https:\/\/weplex-heatexchanger.com\/en\/fields-of-application\/brewery\/\">\n<div class=\"app app4 col-sm-3 col-xs-6\">\n<div class=\"content\">\n<p>Brewery<\/p>\n<div class=\"domimage\"><img loading=\"lazy\" decoding=\"async\" class=\"wp-image-suc\" src=\"https:\/\/weplex-heatexchanger.com\/wp-content\/uploads\/2019\/02\/distillerie.png\" alt=\"\" width=\"100\" height=\"100\"><\/div>\n<\/div>\n<\/div>\n<a\/>\n\n<a href=\"https:\/\/weplex-heatexchanger.com\/en\/fields-of-application\/petrochemical\/\">\n<div class=\"app app5 col-sm-3 col-xs-6\">\n<div class=\"content\">\n<p>Petrochemical<\/p>\n<div class=\"domimage\"><img loading=\"lazy\" decoding=\"async\" class=\"wp-image-suc\" src=\"https:\/\/weplex-heatexchanger.com\/wp-content\/uploads\/2019\/02\/petrochimique.png\" alt=\"\" width=\"100\" height=\"100\"><\/div>\n<\/div>\n<\/div>\n<a\/>\n\n<a href=\"https:\/\/weplex-heatexchanger.com\/en\/fields-of-application\/industrial-laundry\/\">\n<div class=\"app app6 col-sm-3 col-xs-6\">\n<div class=\"content\">\n<p>Industrial laundry<\/p>\n<div class=\"domimage\"><img loading=\"lazy\" decoding=\"async\" class=\"wp-image-suc\" src=\"https:\/\/weplex-heatexchanger.com\/wp-content\/uploads\/2019\/02\/blanchisserie.png\" alt=\"\" width=\"100\" height=\"100\"><\/div>\n<\/div>\n<\/div>\n<a\/>\n\n<a href=\"https:\/\/weplex-heatexchanger.com\/en\/fields-of-application\/biotechnology\/\">\n<div class=\"app app7 col-sm-3 col-xs-6\">\n<div class=\"content\">\n<p>Biotechnology<\/p>\n<div class=\"domimage\"><img loading=\"lazy\" decoding=\"async\" class=\"wp-image-suc\" src=\"https:\/\/weplex-heatexchanger.com\/wp-content\/uploads\/2019\/02\/biotechnologie.png\" alt=\"\" width=\"100\" height=\"100\"><\/div>\n<\/div>\n<\/div>\n<a\/>\n\n<a href=\"https:\/\/weplex-heatexchanger.com\/en\/fields-of-application\/mining-exploitation\/\">\n<div class=\"app app8 col-sm-3 col-xs-6\">\n<div class=\"content\">\n<p>Mining exploitation<\/p>\n<div class=\"domimage\"><img loading=\"lazy\" decoding=\"async\" class=\"wp-image-suc\" src=\"https:\/\/weplex-heatexchanger.com\/wp-content\/uploads\/2019\/02\/mine.png\" alt=\"\" width=\"100\" height=\"100\"><\/div>\n<\/div>\n<\/div>\n<a\/>\n<\/div>\n\n\n\n<p><div style=\"height:20px\" aria-hidden=\"true\" class=\"wp-block-spacer clearfix\"><\/div><\/p>\n","protected":false},"excerpt":{"rendered":"<p>Home \u00bb Weplex presentation Weplex\u00ae \u2013Stainless Steel welded plates heat exchanger Principle The Weplex\u00ae\u00a0heat exchanger is a high performance heat exchanger composed with laser welded plates which is suitable for difficult fluids such as fluids loaded with suspended matter or<\/p>\n","protected":false},"author":1,"featured_media":6226,"parent":0,"menu_order":0,"comment_status":"closed","ping_status":"closed","template":"","meta":{"footnotes":""},"class_list":["post-6224","page","type-page","status-publish","has-post-thumbnail","hentry"],"yoast_head":"<!-- This site is optimized with the Yoast SEO plugin v16.1.1 - https:\/\/yoast.com\/wordpress\/plugins\/seo\/ -->\n<title>Weplex Presentation - Welded plates heat exchanger<\/title>\n<meta name=\"description\" content=\"The Weplex\u00ae heat exchanger is a high performance heat exchanger composed with laser welded plates which is specially adapted to viscous fluids\" \/>\n<link rel=\"canonical\" href=\"https:\/\/weplex-heatexchanger.com\/en\/weplex-presentation\/\" \/>\n<meta property=\"og:locale\" content=\"en_US\" \/>\n<meta property=\"og:type\" content=\"article\" \/>\n<meta property=\"og:title\" content=\"Weplex Presentation - Welded plates heat exchanger\" \/>\n<meta property=\"og:description\" content=\"The Weplex\u00ae heat exchanger is a high performance heat exchanger composed with laser welded plates which is specially adapted to viscous fluids\" \/>\n<meta property=\"og:url\" content=\"https:\/\/weplex-heatexchanger.com\/en\/weplex-presentation\/\" \/>\n<meta property=\"og:site_name\" content=\"Weplex, l&#039;\u00e9changeur de chaleur \u00e0 plaques soud\u00e9es\" \/>\n<meta property=\"article:modified_time\" content=\"2020-02-28T09:52:34+00:00\" \/>\n<meta property=\"og:image\" content=\"https:\/\/weplex-heatexchanger.com\/wp-content\/uploads\/2019\/10\/profil-detour\u00e9-1000.png\" \/>\n\t<meta property=\"og:image:width\" content=\"1000\" \/>\n\t<meta property=\"og:image:height\" content=\"469\" \/>\n<meta name=\"twitter:card\" content=\"summary_large_image\" \/>\n<meta name=\"twitter:label1\" content=\"Est. reading time\">\n\t<meta name=\"twitter:data1\" content=\"1 minute\">\n<script type=\"application\/ld+json\" class=\"yoast-schema-graph\">{\"@context\":\"https:\/\/schema.org\",\"@graph\":[{\"@type\":\"WebSite\",\"@id\":\"https:\/\/weplex-heatexchanger.com\/#website\",\"url\":\"https:\/\/weplex-heatexchanger.com\/\",\"name\":\"Weplex, l&#039;\\u00e9changeur de chaleur \\u00e0 plaques soud\\u00e9es\",\"description\":\"\",\"potentialAction\":[{\"@type\":\"SearchAction\",\"target\":\"https:\/\/weplex-heatexchanger.com\/?s={search_term_string}\",\"query-input\":\"required name=search_term_string\"}],\"inLanguage\":\"en-US\"},{\"@type\":\"ImageObject\",\"@id\":\"https:\/\/weplex-heatexchanger.com\/en\/weplex-presentation\/#primaryimage\",\"inLanguage\":\"en-US\",\"url\":\"https:\/\/weplex-heatexchanger.com\/wp-content\/uploads\/2019\/10\/profil-detour\\u00e9-1000.png\",\"contentUrl\":\"https:\/\/weplex-heatexchanger.com\/wp-content\/uploads\/2019\/10\/profil-detour\\u00e9-1000.png\",\"width\":1000,\"height\":469},{\"@type\":\"WebPage\",\"@id\":\"https:\/\/weplex-heatexchanger.com\/en\/weplex-presentation\/#webpage\",\"url\":\"https:\/\/weplex-heatexchanger.com\/en\/weplex-presentation\/\",\"name\":\"Weplex Presentation - Welded plates heat exchanger\",\"isPartOf\":{\"@id\":\"https:\/\/weplex-heatexchanger.com\/#website\"},\"primaryImageOfPage\":{\"@id\":\"https:\/\/weplex-heatexchanger.com\/en\/weplex-presentation\/#primaryimage\"},\"datePublished\":\"2019-01-09T13:36:24+00:00\",\"dateModified\":\"2020-02-28T09:52:34+00:00\",\"description\":\"The Weplex\\u00ae heat exchanger is a high performance heat exchanger composed with laser welded plates which is specially adapted to viscous fluids\",\"breadcrumb\":{\"@id\":\"https:\/\/weplex-heatexchanger.com\/en\/weplex-presentation\/#breadcrumb\"},\"inLanguage\":\"en-US\",\"potentialAction\":[{\"@type\":\"ReadAction\",\"target\":[\"https:\/\/weplex-heatexchanger.com\/en\/weplex-presentation\/\"]}]},{\"@type\":\"BreadcrumbList\",\"@id\":\"https:\/\/weplex-heatexchanger.com\/en\/weplex-presentation\/#breadcrumb\",\"itemListElement\":[{\"@type\":\"ListItem\",\"position\":1,\"item\":{\"@type\":\"WebPage\",\"@id\":\"https:\/\/weplex-heatexchanger.com\/en\/\",\"url\":\"https:\/\/weplex-heatexchanger.com\/en\/\",\"name\":\"Accueil\"}},{\"@type\":\"ListItem\",\"position\":2,\"item\":{\"@type\":\"WebPage\",\"@id\":\"https:\/\/weplex-heatexchanger.com\/en\/weplex-presentation\/\",\"url\":\"https:\/\/weplex-heatexchanger.com\/en\/weplex-presentation\/\",\"name\":\"Weplex Presentation\"}}]}]}<\/script>\n<!-- \/ Yoast SEO plugin. -->","_links":{"self":[{"href":"https:\/\/weplex-heatexchanger.com\/en\/wp-json\/wp\/v2\/pages\/6224","targetHints":{"allow":["GET"]}}],"collection":[{"href":"https:\/\/weplex-heatexchanger.com\/en\/wp-json\/wp\/v2\/pages"}],"about":[{"href":"https:\/\/weplex-heatexchanger.com\/en\/wp-json\/wp\/v2\/types\/page"}],"author":[{"embeddable":true,"href":"https:\/\/weplex-heatexchanger.com\/en\/wp-json\/wp\/v2\/users\/1"}],"replies":[{"embeddable":true,"href":"https:\/\/weplex-heatexchanger.com\/en\/wp-json\/wp\/v2\/comments?post=6224"}],"version-history":[{"count":8,"href":"https:\/\/weplex-heatexchanger.com\/en\/wp-json\/wp\/v2\/pages\/6224\/revisions"}],"predecessor-version":[{"id":6689,"href":"https:\/\/weplex-heatexchanger.com\/en\/wp-json\/wp\/v2\/pages\/6224\/revisions\/6689"}],"wp:featuredmedia":[{"embeddable":true,"href":"https:\/\/weplex-heatexchanger.com\/en\/wp-json\/wp\/v2\/media\/6226"}],"wp:attachment":[{"href":"https:\/\/weplex-heatexchanger.com\/en\/wp-json\/wp\/v2\/media?parent=6224"}],"curies":[{"name":"wp","href":"https:\/\/api.w.org\/{rel}","templated":true}]}}