{"id":6259,"date":"2019-01-14T12:13:57","date_gmt":"2019-01-14T12:13:57","guid":{"rendered":"https:\/\/weplex-heatexchanger.com\/domaines-dapplication\/"},"modified":"2020-02-04T15:55:31","modified_gmt":"2020-02-04T15:55:31","slug":"fields-of-application","status":"publish","type":"page","link":"https:\/\/weplex-heatexchanger.com\/en\/fields-of-application\/","title":{"rendered":"Fields of application"},"content":{"rendered":"\n\n\n\n\n<div class=\"ariane pad\">\n<a href=\"https:\/\/weplex-heatexchanger.com\/en\/\">Home<\/a> \u00bb Fields of application\n<\/div>\n\n\n\n<div style=\"height:40px\" aria-hidden=\"true\" class=\"wp-block-spacer\"><\/div>\n\n\n\n<div class=\"entet\">\n\n<a href=\"https:\/\/weplex-heatexchanger.com\/en\/fields-of-application\/sugar-factory\/\"><div class=\"im1 col-sm-1 col-xs-3\">\n<img loading=\"lazy\" decoding=\"async\" class=\"wp-image-sucre\" src=\"https:\/\/weplex-heatexchanger.com\/wp-content\/uploads\/2019\/01\/SUGARCANE-greyd.png\" alt=\"\" width=\"100\" height=\"101\"><\/div>\n<a\/>\n\n<a href=\"https:\/\/weplex-heatexchanger.com\/en\/fields-of-application\/food\/\"><div class=\"im1 col-sm-1 col-xs-3\">\n<img loading=\"lazy\" decoding=\"async\" class=\"wp-image-sucre\" src=\"https:\/\/weplex-heatexchanger.com\/wp-content\/uploads\/2019\/02\/agroalimentaire.png\" alt=\"\" width=\"100\" height=\"100\"><\/div>\n<a\/>\n\n<a href=\"https:\/\/weplex-heatexchanger.com\/en\/fields-of-application\/metal-industry\/\"><div class=\"im1 col-sm-1 col-xs-3\">\n<img loading=\"lazy\" decoding=\"async\" class=\"wp-image-sucre\" src=\"https:\/\/weplex-heatexchanger.com\/wp-content\/uploads\/2019\/02\/metal.png\" alt=\"\" width=\"100\" height=\"100\"><\/div>\n<a\/>\n\n<a href=\"https:\/\/weplex-heatexchanger.com\/en\/fields-of-application\/brewery\/\"><div class=\"im1 col-sm-1 col-xs-3\">\n<img loading=\"lazy\" decoding=\"async\" class=\"wp-image-sucre\" src=\"https:\/\/weplex-heatexchanger.com\/wp-content\/uploads\/2019\/02\/distillerie.png\" alt=\"\" width=\"100\" height=\"100\"><\/div>\n<a\/>\n\n<a href=\"https:\/\/weplex-heatexchanger.com\/en\/fields-of-application\/petrochemical\/\"><div class=\"im1 col-sm-1 col-xs-3\">\n<img loading=\"lazy\" decoding=\"async\" class=\"wp-image-sucre\" src=\"https:\/\/weplex-heatexchanger.com\/wp-content\/uploads\/2019\/02\/petrochimique.png\" alt=\"\" width=\"100\" height=\"100\"><\/div>\n<a\/>\n\n<a href=\"https:\/\/weplex-heatexchanger.com\/en\/fields-of-application\/industrial-laundry\/\"><div class=\"im1 col-sm-1 col-xs-3\">\n<img loading=\"lazy\" decoding=\"async\" class=\"wp-image-sucre\" src=\"https:\/\/weplex-heatexchanger.com\/wp-content\/uploads\/2019\/02\/blanchisserie.png\" alt=\"\" width=\"100\" height=\"100\"><\/div>\n<a\/>\n\n<a href=\"https:\/\/weplex-heatexchanger.com\/en\/fields-of-application\/biotechnology\/\"><div class=\"im1 col-sm-1 col-xs-3\">\n<img loading=\"lazy\" decoding=\"async\" class=\"wp-image-sucre\" src=\"https:\/\/weplex-heatexchanger.com\/wp-content\/uploads\/2019\/02\/biotechnologie.png\" alt=\"\" width=\"100\" height=\"100\"><\/div>\n<a\/>\n\n<a href=\"https:\/\/weplex-heatexchanger.com\/en\/fields-of-application\/mining-exploitation\/\"><div class=\"im1 col-sm-1 col-xs-3\">\n<img loading=\"lazy\" decoding=\"async\" class=\"wp-image-sucre\" src=\"https:\/\/weplex-heatexchanger.com\/wp-content\/uploads\/2019\/02\/mine.png\" alt=\"\" width=\"100\" height=\"100\"><\/div>\n<a\/>\n\n<a href=\"https:\/\/weplex-heatexchanger.com\/en\/fields-of-application\/water-processing\/\"><div class=\"im1 col-sm-1 col-xs-3\">\n<img loading=\"lazy\" decoding=\"async\" class=\"wp-image-sucre\" src=\"https:\/\/weplex-heatexchanger.com\/wp-content\/uploads\/2019\/02\/traitement-eau.png\" alt=\"\" width=\"100\" height=\"100\"><\/div>\n<a\/>\n\n<a href=\"https:\/\/weplex-heatexchanger.com\/en\/fields-of-application\/chemical-industry\/\"><div class=\"im1 col-sm-1 col-xs-3\">\n<img loading=\"lazy\" decoding=\"async\" class=\"wp-image-sucre\" src=\"https:\/\/weplex-heatexchanger.com\/wp-content\/uploads\/2019\/01\/CHIMIE-GREYD.png\" alt=\"\" width=\"100\" height=\"100\"><\/div>\n<a\/>\n\n<a href=\"https:\/\/weplex-heatexchanger.com\/en\/fields-of-application\/paper-mill\/\"><div class=\"im1 col-sm-1 col-xs-3\">\n<img loading=\"lazy\" decoding=\"async\" class=\"wp-image-sucre\" src=\"https:\/\/weplex-heatexchanger.com\/wp-content\/uploads\/2019\/02\/papeterie.png\" alt=\"\" width=\"100\" height=\"100\"><\/div>\n<\/a>\n\n<a href=\"https:\/\/weplex-heatexchanger.com\/en\/fields-of-application\/pharmaceutical\/\"><div class=\"im1 col-sm-1 col-xs-3\">\n<img loading=\"lazy\" decoding=\"async\" class=\"wp-image-sucre\" src=\"https:\/\/weplex-heatexchanger.com\/wp-content\/uploads\/2019\/01\/PHARMA-GREYD.png\" alt=\"\" width=\"100\" height=\"100\"><\/div>\n<\/a\/\n\n\n<\/div>\n\n\n\n<div style=\"height:30px\" aria-hidden=\"true\" class=\"wp-block-spacer clearfix\"><\/div>\n\n\n\n<h1 class=\"has-text-align-center pad wp-block-heading\"><span style=\"color:#c31a22\" class=\"tadv-color\">Fields of application for the Weplex heat exchanger<\/span><\/h1>\n\n\n\n<div class=\"censma\"><p style=\"font-size:18px;text-align:center\" class=\"pad\">The enterprise Labbe has a long experience of more than 70 years in the conception and manufacturing of heat exchangers, experience that allow us adapt our proposition to each sector of activity.<\/p>\n<p style=\"font-size:18px;text-align:center\" class=\"pad\">Thus, the welded plates heat exchangers are basically used in the following activity sectors:<\/p><\/div>\n\n\n\n<div style=\"height:50px\" aria-hidden=\"true\" class=\"wp-block-spacer\"><\/div>\n\n\n\n<div class=\"application\">\n\n<a href=\"https:\/\/weplex-heatexchanger.com\/en\/fields-of-application\/sugar-factory\/\">\n<div class=\"app app1 col-sm-3 col-xs-6\">\n<div class=\"content\">\n<p>Sugar factory<\/p>\n<div class=\"domimage\"><img loading=\"lazy\" decoding=\"async\" class=\"wp-image-suc\" src=\"https:\/\/weplex-heatexchanger.com\/wp-content\/uploads\/2019\/01\/SUGARCANE-greyd.png\" alt=\"\" width=\"100\" height=\"100\"><\/div>\n<\/div>\n<\/div>\n<a\/>\n\n<a href=\"https:\/\/weplex-heatexchanger.com\/en\/fields-of-application\/food\/\">\n<div class=\"app app2 col-sm-3 col-xs-6\">\n<div class=\"content\">\n<p>Agrofood<\/p>\n<div class=\"domimage\"><img loading=\"lazy\" decoding=\"async\" class=\"wp-image-suc\" src=\"https:\/\/weplex-heatexchanger.com\/wp-content\/uploads\/2019\/02\/agroalimentaire.png\" alt=\"\" width=\"100\" height=\"100\"><\/div>\n<\/div>\n<\/div>\n<a\/>\n\n<a href=\"https:\/\/weplex-heatexchanger.com\/en\/fields-of-application\/metal-industry\/\">\n<div class=\"app app3 col-sm-3 col-xs-6\">\n<div class=\"content\">\n<p>Metal industry<\/p>\n<div class=\"domimage\"><img loading=\"lazy\" decoding=\"async\" class=\"wp-image-suc\" src=\"https:\/\/weplex-heatexchanger.com\/wp-content\/uploads\/2019\/02\/metal.png\" alt=\"\" width=\"100\" height=\"100\"><\/div>\n<\/div>\n<\/div>\n<a\/>\n\n<a href=\"https:\/\/weplex-heatexchanger.com\/en\/fields-of-application\/brewery\/\">\n<div class=\"app app4 col-sm-3 col-xs-6\">\n<div class=\"content\">\n<p>Brewery<\/p>\n<div class=\"domimage\"><img loading=\"lazy\" decoding=\"async\" class=\"wp-image-suc\" src=\"https:\/\/weplex-heatexchanger.com\/wp-content\/uploads\/2019\/02\/distillerie.png\" alt=\"\" width=\"100\" height=\"100\"><\/div>\n<\/div>\n<\/div>\n<a\/>\n\n<a href=\"https:\/\/weplex-heatexchanger.com\/en\/fields-of-application\/petrochemical\/\">\n<div class=\"app app5 col-sm-3 col-xs-6\">\n<div class=\"content\">\n<p>Petrochemical<\/p>\n<div class=\"domimage\"><img loading=\"lazy\" decoding=\"async\" class=\"wp-image-suc\" src=\"https:\/\/weplex-heatexchanger.com\/wp-content\/uploads\/2019\/02\/petrochimique.png\" alt=\"\" width=\"100\" height=\"100\"><\/div>\n<\/div>\n<\/div>\n<a\/>\n\n<a href=\"https:\/\/weplex-heatexchanger.com\/en\/fields-of-application\/industrial-laundry\/\">\n<div class=\"app app6 col-sm-3 col-xs-6\">\n<div class=\"content\">\n<p>Industrial laundry<\/p>\n<div class=\"domimage\"><img loading=\"lazy\" decoding=\"async\" class=\"wp-image-suc\" src=\"https:\/\/weplex-heatexchanger.com\/wp-content\/uploads\/2019\/02\/blanchisserie.png\" alt=\"\" width=\"100\" height=\"100\"><\/div>\n<\/div>\n<\/div>\n<a\/>\n\n<a href=\"https:\/\/weplex-heatexchanger.com\/en\/fields-of-application\/biotechnology\/\">\n<div class=\"app app7 col-sm-3 col-xs-6\">\n<div class=\"content\">\n<p>Biotechnology<\/p>\n<div class=\"domimage\"><img loading=\"lazy\" decoding=\"async\" class=\"wp-image-suc\" src=\"https:\/\/weplex-heatexchanger.com\/wp-content\/uploads\/2019\/02\/biotechnologie.png\" alt=\"\" width=\"100\" height=\"100\"><\/div>\n<\/div>\n<\/div>\n<a\/>\n\n<a href=\"https:\/\/weplex-heatexchanger.com\/en\/fields-of-application\/mining-exploitation\/\">\n<div class=\"app app8 col-sm-3 col-xs-6\">\n<div class=\"content\">\n<p>Mining exploitation<\/p>\n<div class=\"domimage\"><img loading=\"lazy\" decoding=\"async\" class=\"wp-image-suc\" src=\"https:\/\/weplex-heatexchanger.com\/wp-content\/uploads\/2019\/02\/mine.png\" alt=\"\" width=\"100\" height=\"100\"><\/div>\n<\/div>\n<\/div>\n<a\/>\n\n<a href=\"https:\/\/weplex-heatexchanger.com\/en\/fields-of-application\/water-processing\/\">\n<div class=\"app app9 col-sm-3 col-xs-6\">\n<div class=\"content\">\n<p>Water processing<\/p>\n<div class=\"domimage\"><img loading=\"lazy\" decoding=\"async\" class=\"wp-image-suc\" src=\"https:\/\/weplex-heatexchanger.com\/wp-content\/uploads\/2019\/02\/traitement-eau.png\" alt=\"\" width=\"100\" height=\"100\"><\/div>\n<\/div>\n<\/div>\n<a\/>\n\n<a href=\"https:\/\/weplex-heatexchanger.com\/en\/fields-of-application\/chemical-industry\/\">\n<div class=\"app app10 col-sm-3 col-xs-6\">\n<div class=\"content\">\n<p>Chemical<\/p>\n<div class=\"domimage\"><img loading=\"lazy\" decoding=\"async\" class=\"wp-image-suc\" src=\"https:\/\/weplex-heatexchanger.com\/wp-content\/uploads\/2019\/01\/CHIMIE-GREYD.png\" alt=\"\" width=\"100\" height=\"100\"><\/div>\n<\/div>\n<\/div>\n<a\/>\n\n<a href=\"https:\/\/weplex-heatexchanger.com\/en\/fields-of-application\/paper-mill\/\">\n<div class=\"app app11 col-sm-3 col-xs-6\">\n<div class=\"content\">\n<p>Paper mill<\/p>\n<div class=\"domimage\"><img loading=\"lazy\" decoding=\"async\" class=\"wp-image-suc\" src=\"https:\/\/weplex-heatexchanger.com\/wp-content\/uploads\/2019\/02\/papeterie.png\" alt=\"\" width=\"100\" height=\"100\"><\/div>\n<\/div>\n<\/div>\n<a\/>\n\n<a href=\"https:\/\/weplex-heatexchanger.com\/en\/fields-of-application\/pharmaceutical\/\">\n<div class=\"app app12 col-sm-3 col-xs-6\">\n<div class=\"content\">\n<p>Pharmaceutical<\/p>\n<div class=\"domimage\"><img loading=\"lazy\" decoding=\"async\" class=\"wp-image-suc\" src=\"https:\/\/weplex-heatexchanger.com\/wp-content\/uploads\/2019\/01\/PHARMA-GREYD.png\" alt=\"\" width=\"100\" height=\"100\"><\/div>\n<\/div>\n<\/div>\n<a\/>\n<\/div>\n\n\n\n<div style=\"height:30px\" aria-hidden=\"true\" class=\"wp-block-spacer clearfix\"><\/div>\n\n\n","protected":false},"excerpt":{"rendered":"<p>Home \u00bb Fields of application<\/p>\n","protected":false},"author":1,"featured_media":6261,"parent":0,"menu_order":0,"comment_status":"closed","ping_status":"closed","template":"","meta":{"footnotes":""},"class_list":["post-6259","page","type-page","status-publish","has-post-thumbnail","hentry"],"yoast_head":"<!-- This site is optimized with the Yoast SEO plugin v16.1.1 - https:\/\/yoast.com\/wordpress\/plugins\/seo\/ -->\n<title>Fields of application - Weplex, le meilleur \u00e9changeur \u00e0 plaques soud\u00e9es<\/title>\n<meta name=\"description\" content=\"D\u00e9couvrez tous les secteurs d&#039;activit\u00e9 dans lesquels l&#039;\u00e9changeur de chaleur Weplex est incontournable. Profitez de meilleurs \u00e9changes thermiques.\" \/>\n<link rel=\"canonical\" href=\"https:\/\/weplex-heatexchanger.com\/en\/fields-of-application\/\" \/>\n<meta property=\"og:locale\" content=\"en_US\" \/>\n<meta property=\"og:type\" content=\"article\" \/>\n<meta property=\"og:title\" content=\"Fields of application - Weplex, le meilleur \u00e9changeur \u00e0 plaques soud\u00e9es\" \/>\n<meta property=\"og:description\" content=\"D\u00e9couvrez tous les secteurs d&#039;activit\u00e9 dans lesquels l&#039;\u00e9changeur de chaleur Weplex est incontournable. Profitez de meilleurs \u00e9changes thermiques.\" \/>\n<meta property=\"og:url\" content=\"https:\/\/weplex-heatexchanger.com\/en\/fields-of-application\/\" \/>\n<meta property=\"og:site_name\" content=\"Weplex, l&#039;\u00e9changeur de chaleur \u00e0 plaques soud\u00e9es\" \/>\n<meta property=\"article:modified_time\" content=\"2020-02-04T15:55:31+00:00\" \/>\n<meta property=\"og:image\" content=\"https:\/\/weplex-heatexchanger.com\/wp-content\/uploads\/2019\/02\/petrochimical-compressor.jpg\" \/>\n\t<meta property=\"og:image:width\" content=\"1000\" \/>\n\t<meta property=\"og:image:height\" content=\"813\" \/>\n<meta name=\"twitter:card\" content=\"summary_large_image\" \/>\n<script type=\"application\/ld+json\" class=\"yoast-schema-graph\">{\"@context\":\"https:\/\/schema.org\",\"@graph\":[{\"@type\":\"WebSite\",\"@id\":\"https:\/\/weplex-heatexchanger.com\/#website\",\"url\":\"https:\/\/weplex-heatexchanger.com\/\",\"name\":\"Weplex, l&#039;\\u00e9changeur de chaleur \\u00e0 plaques soud\\u00e9es\",\"description\":\"\",\"potentialAction\":[{\"@type\":\"SearchAction\",\"target\":\"https:\/\/weplex-heatexchanger.com\/?s={search_term_string}\",\"query-input\":\"required name=search_term_string\"}],\"inLanguage\":\"en-US\"},{\"@type\":\"ImageObject\",\"@id\":\"https:\/\/weplex-heatexchanger.com\/en\/fields-of-application\/#primaryimage\",\"inLanguage\":\"en-US\",\"url\":\"https:\/\/weplex-heatexchanger.com\/wp-content\/uploads\/2019\/02\/petrochimical-compressor.jpg\",\"contentUrl\":\"https:\/\/weplex-heatexchanger.com\/wp-content\/uploads\/2019\/02\/petrochimical-compressor.jpg\",\"width\":1000,\"height\":813},{\"@type\":\"WebPage\",\"@id\":\"https:\/\/weplex-heatexchanger.com\/en\/fields-of-application\/#webpage\",\"url\":\"https:\/\/weplex-heatexchanger.com\/en\/fields-of-application\/\",\"name\":\"Fields of application - Weplex, le meilleur \\u00e9changeur \\u00e0 plaques soud\\u00e9es\",\"isPartOf\":{\"@id\":\"https:\/\/weplex-heatexchanger.com\/#website\"},\"primaryImageOfPage\":{\"@id\":\"https:\/\/weplex-heatexchanger.com\/en\/fields-of-application\/#primaryimage\"},\"datePublished\":\"2019-01-14T12:13:57+00:00\",\"dateModified\":\"2020-02-04T15:55:31+00:00\",\"description\":\"D\\u00e9couvrez tous les secteurs d'activit\\u00e9 dans lesquels l'\\u00e9changeur de chaleur Weplex est incontournable. Profitez de meilleurs \\u00e9changes thermiques.\",\"breadcrumb\":{\"@id\":\"https:\/\/weplex-heatexchanger.com\/en\/fields-of-application\/#breadcrumb\"},\"inLanguage\":\"en-US\",\"potentialAction\":[{\"@type\":\"ReadAction\",\"target\":[\"https:\/\/weplex-heatexchanger.com\/en\/fields-of-application\/\"]}]},{\"@type\":\"BreadcrumbList\",\"@id\":\"https:\/\/weplex-heatexchanger.com\/en\/fields-of-application\/#breadcrumb\",\"itemListElement\":[{\"@type\":\"ListItem\",\"position\":1,\"item\":{\"@type\":\"WebPage\",\"@id\":\"https:\/\/weplex-heatexchanger.com\/en\/\",\"url\":\"https:\/\/weplex-heatexchanger.com\/en\/\",\"name\":\"Accueil\"}},{\"@type\":\"ListItem\",\"position\":2,\"item\":{\"@type\":\"WebPage\",\"@id\":\"https:\/\/weplex-heatexchanger.com\/en\/fields-of-application\/\",\"url\":\"https:\/\/weplex-heatexchanger.com\/en\/fields-of-application\/\",\"name\":\"Fields of application\"}}]}]}<\/script>\n<!-- \/ Yoast SEO plugin. -->","_links":{"self":[{"href":"https:\/\/weplex-heatexchanger.com\/en\/wp-json\/wp\/v2\/pages\/6259","targetHints":{"allow":["GET"]}}],"collection":[{"href":"https:\/\/weplex-heatexchanger.com\/en\/wp-json\/wp\/v2\/pages"}],"about":[{"href":"https:\/\/weplex-heatexchanger.com\/en\/wp-json\/wp\/v2\/types\/page"}],"author":[{"embeddable":true,"href":"https:\/\/weplex-heatexchanger.com\/en\/wp-json\/wp\/v2\/users\/1"}],"replies":[{"embeddable":true,"href":"https:\/\/weplex-heatexchanger.com\/en\/wp-json\/wp\/v2\/comments?post=6259"}],"version-history":[{"count":9,"href":"https:\/\/weplex-heatexchanger.com\/en\/wp-json\/wp\/v2\/pages\/6259\/revisions"}],"predecessor-version":[{"id":6381,"href":"https:\/\/weplex-heatexchanger.com\/en\/wp-json\/wp\/v2\/pages\/6259\/revisions\/6381"}],"wp:featuredmedia":[{"embeddable":true,"href":"https:\/\/weplex-heatexchanger.com\/en\/wp-json\/wp\/v2\/media\/6261"}],"wp:attachment":[{"href":"https:\/\/weplex-heatexchanger.com\/en\/wp-json\/wp\/v2\/media?parent=6259"}],"curies":[{"name":"wp","href":"https:\/\/api.w.org\/{rel}","templated":true}]}}