{"id":6286,"date":"2019-01-14T13:43:50","date_gmt":"2019-01-14T13:43:50","guid":{"rendered":"https:\/\/weplex-heatexchanger.com\/fields-of-application\/sucrerie\/"},"modified":"2020-02-04T16:04:30","modified_gmt":"2020-02-04T16:04:30","slug":"sugar-factory","status":"publish","type":"page","link":"https:\/\/weplex-heatexchanger.com\/en\/fields-of-application\/sugar-factory\/","title":{"rendered":"Sugar factory"},"content":{"rendered":"\n<figure class=\"wp-block-image is-resized fullscreen\"><img loading=\"lazy\" decoding=\"async\" src=\"https:\/\/weplex-heatexchanger.com\/wp-content\/uploads\/2019\/02\/canneasucre.jpg\" alt=\"\" class=\"wp-image-1501 fullscreen\" width=\"1920\" height=\"500\" srcset=\"https:\/\/weplex-heatexchanger.com\/wp-content\/uploads\/2019\/02\/canneasucre.jpg 1920w, https:\/\/weplex-heatexchanger.com\/wp-content\/uploads\/2019\/02\/canneasucre-300x78.jpg 300w, https:\/\/weplex-heatexchanger.com\/wp-content\/uploads\/2019\/02\/canneasucre-768x200.jpg 768w, https:\/\/weplex-heatexchanger.com\/wp-content\/uploads\/2019\/02\/canneasucre-1024x267.jpg 1024w, https:\/\/weplex-heatexchanger.com\/wp-content\/uploads\/2019\/02\/canneasucre-20x5.jpg 20w\" sizes=\"auto, (max-width: 1920px) 100vw, 1920px\" \/><\/figure>\n\n\n\n<div class=\"ariane pad\">\n<a href=\"https:\/\/weplex-heatexchanger.com\/en\/\">Home<\/a> \u00bb <a href=\"https:\/\/weplex-heatexchanger.com\/en\/fields-of-application\/\">Fields of application<\/a> \u00bb Sugar factory\n<\/div>\n<div style=\"height:30px\" aria-hidden=\"true\" class=\"wp-block-spacer\"><\/div>\n\n\n\n<div class=\"labbe1\">\n<div class=\"septexte pad col-sm-6 col-xs-12\">\n<h1 style=\"text-align: center;\"><span style=\"color: #c31a22;\">Sugar factory<\/span><\/h1>\n<section id=\"content-section-2\">\n<div class=\"gdlr-color-wrapper no-skin\">\n<div class=\"container\">\n<div class=\"gdlr-item gdlr-content-item\">\n<p style=\"line-height: 18.0pt;\"><span lang=\"EN-US\" style=\"font-size: 13.5pt; font-family: Quicksand; color: #424143;\">The production of sugar comes from sugarcane or sugar beet.<\/span><\/p>\n<p style=\"line-height: 18.0pt;\"><span lang=\"EN-US\" style=\"font-size: 13.5pt; font-family: Quicksand; color: #424143;\">The steps for sugar manufacture are the following:<\/span><\/p>\n<ul>\n<li>the collection of sugar juice<\/li>\n<li>the filtering<\/li>\n<li>concentration of the filtered sugar juice for evaporation<\/li>\n<li>crystallization.<\/li>\n<\/ul>\n<p>In order to keep as much the richness in sugar, sugar plants must be transformed very quickly.&nbsp; That is why sugar factory are placed next to cultivation areas.<\/p>\n<p>Sugar factories work at full capacity after harvesting.&nbsp; During this period, it is crucial that installations ensure continuous operations without interruptions, so the <strong>quality of the equipment<\/strong> is a major issue.<\/p>\n<\/div>\n<p>&nbsp;<\/p>\n<\/div>\n<\/div>\n<\/section>\n<\/div>\n<div class=\"col-sm-6 col-xs-12 middle-img\">\n<figure class=\"wp-block-image is-resized\">\n<figure><img loading=\"lazy\" decoding=\"async\" class=\"wp-image-border\" src=\"https:\/\/weplex-heatexchanger.com\/wp-content\/uploads\/2019\/02\/sugar-beet-compressor-1.jpg\" alt=\"\" width=\"1000\" height=\"671\"><\/figure>\n<\/figure>\n<\/div>\n<\/div>\n\n\n\n<div style=\"height:20px\" aria-hidden=\"true\" class=\"wp-block-spacer clearfix\"><\/div>\n\n\n<a class=\"maxbutton-3 maxbutton maxbutton-brochure-es\" href=\"\/en\/download-our-catalogue\/\"><span class='mb-text'>Download our catalogue<\/span><\/a>\n\n\n<div style=\"height:20px\" aria-hidden=\"true\" class=\"wp-block-spacer clearfix\"><\/div>\n\n\n\n<p><\/p>\n\n\n\n<div class=\"labbe2\">\n<div class=\"col-sm-6 col-xs-12 middle-img\">\n<figure class=\"wp-block-image is-resized\">\n<figure><img loading=\"lazy\" decoding=\"async\" class=\"wp-image-border\" src=\"https:\/\/weplex-heatexchanger.com\/wp-content\/uploads\/2019\/02\/raffinerie-compressor.jpg\" alt=\"\" width=\"1000\" height=\"671\"><\/figure>\n<\/figure>\n<\/div>\n<div class=\"col-sm-6 col-xs-12 huitexte\">\n<h2 style=\"text-align: center;\"><span style=\"color: #c31a22;\">Why install a heat exchanger in a Sugar factory?<\/span><\/h2>\n<p>Welded plates heat exchangers are used to heat the juice extracted from sugar plants when filtration and before the evaporation process.<\/p>\n<p>That is why our heat exchangers are specially adapted for juice heating before clarification. And so Weplex\u00ae is very performant for heavy fluids charged in suspended particles. In fact, Labbe Process Equipment has developed these heat exchangers taking into account the different constraints in sugar factories. That is why their performances are higher than those of classical tubular heat exchangers.<\/p>\n<p>Moreover, Weplex\u00ae welded plates heat exchangers are also used for syrups issued from molasses and crystallization. Weplex\u00ae welded plates heat exchangers are very compact and thus very easy to install and clean.<\/p>\n<\/div>\n<\/div>\n\n\n\n<div style=\"height:30px\" aria-hidden=\"true\" class=\"wp-block-spacer clearfix\"><\/div>\n\n\n\n<div class=\"application\">\n<h3 style=\"text-align: center;\"><span style=\"color: #c31a22;\">Other fields of application<\/span><\/h3>\n<a href=\"https:\/\/weplex-heatexchanger.com\/en\/fields-of-application\/petrochemical\/\">\n<div class=\"app app5 col-sm-3 col-xs-6\">\n<div class=\"content\">\n<p>Petrochemical<\/p>\n<div class=\"domimage\"><img loading=\"lazy\" decoding=\"async\" class=\"wp-image-suc\" src=\"https:\/\/weplex-heatexchanger.com\/wp-content\/uploads\/2019\/02\/petrochimique.png\" alt=\"\" width=\"100\" height=\"100\"><\/div>\n<\/div>\n<\/div>\n<a\/>\n\n<a href=\"https:\/\/weplex-heatexchanger.com\/en\/fields-of-application\/industrial-laundry\/\">\n<div class=\"app app6 col-sm-3 col-xs-6\">\n<div class=\"content\">\n<p>Industrial laundry<\/p>\n<div class=\"domimage\"><img loading=\"lazy\" decoding=\"async\" class=\"wp-image-suc\" src=\"https:\/\/weplex-heatexchanger.com\/wp-content\/uploads\/2019\/02\/blanchisserie.png\" alt=\"\" width=\"100\" height=\"100\"><\/div>\n<\/div>\n<\/div>\n<a\/>\n\n<a href=\"https:\/\/weplex-heatexchanger.com\/en\/fields-of-application\/biotechnology\/\">\n<div class=\"app app7 col-sm-3 col-xs-6\">\n<div class=\"content\">\n<p>Biotechnology<\/p>\n<div class=\"domimage\"><img loading=\"lazy\" decoding=\"async\" class=\"wp-image-suc\" src=\"https:\/\/weplex-heatexchanger.com\/wp-content\/uploads\/2019\/02\/biotechnologie.png\" alt=\"\" width=\"100\" height=\"100\"><\/div>\n<\/div>\n<\/div>\n<a\/>\n\n<a href=\"https:\/\/weplex-heatexchanger.com\/en\/fields-of-application\/mining-exploitation\/\">\n<div class=\"app app8 col-sm-3 col-xs-6\">\n<div class=\"content\">\n<p>Mining exploitation<\/p>\n<div class=\"domimage\"><img loading=\"lazy\" decoding=\"async\" class=\"wp-image-suc\" src=\"https:\/\/weplex-heatexchanger.com\/wp-content\/uploads\/2019\/02\/mine.png\" alt=\"\" width=\"100\" height=\"100\"><\/div>\n<\/div>\n<\/div>\n<a\/>\n<\/div>\n\n\n","protected":false},"excerpt":{"rendered":"<p>Home \u00bb Fields of application \u00bb Sugar factory Sugar factory The production of sugar comes from sugarcane or sugar beet. The steps for sugar manufacture are the following: the collection of sugar juice the filtering concentration of the filtered sugar<\/p>\n","protected":false},"author":1,"featured_media":6288,"parent":6259,"menu_order":0,"comment_status":"closed","ping_status":"closed","template":"","meta":{"footnotes":""},"class_list":["post-6286","page","type-page","status-publish","has-post-thumbnail","hentry"],"yoast_head":"<!-- This site is optimized with the Yoast SEO plugin v16.1.1 - https:\/\/yoast.com\/wordpress\/plugins\/seo\/ -->\n<title>Sugar factory - Welded Plates Heat Exchanger Weplex<\/title>\n<meta name=\"description\" content=\"Welded plates heat exchangers are used to heat the juice extracted from sugar plants when filtration and before the evaporation process.\" \/>\n<link rel=\"canonical\" href=\"https:\/\/weplex-heatexchanger.com\/en\/fields-of-application\/sugar-factory\/\" \/>\n<meta property=\"og:locale\" content=\"en_US\" \/>\n<meta property=\"og:type\" content=\"article\" \/>\n<meta property=\"og:title\" content=\"Sugar factory - Welded Plates Heat Exchanger Weplex\" \/>\n<meta property=\"og:description\" content=\"Welded plates heat exchangers are used to heat the juice extracted from sugar plants when filtration and before the evaporation process.\" \/>\n<meta property=\"og:url\" content=\"https:\/\/weplex-heatexchanger.com\/en\/fields-of-application\/sugar-factory\/\" \/>\n<meta property=\"og:site_name\" content=\"Weplex, l&#039;\u00e9changeur de chaleur \u00e0 plaques soud\u00e9es\" \/>\n<meta property=\"article:modified_time\" content=\"2020-02-04T16:04:30+00:00\" \/>\n<meta property=\"og:image\" content=\"https:\/\/weplex-heatexchanger.com\/wp-content\/uploads\/2019\/02\/cannesucre.jpg\" \/>\n\t<meta property=\"og:image:width\" content=\"787\" \/>\n\t<meta property=\"og:image:height\" content=\"787\" \/>\n<meta name=\"twitter:card\" content=\"summary_large_image\" \/>\n<meta name=\"twitter:label1\" content=\"Est. reading time\">\n\t<meta name=\"twitter:data1\" content=\"1 minute\">\n<script type=\"application\/ld+json\" class=\"yoast-schema-graph\">{\"@context\":\"https:\/\/schema.org\",\"@graph\":[{\"@type\":\"WebSite\",\"@id\":\"https:\/\/weplex-heatexchanger.com\/#website\",\"url\":\"https:\/\/weplex-heatexchanger.com\/\",\"name\":\"Weplex, l&#039;\\u00e9changeur de chaleur \\u00e0 plaques soud\\u00e9es\",\"description\":\"\",\"potentialAction\":[{\"@type\":\"SearchAction\",\"target\":\"https:\/\/weplex-heatexchanger.com\/?s={search_term_string}\",\"query-input\":\"required name=search_term_string\"}],\"inLanguage\":\"en-US\"},{\"@type\":\"ImageObject\",\"@id\":\"https:\/\/weplex-heatexchanger.com\/en\/fields-of-application\/sugar-factory\/#primaryimage\",\"inLanguage\":\"en-US\",\"url\":\"https:\/\/weplex-heatexchanger.com\/wp-content\/uploads\/2019\/02\/cannesucre.jpg\",\"contentUrl\":\"https:\/\/weplex-heatexchanger.com\/wp-content\/uploads\/2019\/02\/cannesucre.jpg\",\"width\":787,\"height\":787},{\"@type\":\"WebPage\",\"@id\":\"https:\/\/weplex-heatexchanger.com\/en\/fields-of-application\/sugar-factory\/#webpage\",\"url\":\"https:\/\/weplex-heatexchanger.com\/en\/fields-of-application\/sugar-factory\/\",\"name\":\"Sugar factory - Welded Plates Heat Exchanger Weplex\",\"isPartOf\":{\"@id\":\"https:\/\/weplex-heatexchanger.com\/#website\"},\"primaryImageOfPage\":{\"@id\":\"https:\/\/weplex-heatexchanger.com\/en\/fields-of-application\/sugar-factory\/#primaryimage\"},\"datePublished\":\"2019-01-14T13:43:50+00:00\",\"dateModified\":\"2020-02-04T16:04:30+00:00\",\"description\":\"Welded plates heat exchangers are used to heat the juice extracted from sugar plants when filtration and before the evaporation process.\",\"breadcrumb\":{\"@id\":\"https:\/\/weplex-heatexchanger.com\/en\/fields-of-application\/sugar-factory\/#breadcrumb\"},\"inLanguage\":\"en-US\",\"potentialAction\":[{\"@type\":\"ReadAction\",\"target\":[\"https:\/\/weplex-heatexchanger.com\/en\/fields-of-application\/sugar-factory\/\"]}]},{\"@type\":\"BreadcrumbList\",\"@id\":\"https:\/\/weplex-heatexchanger.com\/en\/fields-of-application\/sugar-factory\/#breadcrumb\",\"itemListElement\":[{\"@type\":\"ListItem\",\"position\":1,\"item\":{\"@type\":\"WebPage\",\"@id\":\"https:\/\/weplex-heatexchanger.com\/en\/\",\"url\":\"https:\/\/weplex-heatexchanger.com\/en\/\",\"name\":\"Accueil\"}},{\"@type\":\"ListItem\",\"position\":2,\"item\":{\"@type\":\"WebPage\",\"@id\":\"https:\/\/weplex-heatexchanger.com\/en\/fields-of-application\/\",\"url\":\"https:\/\/weplex-heatexchanger.com\/en\/fields-of-application\/\",\"name\":\"Fields of application\"}},{\"@type\":\"ListItem\",\"position\":3,\"item\":{\"@type\":\"WebPage\",\"@id\":\"https:\/\/weplex-heatexchanger.com\/en\/fields-of-application\/sugar-factory\/\",\"url\":\"https:\/\/weplex-heatexchanger.com\/en\/fields-of-application\/sugar-factory\/\",\"name\":\"Sugar factory\"}}]}]}<\/script>\n<!-- \/ Yoast SEO plugin. -->","_links":{"self":[{"href":"https:\/\/weplex-heatexchanger.com\/en\/wp-json\/wp\/v2\/pages\/6286","targetHints":{"allow":["GET"]}}],"collection":[{"href":"https:\/\/weplex-heatexchanger.com\/en\/wp-json\/wp\/v2\/pages"}],"about":[{"href":"https:\/\/weplex-heatexchanger.com\/en\/wp-json\/wp\/v2\/types\/page"}],"author":[{"embeddable":true,"href":"https:\/\/weplex-heatexchanger.com\/en\/wp-json\/wp\/v2\/users\/1"}],"replies":[{"embeddable":true,"href":"https:\/\/weplex-heatexchanger.com\/en\/wp-json\/wp\/v2\/comments?post=6286"}],"version-history":[{"count":3,"href":"https:\/\/weplex-heatexchanger.com\/en\/wp-json\/wp\/v2\/pages\/6286\/revisions"}],"predecessor-version":[{"id":6385,"href":"https:\/\/weplex-heatexchanger.com\/en\/wp-json\/wp\/v2\/pages\/6286\/revisions\/6385"}],"up":[{"embeddable":true,"href":"https:\/\/weplex-heatexchanger.com\/en\/wp-json\/wp\/v2\/pages\/6259"}],"wp:featuredmedia":[{"embeddable":true,"href":"https:\/\/weplex-heatexchanger.com\/en\/wp-json\/wp\/v2\/media\/6288"}],"wp:attachment":[{"href":"https:\/\/weplex-heatexchanger.com\/en\/wp-json\/wp\/v2\/media?parent=6286"}],"curies":[{"name":"wp","href":"https:\/\/api.w.org\/{rel}","templated":true}]}}