{"id":6303,"date":"2019-02-11T09:43:09","date_gmt":"2019-02-11T09:43:09","guid":{"rendered":"https:\/\/weplex-heatexchanger.com\/fields-of-application\/metallurgie\/"},"modified":"2020-02-04T16:05:02","modified_gmt":"2020-02-04T16:05:02","slug":"metal-industry","status":"publish","type":"page","link":"https:\/\/weplex-heatexchanger.com\/en\/fields-of-application\/metal-industry\/","title":{"rendered":"Metal industry"},"content":{"rendered":"\n<figure class=\"wp-block-image is-resized fullscreen\"><img loading=\"lazy\" decoding=\"async\" src=\"https:\/\/weplex-heatexchanger.com\/wp-content\/uploads\/2019\/02\/metallurgie-image-compressor.jpg\" alt=\"\" class=\"wp-image-1501 fullscreen\" width=\"1920\" height=\"500\"><\/figure>\n\n\n\n<div class=\"ariane pad\">\n<a href=\"https:\/\/weplex-heatexchanger.com\/en\/\">Home<\/a> \u00bb <a href=\"https:\/\/weplex-heatexchanger.com\/en\/fields-of-application\/\">Fields of application<\/a> \u00bb Metal industry\n<\/div>\n<div style=\"height:30px\" aria-hidden=\"true\" class=\"wp-block-spacer\"><\/div>\n\n\n\n<div class=\"labbe1\">\n<div class=\"septexte pad col-sm-8\">\n<h1 style=\"text-align:center\"><span style=\"color: #c31a22;\">Metal industry<\/span><\/h1>\n<section id=\"content-section-2\">\n<div class=\"gdlr-color-wrapper no-skin\">\n<div class=\"container\">\n<div class=\"gdlr-item gdlr-content-item\">\n\n<p>For several decades, the Metal industry has been an strategic sector.<\/p>\n\n\n\n<p>However, markets change and it seems necessary to adapt to the different needs of metal industry.  Metallurgical activities produce a lot of energy that must be controlled.<\/p>\n\n<p>In this sense the Weplex heat exchangers are very useful thanks to their capacity to control the temperature generated and to use it in other ways.<\/p>\n\n\n<\/div>\n<p>&nbsp;<\/p>\n<\/div>\n<\/div>\n<\/section>\n<\/div>\n\n<div class=\"col-sm-4 middle-img\">\n<figure class=\"wp-block-image is-resized\"><img loading=\"lazy\" decoding=\"async\" src=\"https:\/\/weplex-heatexchanger.com\/wp-content\/uploads\/2019\/02\/metallurgie-pliage-compressor.jpg\" alt=\"\" class=\"wp-image-border\" width=\"1000\" height=\"671\"><\/figure><\/div>\n<\/div>\n\n\n\n<div style=\"height:30px\" aria-hidden=\"true\" class=\"wp-block-spacer clearfix\"><\/div>\n\n\n<a class=\"maxbutton-3 maxbutton maxbutton-brochure-es\" href=\"\/en\/download-our-catalogue\/\"><span class='mb-text'>Download our catalogue<\/span><\/a>\n\n\n<div style=\"height:30px\" aria-hidden=\"true\" class=\"wp-block-spacer clearfix\"><\/div>\n\n\n\n<div class=\"labbe2\">\n<div class=\"col-sm-4 middle-img\">\n<figure class=\"wp-block-image is-resized\"><img loading=\"lazy\" decoding=\"async\" class=\"wp-image-border\" src=\"https:\/\/weplex-heatexchanger.com\/wp-content\/uploads\/2019\/02\/metallurgie-2-compressor.jpg\" alt=\"\" width=\"1000\" height=\"671\"><\/figure>\n<\/div>\n\n<div class=\"col-sm-8 huitexte\">\n<h2 style=\"text-align: center;\"><span style=\"color: #c31a22;\">Why install a heat exchanger in a Metal industry factory?<\/span><\/h2>\n\n<p>The Weplex\u00ae heat exchangers are useful to cool down liquids used during production.  Cooling is absolutely necessary because a lot of heat is produced by the machinery.<\/p>\n\n<p>Moreover Weplex\u00ae heat exchangers are very performant for heavy fluids charged in suspended particles. And so, Labbe Process Equipment has developed these heat exchangers taking into account the different constraints of the metal industry.  Their performances are higher than those of classical tubular heat exchangers (30 to 40% better).<\/p>\n\n\n<p>Weplex\u00ae welded plates heat exchangers are very compact and thus very easy to install and clean.<\/p>\n\n<\/div>\n<\/div>\n\n\n\n<div style=\"height:30px\" aria-hidden=\"true\" class=\"wp-block-spacer clearfix\"><\/div>\n\n\n\n<div class=\"application\">\n<h3 style=\"text-align: center;\"><span style=\"color: #c31a22;\">Other fields of application<\/span><\/h3>\n<a href=\"https:\/\/weplex-heatexchanger.com\/en\/fields-of-application\/petrochemical\/\">\n<div class=\"app app5 col-sm-3 col-xs-6\">\n<div class=\"content\">\n<p>Petrochemical<\/p>\n<div class=\"domimage\"><img loading=\"lazy\" decoding=\"async\" class=\"wp-image-suc\" src=\"https:\/\/weplex-heatexchanger.com\/wp-content\/uploads\/2019\/02\/petrochimique.png\" alt=\"\" width=\"100\" height=\"100\"><\/div>\n<\/div>\n<\/div>\n<a\/>\n\n<a href=\"https:\/\/weplex-heatexchanger.com\/en\/fields-of-application\/industrial-laundry\/\">\n<div class=\"app app6 col-sm-3 col-xs-6\">\n<div class=\"content\">\n<p>Industrial laundry<\/p>\n<div class=\"domimage\"><img loading=\"lazy\" decoding=\"async\" class=\"wp-image-suc\" src=\"https:\/\/weplex-heatexchanger.com\/wp-content\/uploads\/2019\/02\/blanchisserie.png\" alt=\"\" width=\"100\" height=\"100\"><\/div>\n<\/div>\n<\/div>\n<a\/>\n\n<a href=\"https:\/\/weplex-heatexchanger.com\/en\/fields-of-application\/biotechnology\/\">\n<div class=\"app app7 col-sm-3 col-xs-6\">\n<div class=\"content\">\n<p>Biotechnology<\/p>\n<div class=\"domimage\"><img loading=\"lazy\" decoding=\"async\" class=\"wp-image-suc\" src=\"https:\/\/weplex-heatexchanger.com\/wp-content\/uploads\/2019\/02\/biotechnologie.png\" alt=\"\" width=\"100\" height=\"100\"><\/div>\n<\/div>\n<\/div>\n<a\/>\n\n<a href=\"https:\/\/weplex-heatexchanger.com\/en\/fields-of-application\/mining-exploitation\/\">\n<div class=\"app app8 col-sm-3 col-xs-6\">\n<div class=\"content\">\n<p>Mining exploitation<\/p>\n<div class=\"domimage\"><img loading=\"lazy\" decoding=\"async\" class=\"wp-image-suc\" src=\"https:\/\/weplex-heatexchanger.com\/wp-content\/uploads\/2019\/02\/mine.png\" alt=\"\" width=\"100\" height=\"100\"><\/div>\n<\/div>\n<\/div>\n<a\/>\n<\/div>\n","protected":false},"excerpt":{"rendered":"<p>Home \u00bb Fields of application \u00bb Metal industry Metal industry For several decades, the Metal industry has been an strategic sector. However, markets change and it seems necessary to adapt to the different needs of metal industry. Metallurgical activities produce<\/p>\n","protected":false},"author":2,"featured_media":6304,"parent":6259,"menu_order":0,"comment_status":"closed","ping_status":"closed","template":"","meta":{"footnotes":""},"class_list":["post-6303","page","type-page","status-publish","has-post-thumbnail","hentry"],"yoast_head":"<!-- This site is optimized with the Yoast SEO plugin v16.1.1 - https:\/\/yoast.com\/wordpress\/plugins\/seo\/ -->\n<title>Metal industry - Welded Plates Heat Exchanger Weplex<\/title>\n<meta name=\"description\" content=\"In the metal industry, the Weplex heat exchangers are very useful thanks to their capacity to control the temperature generated and to use it in other ways.\" \/>\n<link rel=\"canonical\" href=\"https:\/\/weplex-heatexchanger.com\/en\/fields-of-application\/metal-industry\/\" \/>\n<meta property=\"og:locale\" content=\"en_US\" \/>\n<meta property=\"og:type\" content=\"article\" \/>\n<meta property=\"og:title\" content=\"Metal industry - Welded Plates Heat Exchanger Weplex\" \/>\n<meta property=\"og:description\" content=\"In the metal industry, the Weplex heat exchangers are very useful thanks to their capacity to control the temperature generated and to use it in other ways.\" \/>\n<meta property=\"og:url\" content=\"https:\/\/weplex-heatexchanger.com\/en\/fields-of-application\/metal-industry\/\" \/>\n<meta property=\"og:site_name\" content=\"Weplex, l&#039;\u00e9changeur de chaleur \u00e0 plaques soud\u00e9es\" \/>\n<meta property=\"article:modified_time\" content=\"2020-02-04T16:05:02+00:00\" \/>\n<meta property=\"og:image\" content=\"https:\/\/weplex-heatexchanger.com\/wp-content\/uploads\/2019\/02\/metallurgie.jpg\" \/>\n\t<meta property=\"og:image:width\" content=\"640\" \/>\n\t<meta property=\"og:image:height\" content=\"399\" \/>\n<meta name=\"twitter:card\" content=\"summary_large_image\" \/>\n<meta name=\"twitter:label1\" content=\"Est. reading time\">\n\t<meta name=\"twitter:data1\" content=\"1 minute\">\n<script type=\"application\/ld+json\" class=\"yoast-schema-graph\">{\"@context\":\"https:\/\/schema.org\",\"@graph\":[{\"@type\":\"WebSite\",\"@id\":\"https:\/\/weplex-heatexchanger.com\/#website\",\"url\":\"https:\/\/weplex-heatexchanger.com\/\",\"name\":\"Weplex, l&#039;\\u00e9changeur de chaleur \\u00e0 plaques soud\\u00e9es\",\"description\":\"\",\"potentialAction\":[{\"@type\":\"SearchAction\",\"target\":\"https:\/\/weplex-heatexchanger.com\/?s={search_term_string}\",\"query-input\":\"required name=search_term_string\"}],\"inLanguage\":\"en-US\"},{\"@type\":\"ImageObject\",\"@id\":\"https:\/\/weplex-heatexchanger.com\/en\/fields-of-application\/metal-industry\/#primaryimage\",\"inLanguage\":\"en-US\",\"url\":\"https:\/\/weplex-heatexchanger.com\/wp-content\/uploads\/2019\/02\/metallurgie.jpg\",\"contentUrl\":\"https:\/\/weplex-heatexchanger.com\/wp-content\/uploads\/2019\/02\/metallurgie.jpg\",\"width\":640,\"height\":399},{\"@type\":\"WebPage\",\"@id\":\"https:\/\/weplex-heatexchanger.com\/en\/fields-of-application\/metal-industry\/#webpage\",\"url\":\"https:\/\/weplex-heatexchanger.com\/en\/fields-of-application\/metal-industry\/\",\"name\":\"Metal industry - Welded Plates Heat Exchanger Weplex\",\"isPartOf\":{\"@id\":\"https:\/\/weplex-heatexchanger.com\/#website\"},\"primaryImageOfPage\":{\"@id\":\"https:\/\/weplex-heatexchanger.com\/en\/fields-of-application\/metal-industry\/#primaryimage\"},\"datePublished\":\"2019-02-11T09:43:09+00:00\",\"dateModified\":\"2020-02-04T16:05:02+00:00\",\"description\":\"In the metal industry, the Weplex heat exchangers are very useful thanks to their capacity to control the temperature generated and to use it in other ways.\",\"breadcrumb\":{\"@id\":\"https:\/\/weplex-heatexchanger.com\/en\/fields-of-application\/metal-industry\/#breadcrumb\"},\"inLanguage\":\"en-US\",\"potentialAction\":[{\"@type\":\"ReadAction\",\"target\":[\"https:\/\/weplex-heatexchanger.com\/en\/fields-of-application\/metal-industry\/\"]}]},{\"@type\":\"BreadcrumbList\",\"@id\":\"https:\/\/weplex-heatexchanger.com\/en\/fields-of-application\/metal-industry\/#breadcrumb\",\"itemListElement\":[{\"@type\":\"ListItem\",\"position\":1,\"item\":{\"@type\":\"WebPage\",\"@id\":\"https:\/\/weplex-heatexchanger.com\/en\/\",\"url\":\"https:\/\/weplex-heatexchanger.com\/en\/\",\"name\":\"Accueil\"}},{\"@type\":\"ListItem\",\"position\":2,\"item\":{\"@type\":\"WebPage\",\"@id\":\"https:\/\/weplex-heatexchanger.com\/en\/fields-of-application\/\",\"url\":\"https:\/\/weplex-heatexchanger.com\/en\/fields-of-application\/\",\"name\":\"Fields of application\"}},{\"@type\":\"ListItem\",\"position\":3,\"item\":{\"@type\":\"WebPage\",\"@id\":\"https:\/\/weplex-heatexchanger.com\/en\/fields-of-application\/metal-industry\/\",\"url\":\"https:\/\/weplex-heatexchanger.com\/en\/fields-of-application\/metal-industry\/\",\"name\":\"Metal industry\"}}]}]}<\/script>\n<!-- \/ Yoast SEO plugin. -->","_links":{"self":[{"href":"https:\/\/weplex-heatexchanger.com\/en\/wp-json\/wp\/v2\/pages\/6303","targetHints":{"allow":["GET"]}}],"collection":[{"href":"https:\/\/weplex-heatexchanger.com\/en\/wp-json\/wp\/v2\/pages"}],"about":[{"href":"https:\/\/weplex-heatexchanger.com\/en\/wp-json\/wp\/v2\/types\/page"}],"author":[{"embeddable":true,"href":"https:\/\/weplex-heatexchanger.com\/en\/wp-json\/wp\/v2\/users\/2"}],"replies":[{"embeddable":true,"href":"https:\/\/weplex-heatexchanger.com\/en\/wp-json\/wp\/v2\/comments?post=6303"}],"version-history":[{"count":3,"href":"https:\/\/weplex-heatexchanger.com\/en\/wp-json\/wp\/v2\/pages\/6303\/revisions"}],"predecessor-version":[{"id":6386,"href":"https:\/\/weplex-heatexchanger.com\/en\/wp-json\/wp\/v2\/pages\/6303\/revisions\/6386"}],"up":[{"embeddable":true,"href":"https:\/\/weplex-heatexchanger.com\/en\/wp-json\/wp\/v2\/pages\/6259"}],"wp:featuredmedia":[{"embeddable":true,"href":"https:\/\/weplex-heatexchanger.com\/en\/wp-json\/wp\/v2\/media\/6304"}],"wp:attachment":[{"href":"https:\/\/weplex-heatexchanger.com\/en\/wp-json\/wp\/v2\/media?parent=6303"}],"curies":[{"name":"wp","href":"https:\/\/api.w.org\/{rel}","templated":true}]}}