{"id":6320,"date":"2019-02-12T07:52:35","date_gmt":"2019-02-12T07:52:35","guid":{"rendered":"https:\/\/weplex-heatexchanger.com\/fields-of-application\/blanchisserie\/"},"modified":"2020-02-04T16:08:24","modified_gmt":"2020-02-04T16:08:24","slug":"industrial-laundry","status":"publish","type":"page","link":"https:\/\/weplex-heatexchanger.com\/en\/fields-of-application\/industrial-laundry\/","title":{"rendered":"Industrial laundry"},"content":{"rendered":"\n<figure class=\"wp-block-image is-resized fullscreen\"><img loading=\"lazy\" decoding=\"async\" src=\"https:\/\/weplex-heatexchanger.com\/wp-content\/uploads\/2019\/02\/blanchisserie.jpg\" alt=\"\" class=\"wp-image-1501 fullscreen\" width=\"1920\" height=\"500\"><\/figure>\n\n\n\n<div class=\"ariane pad\">\n<a href=\"https:\/\/weplex-heatexchanger.com\/en\/\">Home<\/a> \u00bb <a href=\"https:\/\/weplex-heatexchanger.com\/en\/fields-of-application\/\">Fields of application<\/a> \u00bb Industrial laundry\n<\/div>\n<div style=\"height:30px\" aria-hidden=\"true\" class=\"wp-block-spacer\"><\/div>\n\n\n\n<div class=\"labbe1\">\n<div class=\"septexte pad col-sm-6\">\n<h1 style=\"text-align:center\"><span style=\"color: #c31a22;\">Industrial laundry<\/span><\/h1>\n<section id=\"content-section-2\">\n<div class=\"gdlr-color-wrapper no-skin\">\n<div class=\"container\">\n<div class=\"gdlr-item gdlr-content-item\">\n\n<p> Industrial laundries work for professional clients.  There are plenty of companies that need the services of laundries:<\/p>\n\n<ul><li>Hotels and restaurants<\/li>\n<li>Hospitals,  doctor\u2019s practice, retirement homes<\/li>\n<li>Different kinds of industries<\/li>\n<li>Etc.<\/li><\/ul>\n\n\n<p>Laundries have lot of responsibilities concerning hygiene and security rules.  Moreover, environmental regulations are very strict and they evolved constantly. <\/p>\n\n<p>Therefore and, in order to keep on collaborating with the actors of this industry, Labbe proposes the Weplex to function in accordance to the existing rules.<\/p>\n\n\n<\/div>\n<p>&nbsp;<\/p>\n<\/div>\n<\/div>\n<\/section>\n<\/div>\n\n<div class=\"col-sm-6 middle-img\">\n<figure class=\"wp-block-image is-resized\"><img loading=\"lazy\" decoding=\"async\" src=\"https:\/\/weplex-heatexchanger.com\/wp-content\/uploads\/2019\/02\/blanchisserie.jpeg\" alt=\"\" class=\"wp-image-border\" width=\"1000\" height=\"671\"><\/figure><\/div>\n<\/div>\n\n\n\n<div style=\"height:30px\" aria-hidden=\"true\" class=\"wp-block-spacer clearfix\"><\/div>\n\n\n<a class=\"maxbutton-3 maxbutton maxbutton-brochure-es\" href=\"\/en\/download-our-catalogue\/\"><span class='mb-text'>Download our catalogue<\/span><\/a>\n\n\n<div style=\"height:30px\" aria-hidden=\"true\" class=\"wp-block-spacer clearfix\"><\/div>\n\n\n\n<div class=\"labbe2\">\n<div class=\"col-sm-6 middle-img\">\n<figure class=\"wp-block-image is-resized\"><img loading=\"lazy\" decoding=\"async\" class=\"wp-image-border\" src=\"https:\/\/weplex-heatexchanger.com\/wp-content\/uploads\/2019\/02\/uniforme.jpg\" alt=\"\" width=\"1000\" height=\"671\"><\/figure>\n<\/div>\n\n<div class=\"col-sm-6 huitexte\">\n<h2 style=\"text-align: center;\"><span style=\"color: #c31a22;\">Why install a heat exchanger in the industrial laundry sector?<\/span><\/h2>\n\n\n<p>First of all and to be adapted to existing regulation, industrial laundries must not throw away polluted waters at a temperature of more than 30\u00b0.<\/p>\n\n<p>Weplex\u00ae heat exchangers are specially adapted to the cooling down of liquids, so this equipment is the best adapted for industrial laundries.  Their performances are better than classical tubular heat exchangers:   Weplex is from 20 to 30% more efficient than classical tubular heat exchangers.<\/p>\n\n<p>Weplex\u00ae has been designed and manufactured by Labbe Process Equipment taking into account all the constraints of the laundry sector.<\/p>\n\n<\/div>\n<\/div>\n\n\n\n<div style=\"height:30px\" aria-hidden=\"true\" class=\"wp-block-spacer clearfix\"><\/div>\n\n\n\n<div class=\"application\">\n<h3 style=\"text-align: center;\"><span style=\"color: #c31a22;\">Others fields of application :<\/span><\/h3>\n\n<a href=\"https:\/\/weplex-heatexchanger.com\/en\/fields-of-application\/sugar-factory\/\">\n<div class=\"app app1 col-sm-3 col-xs-6\">\n<div class=\"content\">\n<p>Sugar factory<\/p>\n<div class=\"domimage\"><img loading=\"lazy\" decoding=\"async\" class=\"wp-image-suc\" src=\"https:\/\/weplex-heatexchanger.com\/wp-content\/uploads\/2019\/01\/SUGARCANE-greyd.png\" alt=\"\" width=\"100\" height=\"100\"><\/div>\n<\/div>\n<\/div>\n<a\/>\n\n<a href=\"https:\/\/weplex-heatexchanger.com\/en\/fields-of-application\/food\/\">\n<div class=\"app app2 col-sm-3 col-xs-6\">\n<div class=\"content\">\n<p>Agrofood<\/p>\n<div class=\"domimage\"><img loading=\"lazy\" decoding=\"async\" class=\"wp-image-suc\" src=\"https:\/\/weplex-heatexchanger.com\/wp-content\/uploads\/2019\/02\/agroalimentaire.png\" alt=\"\" width=\"100\" height=\"100\"><\/div>\n<\/div>\n<\/div>\n<a\/>\n\n<a href=\"https:\/\/weplex-heatexchanger.com\/en\/fields-of-application\/metal-industry\/\">\n<div class=\"app app3 col-sm-3 col-xs-6\">\n<div class=\"content\">\n<p>Metal industry<\/p>\n<div class=\"domimage\"><img loading=\"lazy\" decoding=\"async\" class=\"wp-image-suc\" src=\"https:\/\/weplex-heatexchanger.com\/wp-content\/uploads\/2019\/02\/metal.png\" alt=\"\" width=\"100\" height=\"100\"><\/div>\n<\/div>\n<\/div>\n<a\/>\n\n<a href=\"https:\/\/weplex-heatexchanger.com\/en\/fields-of-application\/brewery\/\">\n<div class=\"app app4 col-sm-3 col-xs-6\">\n<div class=\"content\">\n<p>Brewery<\/p>\n<div class=\"domimage\"><img loading=\"lazy\" decoding=\"async\" class=\"wp-image-suc\" src=\"https:\/\/weplex-heatexchanger.com\/wp-content\/uploads\/2019\/02\/distillerie.png\" alt=\"\" width=\"100\" height=\"100\"><\/div>\n<\/div>\n<\/div>\n<a\/>\n\n<\/div>\n\n\n","protected":false},"excerpt":{"rendered":"<p>Home \u00bb Fields of application \u00bb Industrial laundry Industrial laundry Industrial laundries work for professional clients. There are plenty of companies that need the services of laundries: Hotels and restaurants Hospitals, doctor\u2019s practice, retirement homes Different kinds of industries Etc.<\/p>\n","protected":false},"author":2,"featured_media":6321,"parent":6259,"menu_order":0,"comment_status":"closed","ping_status":"closed","template":"","meta":{"footnotes":""},"class_list":["post-6320","page","type-page","status-publish","has-post-thumbnail","hentry"],"yoast_head":"<!-- This site is optimized with the Yoast SEO plugin v16.1.1 - https:\/\/yoast.com\/wordpress\/plugins\/seo\/ -->\n<title>Industrial laundry - Welded Plates Heat Exchanger Weplex<\/title>\n<meta name=\"description\" content=\"Weplex\u00ae heat exchangers are specially adapted to the cooling down of liquids, so this equipment is the best adapted for industrial laundries.\" \/>\n<link rel=\"canonical\" href=\"https:\/\/weplex-heatexchanger.com\/en\/fields-of-application\/industrial-laundry\/\" \/>\n<meta property=\"og:locale\" content=\"en_US\" \/>\n<meta property=\"og:type\" content=\"article\" \/>\n<meta property=\"og:title\" content=\"Industrial laundry - Welded Plates Heat Exchanger Weplex\" \/>\n<meta property=\"og:description\" content=\"Weplex\u00ae heat exchangers are specially adapted to the cooling down of liquids, so this equipment is the best adapted for industrial laundries.\" \/>\n<meta property=\"og:url\" content=\"https:\/\/weplex-heatexchanger.com\/en\/fields-of-application\/industrial-laundry\/\" \/>\n<meta property=\"og:site_name\" content=\"Weplex, l&#039;\u00e9changeur de chaleur \u00e0 plaques soud\u00e9es\" \/>\n<meta property=\"article:modified_time\" content=\"2020-02-04T16:08:24+00:00\" \/>\n<meta property=\"og:image\" content=\"https:\/\/weplex-heatexchanger.com\/wp-content\/uploads\/2019\/02\/blanchisserie.jpeg\" \/>\n\t<meta property=\"og:image:width\" content=\"800\" \/>\n\t<meta property=\"og:image:height\" content=\"533\" \/>\n<meta name=\"twitter:card\" content=\"summary_large_image\" \/>\n<meta name=\"twitter:label1\" content=\"Est. reading time\">\n\t<meta name=\"twitter:data1\" content=\"1 minute\">\n<script type=\"application\/ld+json\" class=\"yoast-schema-graph\">{\"@context\":\"https:\/\/schema.org\",\"@graph\":[{\"@type\":\"WebSite\",\"@id\":\"https:\/\/weplex-heatexchanger.com\/#website\",\"url\":\"https:\/\/weplex-heatexchanger.com\/\",\"name\":\"Weplex, l&#039;\\u00e9changeur de chaleur \\u00e0 plaques soud\\u00e9es\",\"description\":\"\",\"potentialAction\":[{\"@type\":\"SearchAction\",\"target\":\"https:\/\/weplex-heatexchanger.com\/?s={search_term_string}\",\"query-input\":\"required name=search_term_string\"}],\"inLanguage\":\"en-US\"},{\"@type\":\"ImageObject\",\"@id\":\"https:\/\/weplex-heatexchanger.com\/en\/fields-of-application\/industrial-laundry\/#primaryimage\",\"inLanguage\":\"en-US\",\"url\":\"https:\/\/weplex-heatexchanger.com\/wp-content\/uploads\/2019\/02\/blanchisserie.jpeg\",\"contentUrl\":\"https:\/\/weplex-heatexchanger.com\/wp-content\/uploads\/2019\/02\/blanchisserie.jpeg\",\"width\":800,\"height\":533},{\"@type\":\"WebPage\",\"@id\":\"https:\/\/weplex-heatexchanger.com\/en\/fields-of-application\/industrial-laundry\/#webpage\",\"url\":\"https:\/\/weplex-heatexchanger.com\/en\/fields-of-application\/industrial-laundry\/\",\"name\":\"Industrial laundry - Welded Plates Heat Exchanger Weplex\",\"isPartOf\":{\"@id\":\"https:\/\/weplex-heatexchanger.com\/#website\"},\"primaryImageOfPage\":{\"@id\":\"https:\/\/weplex-heatexchanger.com\/en\/fields-of-application\/industrial-laundry\/#primaryimage\"},\"datePublished\":\"2019-02-12T07:52:35+00:00\",\"dateModified\":\"2020-02-04T16:08:24+00:00\",\"description\":\"Weplex\\u00ae heat exchangers are specially adapted to the cooling down of liquids, so this equipment is the best adapted for industrial laundries.\",\"breadcrumb\":{\"@id\":\"https:\/\/weplex-heatexchanger.com\/en\/fields-of-application\/industrial-laundry\/#breadcrumb\"},\"inLanguage\":\"en-US\",\"potentialAction\":[{\"@type\":\"ReadAction\",\"target\":[\"https:\/\/weplex-heatexchanger.com\/en\/fields-of-application\/industrial-laundry\/\"]}]},{\"@type\":\"BreadcrumbList\",\"@id\":\"https:\/\/weplex-heatexchanger.com\/en\/fields-of-application\/industrial-laundry\/#breadcrumb\",\"itemListElement\":[{\"@type\":\"ListItem\",\"position\":1,\"item\":{\"@type\":\"WebPage\",\"@id\":\"https:\/\/weplex-heatexchanger.com\/en\/\",\"url\":\"https:\/\/weplex-heatexchanger.com\/en\/\",\"name\":\"Accueil\"}},{\"@type\":\"ListItem\",\"position\":2,\"item\":{\"@type\":\"WebPage\",\"@id\":\"https:\/\/weplex-heatexchanger.com\/en\/fields-of-application\/\",\"url\":\"https:\/\/weplex-heatexchanger.com\/en\/fields-of-application\/\",\"name\":\"Fields of application\"}},{\"@type\":\"ListItem\",\"position\":3,\"item\":{\"@type\":\"WebPage\",\"@id\":\"https:\/\/weplex-heatexchanger.com\/en\/fields-of-application\/industrial-laundry\/\",\"url\":\"https:\/\/weplex-heatexchanger.com\/en\/fields-of-application\/industrial-laundry\/\",\"name\":\"Industrial laundry\"}}]}]}<\/script>\n<!-- \/ Yoast SEO plugin. -->","_links":{"self":[{"href":"https:\/\/weplex-heatexchanger.com\/en\/wp-json\/wp\/v2\/pages\/6320","targetHints":{"allow":["GET"]}}],"collection":[{"href":"https:\/\/weplex-heatexchanger.com\/en\/wp-json\/wp\/v2\/pages"}],"about":[{"href":"https:\/\/weplex-heatexchanger.com\/en\/wp-json\/wp\/v2\/types\/page"}],"author":[{"embeddable":true,"href":"https:\/\/weplex-heatexchanger.com\/en\/wp-json\/wp\/v2\/users\/2"}],"replies":[{"embeddable":true,"href":"https:\/\/weplex-heatexchanger.com\/en\/wp-json\/wp\/v2\/comments?post=6320"}],"version-history":[{"count":2,"href":"https:\/\/weplex-heatexchanger.com\/en\/wp-json\/wp\/v2\/pages\/6320\/revisions"}],"predecessor-version":[{"id":6396,"href":"https:\/\/weplex-heatexchanger.com\/en\/wp-json\/wp\/v2\/pages\/6320\/revisions\/6396"}],"up":[{"embeddable":true,"href":"https:\/\/weplex-heatexchanger.com\/en\/wp-json\/wp\/v2\/pages\/6259"}],"wp:featuredmedia":[{"embeddable":true,"href":"https:\/\/weplex-heatexchanger.com\/en\/wp-json\/wp\/v2\/media\/6321"}],"wp:attachment":[{"href":"https:\/\/weplex-heatexchanger.com\/en\/wp-json\/wp\/v2\/media?parent=6320"}],"curies":[{"name":"wp","href":"https:\/\/api.w.org\/{rel}","templated":true}]}}