{"id":6336,"date":"2019-02-13T08:09:04","date_gmt":"2019-02-13T08:09:04","guid":{"rendered":"https:\/\/weplex-heatexchanger.com\/fields-of-application\/chimie\/"},"modified":"2020-02-04T16:06:01","modified_gmt":"2020-02-04T16:06:01","slug":"chemical-industry","status":"publish","type":"page","link":"https:\/\/weplex-heatexchanger.com\/en\/fields-of-application\/chemical-industry\/","title":{"rendered":"Chemical Industry"},"content":{"rendered":"\n<figure class=\"wp-block-image is-resized fullscreen\"><img loading=\"lazy\" decoding=\"async\" src=\"https:\/\/weplex-heatexchanger.com\/wp-content\/uploads\/2019\/02\/chimie-laboratoire.jpg\" alt=\"\" class=\"wp-image-1501 fullscreen\" width=\"1920\" height=\"500\"><\/figure>\n\n\n\n<div class=\"ariane pad\">\n<a href=\"https:\/\/weplex-heatexchanger.com\/en\/\">Home<\/a> \u00bb <a href=\"https:\/\/weplex-heatexchanger.com\/en\/fields-of-application\/\">Fields of application<\/a> \u00bb Chemical Industry\n<\/div>\n<div style=\"height:30px\" aria-hidden=\"true\" class=\"wp-block-spacer\"><\/div>\n\n\n\n<div class=\"labbe1\">\n<div class=\"septexte pad col-sm-6\">\n<h1 style=\"text-align:center\"><span style=\"color: #c31a22;\">Chemical Industry<\/span><\/h1>\n<section id=\"content-section-2\">\n<div class=\"gdlr-color-wrapper no-skin\">\n<div class=\"container\">\n<div class=\"gdlr-item gdlr-content-item\">\n\n<p>Since more than 70 years, the company Labbe has worked for the chemical industry and has evolved and got the necessary experience to adapt to all activities of the chemical industry:<\/p>\n\n<ul><li>Dyes<\/li>\n<li>Perfume<\/li>\n<li>Distillation<\/li>\n<li>Fine chemistry<\/li>\n<li>Explosives<\/li>\n<li>Concentration<\/li>\n<\/ul>\n\n\n<p>Thus the Weplex is a reliable equipment for all kinds of activities in the sector of chemical industry.<\/p>\n\n\n<\/div>\n<p>&nbsp;<\/p>\n<\/div>\n<\/div>\n<\/section>\n<\/div>\n\n<div class=\"col-sm-6 middle-img\">\n<figure class=\"wp-block-image is-resized\"><img loading=\"lazy\" decoding=\"async\" src=\"https:\/\/weplex-heatexchanger.com\/wp-content\/uploads\/2019\/02\/laboratory-1009190_640.jpg\" alt=\"\" class=\"wp-image-border\" width=\"1000\" height=\"671\"><\/figure><\/div>\n<\/div>\n\n\n\n<div style=\"height:30px\" aria-hidden=\"true\" class=\"wp-block-spacer clearfix\"><\/div>\n\n\n<a class=\"maxbutton-3 maxbutton maxbutton-brochure-es\" href=\"\/en\/download-our-catalogue\/\"><span class='mb-text'>Download our catalogue<\/span><\/a>\n\n\n<div style=\"height:30px\" aria-hidden=\"true\" class=\"wp-block-spacer clearfix\"><\/div>\n\n\n\n<div class=\"labbe2\">\n<div class=\"col-sm-6 middle-img\">\n<figure class=\"wp-block-image is-resized\"><img loading=\"lazy\" decoding=\"async\" class=\"wp-image-border\" src=\"https:\/\/weplex-heatexchanger.com\/wp-content\/uploads\/2019\/02\/chimie-usine.jpeg\" alt=\"\" width=\"1000\" height=\"671\"><\/figure>\n<\/div>\n\n<div class=\"col-sm-6 huitexte\">\n<h2 style=\"text-align: center;\"><span style=\"color: #c31a22;\">Why install a heat exchanger in the chemical industry sector?<\/span><\/h2>\n\n\n<p>In this context Weplex\u00ae heat exchangers are particularly adapted to the heating or cooling down of liquids and they are very performant for heavy fluids charged in suspended particles.  Moreover, since the Weplex has large canals, the fluids can circulate easily even if they are very charged in substances.<\/p>\n\n<p>Thus their performances are higher than those of classical tubular heat exchangers (30 to 40% better).  Moreover, since they are very compact, the Weplex\u00ae heat exchangers are very easy to install and clean.<\/p>\n\n<p>They have been designed and developed by Labbe Process Equipment to take into account the different constraints of chemical industry.<\/p>\n\n<\/div>\n<\/div>\n\n\n\n<div style=\"height:30px\" aria-hidden=\"true\" class=\"wp-block-spacer clearfix\"><\/div>\n\n\n\n<div class=\"application\">\n<h3 style=\"text-align: center;\"><span style=\"color: #c31a22;\">Other fields of application<\/span><\/h3>\n<a href=\"https:\/\/weplex-heatexchanger.com\/en\/fields-of-application\/petrochemical\/\">\n<div class=\"app app5 col-sm-3 col-xs-6\">\n<div class=\"content\">\n<p>Petrochemical<\/p>\n<div class=\"domimage\"><img loading=\"lazy\" decoding=\"async\" class=\"wp-image-suc\" src=\"https:\/\/weplex-heatexchanger.com\/wp-content\/uploads\/2019\/02\/petrochimique.png\" alt=\"\" width=\"100\" height=\"100\"><\/div>\n<\/div>\n<\/div>\n<a\/>\n\n<a href=\"https:\/\/weplex-heatexchanger.com\/en\/fields-of-application\/industrial-laundry\/\">\n<div class=\"app app6 col-sm-3 col-xs-6\">\n<div class=\"content\">\n<p>Industrial laundry<\/p>\n<div class=\"domimage\"><img loading=\"lazy\" decoding=\"async\" class=\"wp-image-suc\" src=\"https:\/\/weplex-heatexchanger.com\/wp-content\/uploads\/2019\/02\/blanchisserie.png\" alt=\"\" width=\"100\" height=\"100\"><\/div>\n<\/div>\n<\/div>\n<a\/>\n\n<a href=\"https:\/\/weplex-heatexchanger.com\/en\/fields-of-application\/biotechnology\/\">\n<div class=\"app app7 col-sm-3 col-xs-6\">\n<div class=\"content\">\n<p>Biotechnology<\/p>\n<div class=\"domimage\"><img loading=\"lazy\" decoding=\"async\" class=\"wp-image-suc\" src=\"https:\/\/weplex-heatexchanger.com\/wp-content\/uploads\/2019\/02\/biotechnologie.png\" alt=\"\" width=\"100\" height=\"100\"><\/div>\n<\/div>\n<\/div>\n<a\/>\n\n<a href=\"https:\/\/weplex-heatexchanger.com\/en\/fields-of-application\/mining-exploitation\/\">\n<div class=\"app app8 col-sm-3 col-xs-6\">\n<div class=\"content\">\n<p>Mining exploitation<\/p>\n<div class=\"domimage\"><img loading=\"lazy\" decoding=\"async\" class=\"wp-image-suc\" src=\"https:\/\/weplex-heatexchanger.com\/wp-content\/uploads\/2019\/02\/mine.png\" alt=\"\" width=\"100\" height=\"100\"><\/div>\n<\/div>\n<\/div>\n<a\/>\n<\/div>\n\n\n\n<div style=\"height:30px\" aria-hidden=\"true\" class=\"wp-block-spacer clearfix\"><\/div>\n","protected":false},"excerpt":{"rendered":"<p>Home \u00bb Fields of application \u00bb Chemical Industry Chemical Industry Since more than 70 years, the company Labbe has worked for the chemical industry and has evolved and got the necessary experience to adapt to all activities of the chemical<\/p>\n","protected":false},"author":2,"featured_media":6337,"parent":6259,"menu_order":0,"comment_status":"closed","ping_status":"closed","template":"","meta":{"footnotes":""},"class_list":["post-6336","page","type-page","status-publish","has-post-thumbnail","hentry"],"yoast_head":"<!-- This site is optimized with the Yoast SEO plugin v16.1.1 - https:\/\/yoast.com\/wordpress\/plugins\/seo\/ -->\n<title>Chemical Industry - Welded Plates Heat Exchanger Weplex<\/title>\n<meta name=\"description\" content=\"The Weplex heat exchanger is a reliable equipment for all kinds of activities in the sector of chemical industry, because it is totally adapted.\" \/>\n<link rel=\"canonical\" href=\"https:\/\/weplex-heatexchanger.com\/en\/fields-of-application\/chemical-industry\/\" \/>\n<meta property=\"og:locale\" content=\"en_US\" \/>\n<meta property=\"og:type\" content=\"article\" \/>\n<meta property=\"og:title\" content=\"Chemical Industry - Welded Plates Heat Exchanger Weplex\" \/>\n<meta property=\"og:description\" content=\"The Weplex heat exchanger is a reliable equipment for all kinds of activities in the sector of chemical industry, because it is totally adapted.\" \/>\n<meta property=\"og:url\" content=\"https:\/\/weplex-heatexchanger.com\/en\/fields-of-application\/chemical-industry\/\" \/>\n<meta property=\"og:site_name\" content=\"Weplex, l&#039;\u00e9changeur de chaleur \u00e0 plaques soud\u00e9es\" \/>\n<meta property=\"article:modified_time\" content=\"2020-02-04T16:06:01+00:00\" \/>\n<meta property=\"og:image\" content=\"https:\/\/weplex-heatexchanger.com\/wp-content\/uploads\/2019\/02\/chimie-usine.jpeg\" \/>\n\t<meta property=\"og:image:width\" content=\"1000\" \/>\n\t<meta property=\"og:image:height\" content=\"813\" \/>\n<meta name=\"twitter:card\" content=\"summary_large_image\" \/>\n<meta name=\"twitter:label1\" content=\"Est. reading time\">\n\t<meta name=\"twitter:data1\" content=\"1 minute\">\n<script type=\"application\/ld+json\" class=\"yoast-schema-graph\">{\"@context\":\"https:\/\/schema.org\",\"@graph\":[{\"@type\":\"WebSite\",\"@id\":\"https:\/\/weplex-heatexchanger.com\/#website\",\"url\":\"https:\/\/weplex-heatexchanger.com\/\",\"name\":\"Weplex, l&#039;\\u00e9changeur de chaleur \\u00e0 plaques soud\\u00e9es\",\"description\":\"\",\"potentialAction\":[{\"@type\":\"SearchAction\",\"target\":\"https:\/\/weplex-heatexchanger.com\/?s={search_term_string}\",\"query-input\":\"required name=search_term_string\"}],\"inLanguage\":\"en-US\"},{\"@type\":\"ImageObject\",\"@id\":\"https:\/\/weplex-heatexchanger.com\/en\/fields-of-application\/chemical-industry\/#primaryimage\",\"inLanguage\":\"en-US\",\"url\":\"https:\/\/weplex-heatexchanger.com\/wp-content\/uploads\/2019\/02\/chimie-usine.jpeg\",\"contentUrl\":\"https:\/\/weplex-heatexchanger.com\/wp-content\/uploads\/2019\/02\/chimie-usine.jpeg\",\"width\":1000,\"height\":813},{\"@type\":\"WebPage\",\"@id\":\"https:\/\/weplex-heatexchanger.com\/en\/fields-of-application\/chemical-industry\/#webpage\",\"url\":\"https:\/\/weplex-heatexchanger.com\/en\/fields-of-application\/chemical-industry\/\",\"name\":\"Chemical Industry - Welded Plates Heat Exchanger Weplex\",\"isPartOf\":{\"@id\":\"https:\/\/weplex-heatexchanger.com\/#website\"},\"primaryImageOfPage\":{\"@id\":\"https:\/\/weplex-heatexchanger.com\/en\/fields-of-application\/chemical-industry\/#primaryimage\"},\"datePublished\":\"2019-02-13T08:09:04+00:00\",\"dateModified\":\"2020-02-04T16:06:01+00:00\",\"description\":\"The Weplex heat exchanger is a reliable equipment for all kinds of activities in the sector of chemical industry, because it is totally adapted.\",\"breadcrumb\":{\"@id\":\"https:\/\/weplex-heatexchanger.com\/en\/fields-of-application\/chemical-industry\/#breadcrumb\"},\"inLanguage\":\"en-US\",\"potentialAction\":[{\"@type\":\"ReadAction\",\"target\":[\"https:\/\/weplex-heatexchanger.com\/en\/fields-of-application\/chemical-industry\/\"]}]},{\"@type\":\"BreadcrumbList\",\"@id\":\"https:\/\/weplex-heatexchanger.com\/en\/fields-of-application\/chemical-industry\/#breadcrumb\",\"itemListElement\":[{\"@type\":\"ListItem\",\"position\":1,\"item\":{\"@type\":\"WebPage\",\"@id\":\"https:\/\/weplex-heatexchanger.com\/en\/\",\"url\":\"https:\/\/weplex-heatexchanger.com\/en\/\",\"name\":\"Accueil\"}},{\"@type\":\"ListItem\",\"position\":2,\"item\":{\"@type\":\"WebPage\",\"@id\":\"https:\/\/weplex-heatexchanger.com\/en\/fields-of-application\/\",\"url\":\"https:\/\/weplex-heatexchanger.com\/en\/fields-of-application\/\",\"name\":\"Fields of application\"}},{\"@type\":\"ListItem\",\"position\":3,\"item\":{\"@type\":\"WebPage\",\"@id\":\"https:\/\/weplex-heatexchanger.com\/en\/fields-of-application\/chemical-industry\/\",\"url\":\"https:\/\/weplex-heatexchanger.com\/en\/fields-of-application\/chemical-industry\/\",\"name\":\"Chemical Industry\"}}]}]}<\/script>\n<!-- \/ Yoast SEO plugin. -->","_links":{"self":[{"href":"https:\/\/weplex-heatexchanger.com\/en\/wp-json\/wp\/v2\/pages\/6336","targetHints":{"allow":["GET"]}}],"collection":[{"href":"https:\/\/weplex-heatexchanger.com\/en\/wp-json\/wp\/v2\/pages"}],"about":[{"href":"https:\/\/weplex-heatexchanger.com\/en\/wp-json\/wp\/v2\/types\/page"}],"author":[{"embeddable":true,"href":"https:\/\/weplex-heatexchanger.com\/en\/wp-json\/wp\/v2\/users\/2"}],"replies":[{"embeddable":true,"href":"https:\/\/weplex-heatexchanger.com\/en\/wp-json\/wp\/v2\/comments?post=6336"}],"version-history":[{"count":2,"href":"https:\/\/weplex-heatexchanger.com\/en\/wp-json\/wp\/v2\/pages\/6336\/revisions"}],"predecessor-version":[{"id":6389,"href":"https:\/\/weplex-heatexchanger.com\/en\/wp-json\/wp\/v2\/pages\/6336\/revisions\/6389"}],"up":[{"embeddable":true,"href":"https:\/\/weplex-heatexchanger.com\/en\/wp-json\/wp\/v2\/pages\/6259"}],"wp:featuredmedia":[{"embeddable":true,"href":"https:\/\/weplex-heatexchanger.com\/en\/wp-json\/wp\/v2\/media\/6337"}],"wp:attachment":[{"href":"https:\/\/weplex-heatexchanger.com\/en\/wp-json\/wp\/v2\/media?parent=6336"}],"curies":[{"name":"wp","href":"https:\/\/api.w.org\/{rel}","templated":true}]}}