{"id":5887,"date":"2019-01-08T13:58:31","date_gmt":"2019-01-08T13:58:31","guid":{"rendered":"https:\/\/weplex-heatexchanger.com\/welded-plates-heat-exchanger\/"},"modified":"2020-02-04T08:49:41","modified_gmt":"2020-02-04T08:49:41","slug":"welded-plates-heat-exchanger","status":"publish","type":"page","link":"https:\/\/weplex-heatexchanger.com\/es\/","title":{"rendered":"Weplex\u00ae &#8211; Intercambiador de calor"},"content":{"rendered":"\n\n\n\n\n<div style=\"height:35px\" aria-hidden=\"true\" class=\"wp-block-spacer\"><\/div>\n\n\n\n<div class=\"entet\">\n\n<div class=\"rea1 col-sm-3 col-xs-6\">\n<img loading=\"lazy\" decoding=\"async\" class=\"wp-rea\" src=\"https:\/\/weplex-heatexchanger.com\/wp-content\/uploads\/2020\/01\/larges-canaux.png\" alt=\"larges canaux\" width=\"64\" height=\"43\"><p class=\"rea\" style=\"color: #013f63; font-weight:bold;\">Anchas canalizaciones<\/p><\/div>\n\n<div class=\"rea1 col-sm-3 col-xs-6\">\n<img loading=\"lazy\" decoding=\"async\" class=\"wp-rea\" src=\"https:\/\/weplex-heatexchanger.com\/wp-content\/uploads\/2020\/01\/robustesse.png\" alt=\"robustesse\" width=\"76\" height=\"43\">\n<p class=\"rea\" style=\"color: #c31a22; font-weight:bold;\">Mayor robustez<\/p><\/div>\n\n<div class=\"rea1 col-sm-3 col-xs-6\">\n<img loading=\"lazy\" decoding=\"async\" class=\"wp-rea\" src=\"https:\/\/weplex-heatexchanger.com\/wp-content\/uploads\/2020\/01\/maintenance.png\" alt=\"maintenance\" width=\"43\" height=\"43\"><p class=\"rea\" style=\"color: #02b2b0; font-weight:bold;\">Facilidad de mantenimiento<\/p><\/div>\n\n<div class=\"rea1 col-sm-3 col-xs-6\">\n<img loading=\"lazy\" decoding=\"async\" class=\"wp-rea\" src=\"https:\/\/weplex-heatexchanger.com\/wp-content\/uploads\/2020\/01\/performance.png\" alt=\"Alto rendimiento\" width=\"64\" height=\"43\">\n<p class=\"rea\" style=\"color: #2a3236; font-weight:bold;\">Alto rendimiento<\/p><\/div>\n\n<\/div>\n<\/div>\n\n\n\n<div style=\"height:30px\" aria-hidden=\"true\" class=\"wp-block-spacer\"><\/div>\n<div class=\"grey-bg\"><div style=\"height:1px\" aria-hidden=\"true\" class=\"wp-block-spacer\"><\/div>\n\n\n\n<h2 style=\"text-align:center\"><span style=\"color:#c31a22\" class=\"tadv-color\">Un intercambiador t\u00e9rmico \u00fanico<\/span><\/h2>\n\n\n\n<p class=\"has-text-align-left homepad\"><strong>El intercambiador de calor de placas soldadas Weplex\u00ae&nbsp;<\/strong>se ha desarrollado y patentado con el fin de proponer un intercambiador t\u00e9rmico \u00fanico en el mercado gracias a su rendimiento mejorado.<\/p>\n\n\n\n<p class=\"has-text-align-left homepad\">El Weplex\u00ae es un <strong>intercambiador t\u00e9rmico de anchas canalizaciones<\/strong> en el que su dise\u00f1o innovador le confiere una gran robustez. &nbsp;La tecnolog\u00eda laser, utilizada para la soldadura de las placas, garantiza al intercambiador Weplex\u00ae mayor longevidad.<br>El Weplex\u00ae est\u00e1 particularmente adaptado para los fluidos dif\u00edciles y viscosos cargados en part\u00edculas.&nbsp; Su dise\u00f1o compacto asegura una r\u00e1pida puesta en funcionamiento y una f\u00e1cil limpieza.<\/p>\n\n\n\n<p class=\"has-text-align-left homepad\">Nuestro <strong>intercambiador de calor de placas soldadas Weplex \u00ae<\/strong>&nbsp; est\u00e1 fabricado <strong>a medida<\/strong>. &nbsp;Su concepci\u00f3n, estudio dimensional y fabricaci\u00f3n se realiza \u00edntegramente en nuestro site industrial de 10&nbsp;000 m\u00b2 en Seine et Marne a 40 kms de Par\u00eds (Francia).&nbsp; Nuestra experiencia industrial desde hace 70 a\u00f1os nos ha permitido hallar las soluciones t\u00e9rmicas adaptadas a cada una de las aplicaciones.<\/p>\n\n\n\n<div style=\"height:20px\" aria-hidden=\"true\" class=\"wp-block-spacer\"><\/div>\n\n\n<a class=\"maxbutton-2 maxbutton maxbutton-brochure\" href=\"\/es\/solicitud-de-folleto\/\"><span class='mb-text'>Descargar el folleto<\/span><\/a>\n\n\n<div style=\"height:40px\" aria-hidden=\"true\" class=\"wp-block-spacer\"><\/div><\/div>\n\n\n\n<div style=\"height:60px\" aria-hidden=\"true\" class=\"wp-block-spacer\"><\/div>\n\n\n\n<h2 style=\"text-align: center;\"><span style=\"color: #c31a22;\"><strong>Un intercambiador t\u00e9rmico de teconolog\u00eda innovadora<\/strong><\/span><\/h2>\n<p class=\"homepad\">Labbe Process Equipment es una empresa de fabricaci\u00f3n francesa, creadora de soluciones de intercambio t\u00e9rmico aplicado a la industria. Gracias a nuestros 70 a\u00f1os de experiencia, proponemos intercambiadores de calor adaptados a cada una de las aplicaciones industriales (azucarera, agroalimentaria, industria cervecera, qu\u00edmica, industria papelera, etc).<\/p>\n<p class=\"homepad\">Gracias a nuestra pol\u00edtica de investigaci\u00f3n, proponemos aparatos novedosos as\u00ed como tecnolog\u00edas de intercambio t\u00e9rmico cada vez m\u00e1s innovadoras.<\/p>\n<p class=\"homepad\">Nuestro Weplex\u00ae, de concepci\u00f3n \u00fanica y patentada, ha sido ideado para responder a todo tipo de intercambio entre materias : gas-gas, agua-agua, l\u00edquido-l\u00edquido, condesaci\u00f3n, evaporaci\u00f3n, calentamiento, enfriamiento, etc<\/p>\n<p class=\"homepad\">El Weplex\u00ae es un intercambiador t\u00e9rmico de canales anchos en el que su novedoso dise\u00f1o le confiere una gran robustez. La tecnolog\u00eda laser, utilizada para la soldadura de las placas, garantiza una aumentada longevidad al intercambiador Weplex\u00ae.<\/p>\n<p class=\"homepad\">El Weplex\u00ae se adapta particularmente a los fluidos dif\u00edciles y viscosos cargados de part\u00edculas. Su dise\u00f1o compacto asegura una r\u00e1pida puesta en funcionamiento y una f\u00e1cil limpieza.<\/p>\n\n\n\n<div style=\"height:100px\" aria-hidden=\"true\" class=\"wp-block-spacer\"><\/div>\n\n\n\n<div class=\"weplex-img\">\n<div class=\"mt col-sm-6 col-xs-12\">\n<div class=\"mt1\">\n<p>&nbsp;<\/p>\n<h2 style=\"text-align: center;\"><span style=\"color: #ffffff;\"><strong><span class=\"tadv-color\"><a style=\"color: #ffffff;\" href=\"\/?page_id=21\"> INTERCAMBIADOR TERMICO DE PLACAS SOLDADAS<\/a><\/span><\/strong><\/span><\/h2>\n<p>&nbsp;<\/p>\n<p style=\"text-align: center;\"><span style=\"color: #ffffff;\"><strong> VENTAJAS DEL INTERCAMBIADOR TERMICO WEPLEX\u00ae<\/strong><\/span><\/p>\n<div class=\"mtp\">\n<p style=\"text-align: left;\"><span style=\"color: #ffffff;\">\u27a1\ufe0f Dise\u00f1o patentado<\/span><\/p>\n<p style=\"text-align: left;\"><span style=\"color: #ffffff;\">\u27a1\ufe0f Placas de intercambio soldadas por laser<\/span><\/p>\n<p style=\"text-align: left;\"><span style=\"color: #ffffff;\">\u27a1\ufe0f Concepci\u00f3n y Fabricaci\u00f3n 100% Francesa<\/span><\/p>\n<p style=\"text-align: left;\"><span style=\"color: #ffffff;\">\u27a1\ufe0f Adaptado a fluidos cargados o viscosos<\/span><\/p>\n<\/div>\n<\/div>\n<\/div>\n<div class=\"mt col-sm-6 col-xs-12\">\n<div class=\"mt2\">\n<figure>\n<figure><img loading=\"lazy\" decoding=\"async\" class=\"alignnone wp-image-5832\" src=\"https:\/\/weplex-heatexchanger.com\/wp-content\/uploads\/2020\/01\/weplex-2020-2-300x238.png\" alt=\"weplex \u00e9changeur \u00e0 larges canaux\" width=\"500\" height=\"396\" srcset=\"https:\/\/weplex-heatexchanger.com\/wp-content\/uploads\/2020\/01\/weplex-2020-2-300x238.png 300w, https:\/\/weplex-heatexchanger.com\/wp-content\/uploads\/2020\/01\/weplex-2020-2.png 700w\" sizes=\"auto, (max-width: 500px) 100vw, 500px\" \/><\/figure>\n<\/figure>\n<\/div>\n<\/div>\n<\/div>\n\n\n\n<div style=\"height:100px\" aria-hidden=\"true\" class=\"wp-block-spacer\"><\/div>\n\n\n\n<h3 class=\"has-text-align-center wp-block-heading\"><span style=\"color:#424143\" class=\"tadv-color\">DOMINIOS DE APLICACION<\/span><\/h3>\n\n\n\n<p class=\"has-text-align-left homepad\">Nuestro intercambiador de calor de placas soldadas de anchos canales Weplex\u00ae <strong>se adapta<\/strong> <strong>perfectamente<\/strong> a todas las aplicaciones industriales.&nbsp; Este dispositivo 100%&nbsp; franc\u00e9s, est\u00e1 fabricado a medida y ofrece una soluci\u00f3n t\u00e9rmica innovadora que pal\u00eda a los problemas de los intercambiadores t\u00e9rmicos tradicionales.  <\/p>\n\n\n\n<p class=\"has-text-align-left homepad\">El intercambiador Weplex\u00ae permite responder a las necesidades de los diferentes procesos industriales como en las industrias azucareras, papeleras, agroalimentarias, qu\u00edmicas, farmaceuticas, tratamiento del agua, textiles, unidades de incineraci\u00f3n, t\u00e9cnicas de climatizaci\u00f3n, etc.<\/p>\n\n\n\n<p class=\"has-text-align-left homepad\"><strong>Los intercambiadores t\u00e9rmicos de placas soldadas Weplex\u00ae<\/strong>&nbsp;se utilizan en el mundo entero.<br><\/p>\n\n\n\n<div style=\"height:40px\" aria-hidden=\"true\" class=\"wp-block-spacer\"><\/div>\n\n\n\n<div class=\"application\">\n\n<a href=\"\/?page_id=132\">\n<div class=\"app app1 col-sm-3 col-xs-6\">\n<div class=\"content\">\n<p>Azucarera<\/p>\n<div class=\"domimage\"><img loading=\"lazy\" decoding=\"async\" class=\"wp-image-suc\" src=\"https:\/\/weplex-heatexchanger.com\/wp-content\/uploads\/2019\/01\/SUGARCANE-greyd.png\" alt=\"\" width=\"100\" height=\"100\"><\/div>\n<\/div>\n<\/div>\n<a\/>\n\n<a href=\"\/?page_id=107\">\n<div class=\"app app2 col-sm-3 col-xs-6\">\n<div class=\"content\">\n<p>Agroalimentario<\/p>\n<div class=\"domimage\"><img loading=\"lazy\" decoding=\"async\" class=\"wp-image-suc\" src=\"https:\/\/weplex-heatexchanger.com\/wp-content\/uploads\/2019\/02\/agroalimentaire.png\" alt=\"\" width=\"100\" height=\"100\"><\/div>\n<\/div>\n<\/div>\n<a\/>\n\n<a href=\"\/?page_id=3025\">\n<div class=\"app app3 col-sm-3 col-xs-6\">\n<div class=\"content\">\n<p>Metal\u00fargica<\/p>\n<div class=\"domimage\"><img loading=\"lazy\" decoding=\"async\" class=\"wp-image-suc\" src=\"https:\/\/weplex-heatexchanger.com\/wp-content\/uploads\/2019\/02\/metal.png\" alt=\"\" width=\"100\" height=\"100\"><\/div>\n<\/div>\n<\/div>\n<a\/>\n\n<a href=\"\/?page_id=3128\">\n<div class=\"app app4 col-sm-3 col-xs-6\">\n<div class=\"content\">\n<p>Cervecera<\/p>\n<div class=\"domimage\"><img loading=\"lazy\" decoding=\"async\" class=\"wp-image-suc\" src=\"https:\/\/weplex-heatexchanger.com\/wp-content\/uploads\/2019\/02\/distillerie.png\" alt=\"\" width=\"100\" height=\"100\"><\/div>\n<\/div>\n<\/div>\n<a\/>\n\n<a href=\"\/?page_id=3143\">\n<div class=\"app app5 col-sm-3 col-xs-6\">\n<div class=\"content\">\n<p>Petroqu\u00edmica<\/p>\n<div class=\"domimage\"><img loading=\"lazy\" decoding=\"async\" class=\"wp-image-suc\" src=\"https:\/\/weplex-heatexchanger.com\/wp-content\/uploads\/2019\/02\/petrochimique.png\" alt=\"\" width=\"100\" height=\"100\"><\/div>\n<\/div>\n<\/div>\n<a\/>\n\n<a href=\"\/?page_id=3160\">\n<div class=\"app app6 col-sm-3 col-xs-6\">\n<div class=\"content\">\n<p>Lavander\u00eda<\/p>\n<div class=\"domimage\"><img loading=\"lazy\" decoding=\"async\" class=\"wp-image-suc\" src=\"https:\/\/weplex-heatexchanger.com\/wp-content\/uploads\/2019\/02\/blanchisserie.png\" alt=\"\" width=\"100\" height=\"100\"><\/div>\n<\/div>\n<\/div>\n<a\/>\n\n<a href=\"\/?page_id=3185\">\n<div class=\"app app7 col-sm-3 col-xs-6\">\n<div class=\"content\">\n<p>Biotecnolog\u00eda<\/p>\n<div class=\"domimage\"><img loading=\"lazy\" decoding=\"async\" class=\"wp-image-suc\" src=\"https:\/\/weplex-heatexchanger.com\/wp-content\/uploads\/2019\/02\/biotechnologie.png\" alt=\"\" width=\"100\" height=\"100\"><\/div>\n<\/div>\n<\/div>\n<a\/>\n\n<a href=\"\/?page_id=3208\">\n<div class=\"app app8 col-sm-3 col-xs-6\">\n<div class=\"content\">\n<p>Miner\u00eda<\/p>\n<div class=\"domimage\"><img loading=\"lazy\" decoding=\"async\" class=\"wp-image-suc\" src=\"https:\/\/weplex-heatexchanger.com\/wp-content\/uploads\/2019\/02\/mine.png\" alt=\"\" width=\"100\" height=\"100\"><\/div>\n<\/div>\n<\/div>\n<a\/>\n\n<\/div>\n\n\n\n<div class=\"grey-bg\"><div style=\"height:70px\" aria-hidden=\"true\" class=\"wp-block-spacer\"><\/div>\n\n\n\n<h3 class=\"has-text-align-center post wp-block-heading\"><span style=\"color:#424143\" class=\"tadv-color\">INTERCAMBIADOR TERMICO FIABLE<\/span><\/h3>\n\n\n\n<p class=\"has-text-align-left homepad\"><span style=\"color:#313131\" class=\"tadv-color\">Es gracias a su proceso de fabricaci\u00f3n que el <strong>Weplex\u00ae<\/strong>&nbsp;es muy novedoso ya que utiliza el m\u00e9todo de soldadura por laser lo cual le garantiza una gran fiabilidad y una prolongada duraci\u00f3n de vida.<\/span><\/p>\n\n\n<a class=\"maxbutton-2 maxbutton maxbutton-brochure\" href=\"\/es\/solicitud-de-folleto\/\"><span class='mb-text'>Descargar el folleto<\/span><\/a>\n\n\n<div style=\"height:70px\" aria-hidden=\"true\" class=\"wp-block-spacer\"><\/div>\n<\/div>\n<div style=\"height:50px\" aria-hidden=\"true\" class=\"wp-block-spacer\"><\/div>\n\n\n\n<h3 class=\"has-text-color has-text-align-center wp-block-heading\" style=\"color:#c31a22\">Labbe Process Equipment experta en calderer\u00eda industrial desde 1948<\/h3>\n\n\n\n<p class=\"homepad\">Todos nuestros equipamientos los fabricamos en <strong>nuestro taller de 10.000 m\u00b2 en Tournan en Brie, a 40 kms al este de Paris, en Francia<\/strong>.&nbsp; Proponemos numerosos materiales (todos de or\u00edgen Europeo) como aceros inoxidables (304L, 316L, 316TI, 321, UB6), los duplex, aleaciones de nickel etc.<\/p>\n\n\n\n<p class=\"homepad\">Labbe Process Equipment posee en sus locales <strong>su propio departamento t\u00e9cnico y de dise\u00f1o<\/strong> ya que nos comprometemos a aportar, gracias a nuestra larga experiencia, las soluciones m\u00e1s eficaces y adaptadas a las necesidades del cliente. <\/p>\n\n\n\n<p class=\"homepad\">Adem\u00e1s y con el fin de garantizar la mejor calidad de equipamientos y de servicios, todos nuestos aparatos son fabricados conforme a la reglementaci\u00f3n internacional : DESP, ADMerkblatt, GOST-R, UDT, etc<\/p>\n\n\n\n<p class=\"homepad\"><strong>Nuestros expertos ingenieros est\u00e1n a su disposici\u00f3n para acompa\u00f1arle <\/strong>desde el dise\u00f1o y fabricaci\u00f3n hasta la instalaci\u00f3n, pasando por el mantenimiento y hasta la manera de hacer evolucionar los equipamientos e incluso en su renovaci\u00f3n.  <\/p>\n\n\n","protected":false},"excerpt":{"rendered":"<p>Anchas canalizaciones Mayor robustez Facilidad de mantenimiento Alto rendimiento Un intercambiador t\u00e9rmico \u00fanico El intercambiador de calor de placas soldadas Weplex\u00ae&nbsp;se ha desarrollado y patentado con el fin de proponer un intercambiador t\u00e9rmico \u00fanico en el mercado gracias a su<\/p>\n","protected":false},"author":1,"featured_media":5833,"parent":0,"menu_order":0,"comment_status":"closed","ping_status":"closed","template":"page-templates\/page-builder.php","meta":{"footnotes":""},"class_list":["post-5887","page","type-page","status-publish","has-post-thumbnail","hentry"],"yoast_head":"<!-- This site is optimized with the Yoast SEO plugin v16.1.1 - https:\/\/yoast.com\/wordpress\/plugins\/seo\/ -->\n<title>Weplex\u00ae - Intercambiador de calor<\/title>\n<meta name=\"description\" content=\"El Weplex\u00ae es un intercambiador t\u00e9rmico de anchas canalizaciones en el que su dise\u00f1o innovador le confiere una gran robustez.\" \/>\n<link rel=\"canonical\" href=\"https:\/\/weplex-heatexchanger.com\/es\/\" \/>\n<meta property=\"og:locale\" content=\"es_ES\" \/>\n<meta property=\"og:type\" content=\"article\" \/>\n<meta property=\"og:title\" content=\"Weplex\u00ae - Intercambiador de calor\" \/>\n<meta property=\"og:description\" content=\"El Weplex\u00ae es un intercambiador t\u00e9rmico de anchas canalizaciones en el que su dise\u00f1o innovador le confiere una gran robustez.\" \/>\n<meta property=\"og:url\" content=\"https:\/\/weplex-heatexchanger.com\/es\/\" \/>\n<meta property=\"og:site_name\" content=\"Weplex, l&#039;\u00e9changeur de chaleur \u00e0 plaques soud\u00e9es\" \/>\n<meta property=\"article:modified_time\" content=\"2020-02-04T08:49:41+00:00\" \/>\n<meta property=\"og:image\" content=\"https:\/\/weplex-heatexchanger.com\/wp-content\/uploads\/2020\/01\/weplex-2020-2.png\" \/>\n\t<meta property=\"og:image:width\" content=\"700\" \/>\n\t<meta property=\"og:image:height\" content=\"555\" \/>\n<meta name=\"twitter:card\" content=\"summary_large_image\" \/>\n<meta name=\"twitter:label1\" content=\"Tiempo de lectura\">\n\t<meta name=\"twitter:data1\" content=\"4 minutos\">\n<script type=\"application\/ld+json\" class=\"yoast-schema-graph\">{\"@context\":\"https:\/\/schema.org\",\"@graph\":[{\"@type\":\"WebSite\",\"@id\":\"https:\/\/weplex-heatexchanger.com\/#website\",\"url\":\"https:\/\/weplex-heatexchanger.com\/\",\"name\":\"Weplex, l&#039;\\u00e9changeur de chaleur \\u00e0 plaques soud\\u00e9es\",\"description\":\"\",\"potentialAction\":[{\"@type\":\"SearchAction\",\"target\":\"https:\/\/weplex-heatexchanger.com\/?s={search_term_string}\",\"query-input\":\"required name=search_term_string\"}],\"inLanguage\":\"es\"},{\"@type\":\"ImageObject\",\"@id\":\"https:\/\/weplex-heatexchanger.com\/es\/#primaryimage\",\"inLanguage\":\"es\",\"url\":\"https:\/\/weplex-heatexchanger.com\/wp-content\/uploads\/2020\/01\/weplex-2020-2.png\",\"contentUrl\":\"https:\/\/weplex-heatexchanger.com\/wp-content\/uploads\/2020\/01\/weplex-2020-2.png\",\"width\":700,\"height\":555,\"caption\":\"weplex \\u00e9changeur \\u00e0 larges canaux\"},{\"@type\":\"WebPage\",\"@id\":\"https:\/\/weplex-heatexchanger.com\/es\/#webpage\",\"url\":\"https:\/\/weplex-heatexchanger.com\/es\/\",\"name\":\"Weplex\\u00ae - Intercambiador de calor\",\"isPartOf\":{\"@id\":\"https:\/\/weplex-heatexchanger.com\/#website\"},\"primaryImageOfPage\":{\"@id\":\"https:\/\/weplex-heatexchanger.com\/es\/#primaryimage\"},\"datePublished\":\"2019-01-08T13:58:31+00:00\",\"dateModified\":\"2020-02-04T08:49:41+00:00\",\"description\":\"El Weplex\\u00ae es un intercambiador t\\u00e9rmico de anchas canalizaciones en el que su dise\\u00f1o innovador le confiere una gran robustez.\",\"breadcrumb\":{\"@id\":\"https:\/\/weplex-heatexchanger.com\/es\/#breadcrumb\"},\"inLanguage\":\"es\",\"potentialAction\":[{\"@type\":\"ReadAction\",\"target\":[\"https:\/\/weplex-heatexchanger.com\/es\/\"]}]},{\"@type\":\"BreadcrumbList\",\"@id\":\"https:\/\/weplex-heatexchanger.com\/es\/#breadcrumb\",\"itemListElement\":[{\"@type\":\"ListItem\",\"position\":1,\"item\":{\"@type\":\"WebPage\",\"@id\":\"https:\/\/weplex-heatexchanger.com\/es\/\",\"url\":\"https:\/\/weplex-heatexchanger.com\/es\/\",\"name\":\"Accueil\"}},{\"@type\":\"ListItem\",\"position\":2,\"item\":{\"@type\":\"WebPage\",\"@id\":\"https:\/\/weplex-heatexchanger.com\/es\/\",\"url\":\"https:\/\/weplex-heatexchanger.com\/es\/\",\"name\":\"Weplex\\u00ae &#8211; Intercambiador de calor\"}}]}]}<\/script>\n<!-- \/ Yoast SEO plugin. -->","_links":{"self":[{"href":"https:\/\/weplex-heatexchanger.com\/es\/wp-json\/wp\/v2\/pages\/5887","targetHints":{"allow":["GET"]}}],"collection":[{"href":"https:\/\/weplex-heatexchanger.com\/es\/wp-json\/wp\/v2\/pages"}],"about":[{"href":"https:\/\/weplex-heatexchanger.com\/es\/wp-json\/wp\/v2\/types\/page"}],"author":[{"embeddable":true,"href":"https:\/\/weplex-heatexchanger.com\/es\/wp-json\/wp\/v2\/users\/1"}],"replies":[{"embeddable":true,"href":"https:\/\/weplex-heatexchanger.com\/es\/wp-json\/wp\/v2\/comments?post=5887"}],"version-history":[{"count":11,"href":"https:\/\/weplex-heatexchanger.com\/es\/wp-json\/wp\/v2\/pages\/5887\/revisions"}],"predecessor-version":[{"id":6316,"href":"https:\/\/weplex-heatexchanger.com\/es\/wp-json\/wp\/v2\/pages\/5887\/revisions\/6316"}],"wp:featuredmedia":[{"embeddable":true,"href":"https:\/\/weplex-heatexchanger.com\/es\/wp-json\/wp\/v2\/media\/5833"}],"wp:attachment":[{"href":"https:\/\/weplex-heatexchanger.com\/es\/wp-json\/wp\/v2\/media?parent=5887"}],"curies":[{"name":"wp","href":"https:\/\/api.w.org\/{rel}","templated":true}]}}