{"id":5900,"date":"2019-01-09T13:36:24","date_gmt":"2019-01-09T13:36:24","guid":{"rendered":"https:\/\/weplex-heatexchanger.com\/weplex-presentation\/"},"modified":"2020-01-17T08:53:39","modified_gmt":"2020-01-17T08:53:39","slug":"weplex-presentacion","status":"publish","type":"page","link":"https:\/\/weplex-heatexchanger.com\/es\/weplex-presentacion\/","title":{"rendered":"Presentaci\u00f3n del Weplex"},"content":{"rendered":"\n\n\n\n\n<div class=\"ariane pad\">\n<a href=\"https:\/\/weplex-heatexchanger.com\/es\/\">Home<\/a> \u00bb Presentaci\u00f3n\n<\/div>\n<div style=\"height:30px\" aria-hidden=\"true\" class=\"wp-block-spacer\"><\/div>\n\n\n\n<h1 class=\"has-text-align-center pad wp-block-heading\"><span style=\"color:#c31a21\" class=\"tadv-color\">Weplex\u00ae  &#8211; Intercambiador t\u00e9rmico de placas soldadas<\/span><\/h1>\n\n\n\n<div class=\"\">\n<div class=\"mt col-sm-6\">\n<div class=\"mt1\">\n<h2 style=\"text-align: center;\"><span style=\"color: #c31a22;\">Principio<\/span><\/h2>\n<p><strong>El intercambiador de calor Weplex\u00ae<\/strong>&nbsp;es un intercambiador t\u00e9rmico de placas soldadas al laser que ofrece un alto rendimiento y est\u00e1 particularmente adaptado a <strong>fluidos dif\u00edciles<\/strong> como los <strong>fluidos cargados<\/strong> de materias en suspensi\u00f3n o <strong>fluidos viscosos<\/strong>.<\/p>\n<p><strong>El Weplex\u00ae<\/strong>&nbsp;es un <strong>intercambiador de calor de anchos canales de concepci\u00f3n \u00fanica y patentada<\/strong>.<\/p>\n<p style=\"text-align: center;\"><img loading=\"lazy\" decoding=\"async\" class=\"alignnone wp-image-5827 size-medium\" src=\"https:\/\/weplex-heatexchanger.com\/wp-content\/uploads\/2020\/01\/WEPLEX-larges-canaux-300x161.jpeg\" alt=\"WEPLEX larges canaux\" width=\"300\" height=\"161\" srcset=\"https:\/\/weplex-heatexchanger.com\/wp-content\/uploads\/2020\/01\/WEPLEX-larges-canaux-300x161.jpeg 300w, https:\/\/weplex-heatexchanger.com\/wp-content\/uploads\/2020\/01\/WEPLEX-larges-canaux.jpeg 500w\" sizes=\"auto, (max-width: 300px) 100vw, 300px\" \/><br>Canales anchos<\/p>\n<p>Tenemos una gama completa de intercambiadores t\u00e9rmicos de placas soldadas <strong>Weplex\u00ae<\/strong> compuesto de un armaz\u00f3n paralelepip\u00e9dico.<\/p>\n<\/div>\n<\/div>\n<div class=\"mt col-sm-6\">\n<div class=\"mt2\">\n<h2 style=\"text-align: center;\"><span style=\"color: #c31a22;\">Ventajas<\/span><\/h2>\n<p>El intercambiador de calor de placas soldadas Weplex<strong>\u00ae<\/strong>&nbsp;es el tipo de intercambiador <strong>m\u00e1s robusto del mercado :<\/strong><\/p>\n<ul class=\"pad\">\n<li>dise\u00f1o compacto<\/li>\n<li>fiable<\/li>\n<li>4 lados posiblemente desmontables para facilitar el mantenimiento y la limpieza<\/li>\n<li>dimensionamiento de las superficies de intercambio seg\u00fan las propiedades de los fluidos<\/li>\n<li>canales anchos adaptados para fluidos viscosos y dif\u00edciles, as\u00ed como para fluidos cargados en part\u00edculas<\/li>\n<li>control de la velocidad de los fluidos y de los coeficientes t\u00e9rmicos (30 a 40% superior a los de un intercambiador tubular cl\u00e1sico)<\/li>\n<\/ul>\n<p><strong>Los intercambiadores de calor de placas soldadas Weplex\u00ae<\/strong>&nbsp;est\u00e1n perfectamente adaptados a los intercambios de fluidos dif\u00edciles, cargados de materiales en suspensi\u00f3n y fluidos viscosos.<\/p>\n<\/div>\n<\/div>\n<\/div>\n\n\n\n<div style=\"height:30px\" aria-hidden=\"true\" class=\"wp-block-spacer clearfix\"><\/div>\n\n\n<a class=\"maxbutton-2 maxbutton maxbutton-brochure\" href=\"\/es\/solicitud-de-folleto\/\"><span class='mb-text'>Descargar el folleto<\/span><\/a>\n\n\n<div style=\"height:30px\" aria-hidden=\"true\" class=\"wp-block-spacer\"><\/div>\n\n\n\n<div class=\"grey-bg\"> <div style=\"height:30px\" aria-hidden=\"true\" class=\"wp-block-spacer\"><\/div>\n\n\n\n<h2 class=\"has-text-align-center wp-block-heading\"><span style=\"color:#c31a21\" class=\"tadv-color\">Funcianamiento de un intercambiador t\u00e9rmico Weplex<\/span><\/h2>\n\n\n\n<div style=\"height:5px\" aria-hidden=\"true\" class=\"wp-block-spacer clearfix\"><\/div>\n\n\n\n<figure class=\"center\"><img loading=\"lazy\" decoding=\"async\" style=\"margin:auto;display:block\" src=\"https:\/\/weplex-heatexchanger.com\/wp-content\/uploads\/2020\/01\/schema-esp.png\" alt=\"esquema\" width=\"610\" height=\"387\">\n<p style=\"text-align:center;\"><strong>Esquema de principio del Weplex<\/strong><\/p><\/figure>\n\n\n\n<div style=\"height:30px\" aria-hidden=\"true\" class=\"wp-block-spacer\"><\/div>\n<\/div>\n<div style=\"height:30px\" aria-hidden=\"true\" class=\"wp-block-spacer\">\n\n\n\n<div style=\"height:50px\" aria-hidden=\"true\" class=\"wp-block-spacer\"><\/div>\n\n\n\n<div class=\"\">\n<div class=\"mt col-sm-6 col-xs-12\">\n<div class=\"mt1\">\n<h2 style=\"text-align: center;\"><span style=\"color: #c31a22;\">Los diferentes tipos de Weplex\u00ae<\/span><\/h2>\n<p style=\"text-align: center;\">Estamos capacitados para fabricar el intercambiador t\u00e9rmico m\u00e1s adaptado a las necesidades del cliente.&nbsp; Adem\u00e1s podemos dise\u00f1ar intercambiadores que disponen de <strong>1 a 1500m\u00b2 de superficie de intercambio<\/strong>.<\/p>\n<p style=\"text-align: center;\">Podemos proponer 3 diferentes versiones del Weplex:<\/p>\n<p style=\"text-align: center;\">W0 : Completamente soldado<\/p>\n<p style=\"text-align: center;\">W1 : Accesible y lavable por 1 circuito<\/p>\n<p style=\"text-align: center;\">W2 : Accesible y lavable por 2 circuitos<\/p>\n<\/div>\n<\/div>\n<div class=\"mt col-sm-6 col-xs-12\">\n<div class=\"mt2\">\n<figure><img loading=\"lazy\" decoding=\"async\" class=\"alignnone wp-image-5812\" src=\"https:\/\/weplex-heatexchanger.com\/wp-content\/uploads\/2019\/10\/profil-detour\u00e9-1000-300x141.png\" alt=\"\" width=\"600\" height=\"281\" srcset=\"https:\/\/weplex-heatexchanger.com\/wp-content\/uploads\/2019\/10\/profil-detour\u00e9-1000-300x141.png 300w, https:\/\/weplex-heatexchanger.com\/wp-content\/uploads\/2019\/10\/profil-detour\u00e9-1000-768x360.png 768w, https:\/\/weplex-heatexchanger.com\/wp-content\/uploads\/2019\/10\/profil-detour\u00e9-1000.png 1000w\" sizes=\"auto, (max-width: 600px) 100vw, 600px\" \/><\/figure>\n<\/div>\n<\/div>\n<\/div>\n\n\n\n<div class= \"clearfix\" style=\"height:70px\" aria-hidden=\"true\" class=\"wp-block-spacer\"><\/div>\n\n\n\n<h3 class=\"has-text-align-center pad wp-block-heading\"><span style=\"color:#c31a22\" class=\"tadv-color\">Datos t\u00e9cnicos del Weplex\u00ae<\/span> <\/h3>\n\n\n\n<div class=\"technical\">\n<div class=\"pt col-sm-6\">\n<div class=\"pt1\">\n<h3 style=\"text-align: center;\"><span style=\"color: #c31a22;\">Condiciones de utilizaci\u00f3n<\/span><\/h3>\n<ul>\n<li>Utilizaci\u00f3n monof\u00e1sica o bif\u00e1sica (condensaci\u00f3n o evaporaci\u00f3n)<\/li>\n<li>Presi\u00f3n m\u00e1xima de 40 bars (si la presi\u00f3n es superior, contacte con nosotros)<\/li>\n<li>Temperaturas m\u00e1ximas de 400\u00b0C<\/li>\n<li>Posible limpieza en los 2 circuitos<\/li>\n<li>Entradas y salidas visibles<\/li>\n<\/ul>\n<\/div>\n<\/div>\n<div class=\"pt col-sm-6\">\n<div class=\"pt2\">\n<h3 style=\"text-align: center;\"><span style=\"color: #c31a22;\">Materiales<\/span><\/h3>\n<p>Proponemos la fabricaci\u00f3n de los intercambiadores de calor Weplex<strong>\u00ae<\/strong>\u00a0 en diferentes materiales seg\u00fan los fluidos utilizados\u00a0:<\/p>\n<ul>\n<li><strong>acero inoxidable austen\u00edtico (304L-316L\u2026)<\/strong><\/li>\n<li>acero inoxidable\u00a0<strong>duplex<\/strong><\/li>\n<li><strong>aleaciones de nickel<\/strong>\u00a0(UB6, Hastelloy)<\/li>\n<\/ul>\n<\/div>\n<\/div>\n<\/div>\n\n\n\n<div style=\"height:25px\" aria-hidden=\"true\" class=\"wp-block-spacer clearfix\"><\/div>\n\n\n<a class=\"maxbutton-2 maxbutton maxbutton-brochure\" href=\"\/es\/solicitud-de-folleto\/\"><span class='mb-text'>Descargar el folleto<\/span><\/a>\n\n\n<div style=\"height:60px\" aria-hidden=\"true\" class=\"wp-block-spacer\"><\/div>\n\n\n\n<h2 class=\"has-text-align-center wp-block-heading\"><span style=\"color:#c31a22\" class=\"tadv-color\">Dominios de aplicaci\u00f3n del intercambiador Weplex<\/span><\/h2>\n\n\n\n<div class=\"application\">\n\n<a href=\"https:\/\/weplex-heatexchanger.com\/es\/dominios-de-aplicacion\/azucarera\/\">\n<div class=\"app app1 col-sm-3 col-xs-6\">\n<div class=\"content\">\n<p>Azucarera<\/p>\n<div class=\"domimage\"><img loading=\"lazy\" decoding=\"async\" class=\"wp-image-suc\" src=\"https:\/\/weplex-heatexchanger.com\/wp-content\/uploads\/2019\/01\/SUGARCANE-greyd.png\" alt=\"\" width=\"100\" height=\"100\"><\/div>\n<\/div>\n<\/div>\n<a\/>\n\n<a href=\"https:\/\/weplex-heatexchanger.com\/es\/dominios-de-aplicacion\/agroalimentario\/\">\n<div class=\"app app2 col-sm-3 col-xs-6\">\n<div class=\"content\">\n<p>Agroalimentario<\/p>\n<div class=\"domimage\"><img loading=\"lazy\" decoding=\"async\" class=\"wp-image-suc\" src=\"https:\/\/weplex-heatexchanger.com\/wp-content\/uploads\/2019\/02\/agroalimentaire.png\" alt=\"\" width=\"100\" height=\"100\"><\/div>\n<\/div>\n<\/div>\n<a\/>\n\n<a href=\"https:\/\/weplex-heatexchanger.com\/es\/dominios-de-aplicacion\/metalurgica\/\">\n<div class=\"app app3 col-sm-3 col-xs-6\">\n<div class=\"content\">\n<p>Metal\u00fargica<\/p>\n<div class=\"domimage\"><img loading=\"lazy\" decoding=\"async\" class=\"wp-image-suc\" src=\"https:\/\/weplex-heatexchanger.com\/wp-content\/uploads\/2019\/02\/metal.png\" alt=\"\" width=\"100\" height=\"100\"><\/div>\n<\/div>\n<\/div>\n<a\/>\n\n<a href=\"https:\/\/weplex-heatexchanger.com\/es\/dominios-de-aplicacion\/cerveceria\/\">\n<div class=\"app app4 col-sm-3 col-xs-6\">\n<div class=\"content\">\n<p>Cervecer\u00eda<\/p>\n<div class=\"domimage\"><img loading=\"lazy\" decoding=\"async\" class=\"wp-image-suc\" src=\"https:\/\/weplex-heatexchanger.com\/wp-content\/uploads\/2019\/02\/distillerie.png\" alt=\"\" width=\"100\" height=\"100\"><\/div>\n<\/div>\n<\/div>\n<a\/>\n\n<a href=\"https:\/\/weplex-heatexchanger.com\/es\/dominios-de-aplicacion\/petroquimica\/\">\n<div class=\"app app5 col-sm-3 col-xs-6\">\n<div class=\"content\">\n<p>Petroqu\u00edmica<\/p>\n<div class=\"domimage\"><img loading=\"lazy\" decoding=\"async\" class=\"wp-image-suc\" src=\"https:\/\/weplex-heatexchanger.com\/wp-content\/uploads\/2019\/02\/petrochimique.png\" alt=\"\" width=\"100\" height=\"100\"><\/div>\n<\/div>\n<\/div>\n<a\/>\n\n<a href=\"https:\/\/weplex-heatexchanger.com\/es\/dominios-de-aplicacion\/lavanderia\/\">\n<div class=\"app app6 col-sm-3 col-xs-6\">\n<div class=\"content\">\n<p>Lavander\u00eda<\/p>\n<div class=\"domimage\"><img loading=\"lazy\" decoding=\"async\" class=\"wp-image-suc\" src=\"https:\/\/weplex-heatexchanger.com\/wp-content\/uploads\/2019\/02\/blanchisserie.png\" alt=\"\" width=\"100\" height=\"100\"><\/div>\n<\/div>\n<\/div>\n<a\/>\n\n<a href=\"https:\/\/weplex-heatexchanger.com\/es\/dominios-de-aplicacion\/biotecnologia\/\">\n<div class=\"app app7 col-sm-3 col-xs-6\">\n<div class=\"content\">\n<p>Biotecnolog\u00eda<\/p>\n<div class=\"domimage\"><img loading=\"lazy\" decoding=\"async\" class=\"wp-image-suc\" src=\"https:\/\/weplex-heatexchanger.com\/wp-content\/uploads\/2019\/02\/biotechnologie.png\" alt=\"\" width=\"100\" height=\"100\"><\/div>\n<\/div>\n<\/div>\n<a\/>\n\n<a href=\"https:\/\/weplex-heatexchanger.com\/es\/dominios-de-aplicacion\/mineria\/\">\n<div class=\"app app8 col-sm-3 col-xs-6\">\n<div class=\"content\">\n<p>Miner\u00eda<\/p>\n<div class=\"domimage\"><img loading=\"lazy\" decoding=\"async\" class=\"wp-image-suc\" src=\"https:\/\/weplex-heatexchanger.com\/wp-content\/uploads\/2019\/02\/mine.png\" alt=\"\" width=\"100\" height=\"100\"><\/div>\n<\/div>\n<\/div>\n<a\/>\n<\/div>\n\n\n\n<p><div style=\"height:20px\" aria-hidden=\"true\" class=\"wp-block-spacer clearfix\"><\/div><\/p>\n","protected":false},"excerpt":{"rendered":"<p>Home \u00bb Presentaci\u00f3n Weplex\u00ae &#8211; Intercambiador t\u00e9rmico de placas soldadas Principio El intercambiador de calor Weplex\u00ae&nbsp;es un intercambiador t\u00e9rmico de placas soldadas al laser que ofrece un alto rendimiento y est\u00e1 particularmente adaptado a fluidos dif\u00edciles como los fluidos cargados<\/p>\n","protected":false},"author":1,"featured_media":5812,"parent":0,"menu_order":0,"comment_status":"closed","ping_status":"closed","template":"","meta":{"footnotes":""},"class_list":["post-5900","page","type-page","status-publish","has-post-thumbnail","hentry"],"yoast_head":"<!-- This site is optimized with the Yoast SEO plugin v16.1.1 - https:\/\/yoast.com\/wordpress\/plugins\/seo\/ -->\n<title>Presentaci\u00f3n del Weplex - Intercambiador de calor<\/title>\n<meta name=\"description\" content=\"El intercambiador de calor Weplex\u00ae es un intercambiador t\u00e9rmico de placas soldadas al laser que ofrece un alto rendimiento\" \/>\n<link rel=\"canonical\" href=\"https:\/\/weplex-heatexchanger.com\/es\/weplex-presentacion\/\" \/>\n<meta property=\"og:locale\" content=\"es_ES\" \/>\n<meta property=\"og:type\" content=\"article\" \/>\n<meta property=\"og:title\" content=\"Presentaci\u00f3n del Weplex - Intercambiador de calor\" \/>\n<meta property=\"og:description\" content=\"El intercambiador de calor Weplex\u00ae es un intercambiador t\u00e9rmico de placas soldadas al laser que ofrece un alto rendimiento\" \/>\n<meta property=\"og:url\" content=\"https:\/\/weplex-heatexchanger.com\/es\/weplex-presentacion\/\" \/>\n<meta property=\"og:site_name\" content=\"Weplex, l&#039;\u00e9changeur de chaleur \u00e0 plaques soud\u00e9es\" \/>\n<meta property=\"article:modified_time\" content=\"2020-01-17T08:53:39+00:00\" \/>\n<meta property=\"og:image\" content=\"https:\/\/weplex-heatexchanger.com\/wp-content\/uploads\/2019\/10\/profil-detour\u00e9-1000.png\" \/>\n\t<meta property=\"og:image:width\" content=\"1000\" \/>\n\t<meta property=\"og:image:height\" content=\"469\" \/>\n<meta name=\"twitter:card\" content=\"summary_large_image\" \/>\n<meta name=\"twitter:label1\" content=\"Tiempo de lectura\">\n\t<meta name=\"twitter:data1\" content=\"2 minutos\">\n<script type=\"application\/ld+json\" class=\"yoast-schema-graph\">{\"@context\":\"https:\/\/schema.org\",\"@graph\":[{\"@type\":\"WebSite\",\"@id\":\"https:\/\/weplex-heatexchanger.com\/#website\",\"url\":\"https:\/\/weplex-heatexchanger.com\/\",\"name\":\"Weplex, l&#039;\\u00e9changeur de chaleur \\u00e0 plaques soud\\u00e9es\",\"description\":\"\",\"potentialAction\":[{\"@type\":\"SearchAction\",\"target\":\"https:\/\/weplex-heatexchanger.com\/?s={search_term_string}\",\"query-input\":\"required name=search_term_string\"}],\"inLanguage\":\"es\"},{\"@type\":\"ImageObject\",\"@id\":\"https:\/\/weplex-heatexchanger.com\/es\/weplex-presentacion\/#primaryimage\",\"inLanguage\":\"es\",\"url\":\"https:\/\/weplex-heatexchanger.com\/wp-content\/uploads\/2019\/10\/profil-detour\\u00e9-1000.png\",\"contentUrl\":\"https:\/\/weplex-heatexchanger.com\/wp-content\/uploads\/2019\/10\/profil-detour\\u00e9-1000.png\",\"width\":1000,\"height\":469},{\"@type\":\"WebPage\",\"@id\":\"https:\/\/weplex-heatexchanger.com\/es\/weplex-presentacion\/#webpage\",\"url\":\"https:\/\/weplex-heatexchanger.com\/es\/weplex-presentacion\/\",\"name\":\"Presentaci\\u00f3n del Weplex - Intercambiador de calor\",\"isPartOf\":{\"@id\":\"https:\/\/weplex-heatexchanger.com\/#website\"},\"primaryImageOfPage\":{\"@id\":\"https:\/\/weplex-heatexchanger.com\/es\/weplex-presentacion\/#primaryimage\"},\"datePublished\":\"2019-01-09T13:36:24+00:00\",\"dateModified\":\"2020-01-17T08:53:39+00:00\",\"description\":\"El intercambiador de calor Weplex\\u00ae es un intercambiador t\\u00e9rmico de placas soldadas al laser que ofrece un alto rendimiento\",\"breadcrumb\":{\"@id\":\"https:\/\/weplex-heatexchanger.com\/es\/weplex-presentacion\/#breadcrumb\"},\"inLanguage\":\"es\",\"potentialAction\":[{\"@type\":\"ReadAction\",\"target\":[\"https:\/\/weplex-heatexchanger.com\/es\/weplex-presentacion\/\"]}]},{\"@type\":\"BreadcrumbList\",\"@id\":\"https:\/\/weplex-heatexchanger.com\/es\/weplex-presentacion\/#breadcrumb\",\"itemListElement\":[{\"@type\":\"ListItem\",\"position\":1,\"item\":{\"@type\":\"WebPage\",\"@id\":\"https:\/\/weplex-heatexchanger.com\/es\/\",\"url\":\"https:\/\/weplex-heatexchanger.com\/es\/\",\"name\":\"Accueil\"}},{\"@type\":\"ListItem\",\"position\":2,\"item\":{\"@type\":\"WebPage\",\"@id\":\"https:\/\/weplex-heatexchanger.com\/es\/weplex-presentacion\/\",\"url\":\"https:\/\/weplex-heatexchanger.com\/es\/weplex-presentacion\/\",\"name\":\"Presentaci\\u00f3n del Weplex\"}}]}]}<\/script>\n<!-- \/ Yoast SEO plugin. -->","_links":{"self":[{"href":"https:\/\/weplex-heatexchanger.com\/es\/wp-json\/wp\/v2\/pages\/5900","targetHints":{"allow":["GET"]}}],"collection":[{"href":"https:\/\/weplex-heatexchanger.com\/es\/wp-json\/wp\/v2\/pages"}],"about":[{"href":"https:\/\/weplex-heatexchanger.com\/es\/wp-json\/wp\/v2\/types\/page"}],"author":[{"embeddable":true,"href":"https:\/\/weplex-heatexchanger.com\/es\/wp-json\/wp\/v2\/users\/1"}],"replies":[{"embeddable":true,"href":"https:\/\/weplex-heatexchanger.com\/es\/wp-json\/wp\/v2\/comments?post=5900"}],"version-history":[{"count":23,"href":"https:\/\/weplex-heatexchanger.com\/es\/wp-json\/wp\/v2\/pages\/5900\/revisions"}],"predecessor-version":[{"id":6085,"href":"https:\/\/weplex-heatexchanger.com\/es\/wp-json\/wp\/v2\/pages\/5900\/revisions\/6085"}],"wp:featuredmedia":[{"embeddable":true,"href":"https:\/\/weplex-heatexchanger.com\/es\/wp-json\/wp\/v2\/media\/5812"}],"wp:attachment":[{"href":"https:\/\/weplex-heatexchanger.com\/es\/wp-json\/wp\/v2\/media?parent=5900"}],"curies":[{"name":"wp","href":"https:\/\/api.w.org\/{rel}","templated":true}]}}