{"id":5940,"date":"2019-01-14T12:13:57","date_gmt":"2019-01-14T12:13:57","guid":{"rendered":"https:\/\/weplex-heatexchanger.com\/domaines-dapplication\/"},"modified":"2020-01-17T09:17:55","modified_gmt":"2020-01-17T09:17:55","slug":"dominios-de-aplicacion","status":"publish","type":"page","link":"https:\/\/weplex-heatexchanger.com\/es\/dominios-de-aplicacion\/","title":{"rendered":"Dominios de aplicaci\u00f3n"},"content":{"rendered":"\n\n\n\n\n<div class=\"ariane pad\">\n<a href=\"https:\/\/weplex-heatexchanger.com\/es\/\">Home<\/a> \u00bb Dominios de aplicaci\u00f3n\n<\/div>\n\n\n\n<div style=\"height:40px\" aria-hidden=\"true\" class=\"wp-block-spacer\"><\/div>\n\n\n\n<div class=\"entet\">\n\n<a href=\"https:\/\/weplex-heatexchanger.com\/es\/dominios-de-aplicacion\/azucarera\/\"><div class=\"im1 col-sm-1 col-xs-3\">\n<img loading=\"lazy\" decoding=\"async\" class=\"wp-image-sucre\" src=\"https:\/\/weplex-heatexchanger.com\/wp-content\/uploads\/2019\/01\/SUGARCANE-greyd.png\" alt=\"\" width=\"100\" height=\"101\"><\/div>\n<a\/>\n\n<a href=\"https:\/\/weplex-heatexchanger.com\/es\/dominios-de-aplicacion\/agroalimentario\/\"><div class=\"im1 col-sm-1 col-xs-3\">\n<img loading=\"lazy\" decoding=\"async\" class=\"wp-image-sucre\" src=\"https:\/\/weplex-heatexchanger.com\/wp-content\/uploads\/2019\/02\/agroalimentaire.png\" alt=\"\" width=\"100\" height=\"100\"><\/div>\n<a\/>\n\n<a href=\"https:\/\/weplex-heatexchanger.com\/es\/dominios-de-aplicacion\/metalurgica\/\"><div class=\"im1 col-sm-1 col-xs-3\">\n<img loading=\"lazy\" decoding=\"async\" class=\"wp-image-sucre\" src=\"https:\/\/weplex-heatexchanger.com\/wp-content\/uploads\/2019\/02\/metal.png\" alt=\"\" width=\"100\" height=\"100\"><\/div>\n<a\/>\n\n<a href=\"https:\/\/weplex-heatexchanger.com\/es\/dominios-de-aplicacion\/cerveceria\/\"><div class=\"im1 col-sm-1 col-xs-3\">\n<img loading=\"lazy\" decoding=\"async\" class=\"wp-image-sucre\" src=\"https:\/\/weplex-heatexchanger.com\/wp-content\/uploads\/2019\/02\/distillerie.png\" alt=\"\" width=\"100\" height=\"100\"><\/div>\n<a\/>\n\n<a href=\"https:\/\/weplex-heatexchanger.com\/es\/dominios-de-aplicacion\/petroquimica\/\"><div class=\"im1 col-sm-1 col-xs-3\">\n<img loading=\"lazy\" decoding=\"async\" class=\"wp-image-sucre\" src=\"https:\/\/weplex-heatexchanger.com\/wp-content\/uploads\/2019\/02\/petrochimique.png\" alt=\"\" width=\"100\" height=\"100\"><\/div>\n<a\/>\n\n<a href=\"https:\/\/weplex-heatexchanger.com\/es\/dominios-de-aplicacion\/lavanderia\/\"><div class=\"im1 col-sm-1 col-xs-3\">\n<img loading=\"lazy\" decoding=\"async\" class=\"wp-image-sucre\" src=\"https:\/\/weplex-heatexchanger.com\/wp-content\/uploads\/2019\/02\/blanchisserie.png\" alt=\"\" width=\"100\" height=\"100\"><\/div>\n<a\/>\n\n<a href=\"https:\/\/weplex-heatexchanger.com\/es\/dominios-de-aplicacion\/biotecnologia\/\"><div class=\"im1 col-sm-1 col-xs-3\">\n<img loading=\"lazy\" decoding=\"async\" class=\"wp-image-sucre\" src=\"https:\/\/weplex-heatexchanger.com\/wp-content\/uploads\/2019\/02\/biotechnologie.png\" alt=\"\" width=\"100\" height=\"100\"><\/div>\n<a\/>\n\n<a href=\"https:\/\/weplex-heatexchanger.com\/es\/dominios-de-aplicacion\/mineria\/\"><div class=\"im1 col-sm-1 col-xs-3\">\n<img loading=\"lazy\" decoding=\"async\" class=\"wp-image-sucre\" src=\"https:\/\/weplex-heatexchanger.com\/wp-content\/uploads\/2019\/02\/mine.png\" alt=\"\" width=\"100\" height=\"100\"><\/div>\n<a\/>\n\n<a href=\"https:\/\/weplex-heatexchanger.com\/es\/dominios-de-aplicacion\/tratamiento-de-aguas\/\"><div class=\"im1 col-sm-1 col-xs-3\">\n<img loading=\"lazy\" decoding=\"async\" class=\"wp-image-sucre\" src=\"https:\/\/weplex-heatexchanger.com\/wp-content\/uploads\/2019\/02\/traitement-eau.png\" alt=\"\" width=\"100\" height=\"100\"><\/div>\n<a\/>\n\n<a href=\"https:\/\/weplex-heatexchanger.com\/es\/dominios-de-aplicacion\/quimica\/\"><div class=\"im1 col-sm-1 col-xs-3\">\n<img loading=\"lazy\" decoding=\"async\" class=\"wp-image-sucre\" src=\"https:\/\/weplex-heatexchanger.com\/wp-content\/uploads\/2019\/01\/CHIMIE-GREYD.png\" alt=\"\" width=\"100\" height=\"100\"><\/div>\n<a\/>\n\n<a href=\"https:\/\/weplex-heatexchanger.com\/es\/dominios-de-aplicacion\/papelera\/\"><div class=\"im1 col-sm-1 col-xs-3\">\n<img loading=\"lazy\" decoding=\"async\" class=\"wp-image-sucre\" src=\"https:\/\/weplex-heatexchanger.com\/wp-content\/uploads\/2019\/02\/papeterie.png\" alt=\"\" width=\"100\" height=\"100\"><\/div>\n<\/a>\n\n<a href=\"https:\/\/weplex-heatexchanger.com\/es\/dominios-de-aplicacion\/farmaceutica\/\"><div class=\"im1 col-sm-1 col-xs-3\">\n<img loading=\"lazy\" decoding=\"async\" class=\"wp-image-sucre\" src=\"https:\/\/weplex-heatexchanger.com\/wp-content\/uploads\/2019\/01\/PHARMA-GREYD.png\" alt=\"\" width=\"100\" height=\"100\"><\/div>\n<\/a\/\n\n\n<\/div>\n\n\n\n<div style=\"height:30px\" aria-hidden=\"true\" class=\"wp-block-spacer clearfix\"><\/div>\n\n\n\n<h1 class=\"has-text-align-center pad wp-block-heading\"><span style=\"color:#c31a22\" class=\"tadv-color\">Dominios de aplicaci\u00f3n des intercambiador t\u00e9rmico Weplex<\/span><\/h1>\n\n\n\n<div class=\"censma\"><p style=\"font-size:18px;text-align:center\" class=\"pad\">Gracias a nuestra experiencia de m\u00e1s de 70 a\u00f1os en calderer\u00eda industrial, Labbe ha sabido adaptar su experiencia con el fin de proponer soluciones adaptadas a los diferentes sectores de actividad.<\/p>\n<p style=\"font-size:18px;text-align:center\" class=\"pad\">En consecuencia, los intercambiadores t\u00e9rmicos de placas soldadas son utilizados principalemente en los siguientes sectores:<\/p><\/div>\n\n\n\n<div style=\"height:50px\" aria-hidden=\"true\" class=\"wp-block-spacer\"><\/div>\n\n\n\n<div class=\"application\">\n\n<a href=\"https:\/\/weplex-heatexchanger.com\/es\/dominios-de-aplicacion\/azucarera\/\">\n<div class=\"app app1 col-sm-3 col-xs-6\">\n<div class=\"content\">\n<p>Azucarera<\/p>\n<div class=\"domimage\"><img loading=\"lazy\" decoding=\"async\" class=\"wp-image-suc\" src=\"https:\/\/weplex-heatexchanger.com\/wp-content\/uploads\/2019\/01\/SUGARCANE-greyd.png\" alt=\"\" width=\"100\" height=\"100\"><\/div>\n<\/div>\n<\/div>\n<a\/>\n\n<a href=\"https:\/\/weplex-heatexchanger.com\/es\/dominios-de-aplicacion\/agroalimentario\/\">\n<div class=\"app app2 col-sm-3 col-xs-6\">\n<div class=\"content\">\n<p>Agroalimentario<\/p>\n<div class=\"domimage\"><img loading=\"lazy\" decoding=\"async\" class=\"wp-image-suc\" src=\"https:\/\/weplex-heatexchanger.com\/wp-content\/uploads\/2019\/02\/agroalimentaire.png\" alt=\"\" width=\"100\" height=\"100\"><\/div>\n<\/div>\n<\/div>\n<a\/>\n\n<a href=\"https:\/\/weplex-heatexchanger.com\/es\/dominios-de-aplicacion\/metalurgica\/\">\n<div class=\"app app3 col-sm-3 col-xs-6\">\n<div class=\"content\">\n<p>Metal\u00fargica<\/p>\n<div class=\"domimage\"><img loading=\"lazy\" decoding=\"async\" class=\"wp-image-suc\" src=\"https:\/\/weplex-heatexchanger.com\/wp-content\/uploads\/2019\/02\/metal.png\" alt=\"\" width=\"100\" height=\"100\"><\/div>\n<\/div>\n<\/div>\n<a\/>\n\n<a href=\"https:\/\/weplex-heatexchanger.com\/es\/dominios-de-aplicacion\/cerveceria\/\">\n<div class=\"app app4 col-sm-3 col-xs-6\">\n<div class=\"content\">\n<p>Cervecer\u00eda<\/p>\n<div class=\"domimage\"><img loading=\"lazy\" decoding=\"async\" class=\"wp-image-suc\" src=\"https:\/\/weplex-heatexchanger.com\/wp-content\/uploads\/2019\/02\/distillerie.png\" alt=\"\" width=\"100\" height=\"100\"><\/div>\n<\/div>\n<\/div>\n<a\/>\n\n<a href=\"https:\/\/weplex-heatexchanger.com\/es\/dominios-de-aplicacion\/petroquimica\/\">\n<div class=\"app app5 col-sm-3 col-xs-6\">\n<div class=\"content\">\n<p>Petroqu\u00edmica<\/p>\n<div class=\"domimage\"><img loading=\"lazy\" decoding=\"async\" class=\"wp-image-suc\" src=\"https:\/\/weplex-heatexchanger.com\/wp-content\/uploads\/2019\/02\/petrochimique.png\" alt=\"\" width=\"100\" height=\"100\"><\/div>\n<\/div>\n<\/div>\n<a\/>\n\n<a href=\"https:\/\/weplex-heatexchanger.com\/es\/dominios-de-aplicacion\/lavanderia\/\">\n<div class=\"app app6 col-sm-3 col-xs-6\">\n<div class=\"content\">\n<p>Lavander\u00eda<\/p>\n<div class=\"domimage\"><img loading=\"lazy\" decoding=\"async\" class=\"wp-image-suc\" src=\"https:\/\/weplex-heatexchanger.com\/wp-content\/uploads\/2019\/02\/blanchisserie.png\" alt=\"\" width=\"100\" height=\"100\"><\/div>\n<\/div>\n<\/div>\n<a\/>\n\n<a href=\"https:\/\/weplex-heatexchanger.com\/es\/dominios-de-aplicacion\/biotecnologia\/\">\n<div class=\"app app7 col-sm-3 col-xs-6\">\n<div class=\"content\">\n<p>Biotecnolog\u00eda<\/p>\n<div class=\"domimage\"><img loading=\"lazy\" decoding=\"async\" class=\"wp-image-suc\" src=\"https:\/\/weplex-heatexchanger.com\/wp-content\/uploads\/2019\/02\/biotechnologie.png\" alt=\"\" width=\"100\" height=\"100\"><\/div>\n<\/div>\n<\/div>\n<a\/>\n\n<a href=\"https:\/\/weplex-heatexchanger.com\/es\/dominios-de-aplicacion\/mineria\/\">\n<div class=\"app app8 col-sm-3 col-xs-6\">\n<div class=\"content\">\n<p>Miner\u00eda<\/p>\n<div class=\"domimage\"><img loading=\"lazy\" decoding=\"async\" class=\"wp-image-suc\" src=\"https:\/\/weplex-heatexchanger.com\/wp-content\/uploads\/2019\/02\/mine.png\" alt=\"\" width=\"100\" height=\"100\"><\/div>\n<\/div>\n<\/div>\n<a\/>\n\n<a href=\"https:\/\/weplex-heatexchanger.com\/es\/dominios-de-aplicacion\/tratamiento-de-aguas\/\">\n<div class=\"app app9 col-sm-3 col-xs-6\">\n<div class=\"content\">\n<p>Tratamiento de aguas<\/p>\n<div class=\"domimage\"><img loading=\"lazy\" decoding=\"async\" class=\"wp-image-suc\" src=\"https:\/\/weplex-heatexchanger.com\/wp-content\/uploads\/2019\/02\/traitement-eau.png\" alt=\"\" width=\"100\" height=\"100\"><\/div>\n<\/div>\n<\/div>\n<a\/>\n\n<a href=\"https:\/\/weplex-heatexchanger.com\/es\/dominios-de-aplicacion\/quimica\/\">\n<div class=\"app app10 col-sm-3 col-xs-6\">\n<div class=\"content\">\n<p>Qu\u00edmica<\/p>\n<div class=\"domimage\"><img loading=\"lazy\" decoding=\"async\" class=\"wp-image-suc\" src=\"https:\/\/weplex-heatexchanger.com\/wp-content\/uploads\/2019\/01\/CHIMIE-GREYD.png\" alt=\"\" width=\"100\" height=\"100\"><\/div>\n<\/div>\n<\/div>\n<a\/>\n\n<a href=\"https:\/\/weplex-heatexchanger.com\/es\/dominios-de-aplicacion\/papelera\/\">\n<div class=\"app app11 col-sm-3 col-xs-6\">\n<div class=\"content\">\n<p>Papelera<\/p>\n<div class=\"domimage\"><img loading=\"lazy\" decoding=\"async\" class=\"wp-image-suc\" src=\"https:\/\/weplex-heatexchanger.com\/wp-content\/uploads\/2019\/02\/papeterie.png\" alt=\"\" width=\"100\" height=\"100\"><\/div>\n<\/div>\n<\/div>\n<a\/>\n\n<a href=\"https:\/\/weplex-heatexchanger.com\/es\/dominios-de-aplicacion\/farmaceutica\/\">\n<div class=\"app app12 col-sm-3 col-xs-6\">\n<div class=\"content\">\n<p>Farmace\u00fatica<\/p>\n<div class=\"domimage\"><img loading=\"lazy\" decoding=\"async\" class=\"wp-image-suc\" src=\"https:\/\/weplex-heatexchanger.com\/wp-content\/uploads\/2019\/01\/PHARMA-GREYD.png\" alt=\"\" width=\"100\" height=\"100\"><\/div>\n<\/div>\n<\/div>\n<a\/>\n<\/div>\n\n\n\n<div style=\"height:30px\" aria-hidden=\"true\" class=\"wp-block-spacer clearfix\"><\/div>\n\n\n","protected":false},"excerpt":{"rendered":"<p>Home \u00bb Dominios de aplicaci\u00f3n<\/p>\n","protected":false},"author":1,"featured_media":5732,"parent":0,"menu_order":0,"comment_status":"closed","ping_status":"closed","template":"","meta":{"footnotes":""},"class_list":["post-5940","page","type-page","status-publish","has-post-thumbnail","hentry"],"yoast_head":"<!-- This site is optimized with the Yoast SEO plugin v16.1.1 - https:\/\/yoast.com\/wordpress\/plugins\/seo\/ -->\n<title>Dominios de aplicaci\u00f3n - Weplex, el mejor intercambiador de calor<\/title>\n<meta name=\"description\" content=\"Labbe ha sabido adaptar su experiencia con el fin de proponer soluciones adaptadas a los sectores de actividad con el Weplex, intercambiador de calor.\" \/>\n<link rel=\"canonical\" href=\"https:\/\/weplex-heatexchanger.com\/es\/dominios-de-aplicacion\/\" \/>\n<meta property=\"og:locale\" content=\"es_ES\" \/>\n<meta property=\"og:type\" content=\"article\" \/>\n<meta property=\"og:title\" content=\"Dominios de aplicaci\u00f3n - Weplex, el mejor intercambiador de calor\" \/>\n<meta property=\"og:description\" content=\"Labbe ha sabido adaptar su experiencia con el fin de proponer soluciones adaptadas a los sectores de actividad con el Weplex, intercambiador de calor.\" \/>\n<meta property=\"og:url\" content=\"https:\/\/weplex-heatexchanger.com\/es\/dominios-de-aplicacion\/\" \/>\n<meta property=\"og:site_name\" content=\"Weplex, l&#039;\u00e9changeur de chaleur \u00e0 plaques soud\u00e9es\" \/>\n<meta property=\"article:modified_time\" content=\"2020-01-17T09:17:55+00:00\" \/>\n<meta property=\"og:image\" content=\"https:\/\/weplex-heatexchanger.com\/wp-content\/uploads\/2019\/02\/petrochemical-compressor.jpeg\" \/>\n\t<meta property=\"og:image:width\" content=\"1700\" \/>\n\t<meta property=\"og:image:height\" content=\"582\" \/>\n<meta name=\"twitter:card\" content=\"summary_large_image\" \/>\n<script type=\"application\/ld+json\" class=\"yoast-schema-graph\">{\"@context\":\"https:\/\/schema.org\",\"@graph\":[{\"@type\":\"WebSite\",\"@id\":\"https:\/\/weplex-heatexchanger.com\/#website\",\"url\":\"https:\/\/weplex-heatexchanger.com\/\",\"name\":\"Weplex, l&#039;\\u00e9changeur de chaleur \\u00e0 plaques soud\\u00e9es\",\"description\":\"\",\"potentialAction\":[{\"@type\":\"SearchAction\",\"target\":\"https:\/\/weplex-heatexchanger.com\/?s={search_term_string}\",\"query-input\":\"required name=search_term_string\"}],\"inLanguage\":\"es\"},{\"@type\":\"ImageObject\",\"@id\":\"https:\/\/weplex-heatexchanger.com\/es\/dominios-de-aplicacion\/#primaryimage\",\"inLanguage\":\"es\",\"url\":\"https:\/\/weplex-heatexchanger.com\/wp-content\/uploads\/2019\/02\/petrochemical-compressor.jpeg\",\"contentUrl\":\"https:\/\/weplex-heatexchanger.com\/wp-content\/uploads\/2019\/02\/petrochemical-compressor.jpeg\",\"width\":1700,\"height\":582},{\"@type\":\"WebPage\",\"@id\":\"https:\/\/weplex-heatexchanger.com\/es\/dominios-de-aplicacion\/#webpage\",\"url\":\"https:\/\/weplex-heatexchanger.com\/es\/dominios-de-aplicacion\/\",\"name\":\"Dominios de aplicaci\\u00f3n - Weplex, el mejor intercambiador de calor\",\"isPartOf\":{\"@id\":\"https:\/\/weplex-heatexchanger.com\/#website\"},\"primaryImageOfPage\":{\"@id\":\"https:\/\/weplex-heatexchanger.com\/es\/dominios-de-aplicacion\/#primaryimage\"},\"datePublished\":\"2019-01-14T12:13:57+00:00\",\"dateModified\":\"2020-01-17T09:17:55+00:00\",\"description\":\"Labbe ha sabido adaptar su experiencia con el fin de proponer soluciones adaptadas a los sectores de actividad con el Weplex, intercambiador de calor.\",\"breadcrumb\":{\"@id\":\"https:\/\/weplex-heatexchanger.com\/es\/dominios-de-aplicacion\/#breadcrumb\"},\"inLanguage\":\"es\",\"potentialAction\":[{\"@type\":\"ReadAction\",\"target\":[\"https:\/\/weplex-heatexchanger.com\/es\/dominios-de-aplicacion\/\"]}]},{\"@type\":\"BreadcrumbList\",\"@id\":\"https:\/\/weplex-heatexchanger.com\/es\/dominios-de-aplicacion\/#breadcrumb\",\"itemListElement\":[{\"@type\":\"ListItem\",\"position\":1,\"item\":{\"@type\":\"WebPage\",\"@id\":\"https:\/\/weplex-heatexchanger.com\/es\/\",\"url\":\"https:\/\/weplex-heatexchanger.com\/es\/\",\"name\":\"Accueil\"}},{\"@type\":\"ListItem\",\"position\":2,\"item\":{\"@type\":\"WebPage\",\"@id\":\"https:\/\/weplex-heatexchanger.com\/es\/dominios-de-aplicacion\/\",\"url\":\"https:\/\/weplex-heatexchanger.com\/es\/dominios-de-aplicacion\/\",\"name\":\"Dominios de aplicaci\\u00f3n\"}}]}]}<\/script>\n<!-- \/ Yoast SEO plugin. -->","_links":{"self":[{"href":"https:\/\/weplex-heatexchanger.com\/es\/wp-json\/wp\/v2\/pages\/5940","targetHints":{"allow":["GET"]}}],"collection":[{"href":"https:\/\/weplex-heatexchanger.com\/es\/wp-json\/wp\/v2\/pages"}],"about":[{"href":"https:\/\/weplex-heatexchanger.com\/es\/wp-json\/wp\/v2\/types\/page"}],"author":[{"embeddable":true,"href":"https:\/\/weplex-heatexchanger.com\/es\/wp-json\/wp\/v2\/users\/1"}],"replies":[{"embeddable":true,"href":"https:\/\/weplex-heatexchanger.com\/es\/wp-json\/wp\/v2\/comments?post=5940"}],"version-history":[{"count":6,"href":"https:\/\/weplex-heatexchanger.com\/es\/wp-json\/wp\/v2\/pages\/5940\/revisions"}],"predecessor-version":[{"id":6080,"href":"https:\/\/weplex-heatexchanger.com\/es\/wp-json\/wp\/v2\/pages\/5940\/revisions\/6080"}],"wp:featuredmedia":[{"embeddable":true,"href":"https:\/\/weplex-heatexchanger.com\/es\/wp-json\/wp\/v2\/media\/5732"}],"wp:attachment":[{"href":"https:\/\/weplex-heatexchanger.com\/es\/wp-json\/wp\/v2\/media?parent=5940"}],"curies":[{"name":"wp","href":"https:\/\/api.w.org\/{rel}","templated":true}]}}