{"id":5947,"date":"2019-01-14T13:43:50","date_gmt":"2019-01-14T13:43:50","guid":{"rendered":"https:\/\/weplex-heatexchanger.com\/domaines-dapplication\/sucrerie\/"},"modified":"2020-01-17T09:16:12","modified_gmt":"2020-01-17T09:16:12","slug":"azucarera","status":"publish","type":"page","link":"https:\/\/weplex-heatexchanger.com\/es\/dominios-de-aplicacion\/azucarera\/","title":{"rendered":"Azucarera"},"content":{"rendered":"\n<figure class=\"wp-block-image is-resized fullscreen\"><img loading=\"lazy\" decoding=\"async\" src=\"https:\/\/weplex-heatexchanger.com\/wp-content\/uploads\/2019\/02\/canneasucre.jpg\" alt=\"\" class=\"wp-image-1501 fullscreen\" width=\"1920\" height=\"500\" srcset=\"https:\/\/weplex-heatexchanger.com\/wp-content\/uploads\/2019\/02\/canneasucre.jpg 1920w, https:\/\/weplex-heatexchanger.com\/wp-content\/uploads\/2019\/02\/canneasucre-300x78.jpg 300w, https:\/\/weplex-heatexchanger.com\/wp-content\/uploads\/2019\/02\/canneasucre-768x200.jpg 768w, https:\/\/weplex-heatexchanger.com\/wp-content\/uploads\/2019\/02\/canneasucre-1024x267.jpg 1024w, https:\/\/weplex-heatexchanger.com\/wp-content\/uploads\/2019\/02\/canneasucre-20x5.jpg 20w\" sizes=\"auto, (max-width: 1920px) 100vw, 1920px\" \/><\/figure>\n\n\n\n<div class=\"ariane pad\">\n<a href=\"https:\/\/weplex-heatexchanger.com\/es\/\">Home<\/a> \u00bb <a href=\"https:\/\/weplex-heatexchanger.com\/es\/dominios-de-aplicacion\/\">Dominios de aplicaci\u00f3n<\/a> \u00bb Azucarera\n<\/div>\n<div style=\"height:30px\" aria-hidden=\"true\" class=\"wp-block-spacer\"><\/div>\n\n\n\n<div class=\"labbe1\">\n<div class=\"septexte pad col-sm-6 col-xs-12\">\n<h1 style=\"text-align: center;\"><span style=\"color: #c31a22;\">Azucarera<\/span><\/h1>\n<section id=\"content-section-2\">\n<div class=\"gdlr-color-wrapper no-skin\">\n<div class=\"container\">\n<div class=\"gdlr-item gdlr-content-item\">\n<p>La fabricaci\u00f3n del az\u00facar se realiza a partir de la ca\u00f1a de az\u00facar o de la remolacha azucarera.<\/p>\n<p>El proceso de extracci\u00f3n en las f\u00e1bricas azucareras es el siguiente:<\/p>\n<ul>\n<li><strong>recogida <\/strong>del jugo del az\u00facar&nbsp;<\/li>\n<li><strong>filtrado<\/strong><\/li>\n<li><strong>concentrarlo para evaporaci\u00f3n <\/strong>antes de la<\/li>\n<li><strong>cristalizaci\u00f3n<\/strong><\/li>\n<\/ul>\n<p>Con el fin de coservar al m\u00e1ximo toda la riqueza en az\u00facar de la ca\u00f1a o de la remolacha, estas deben ser transformadas r\u00e1pidamente.&nbsp; Es por ello que las centrales azucareras est\u00e1n implatadas muy cerca de las zonas de cultivo.<\/p>\n<p>Las azucareras funcionan sin descanso despu\u00e9s de la recogida de la ca\u00f1a de az\u00facar o de la remolacha y esto seg\u00fan las diferentes zonas geogr\u00e1ficas.&nbsp; Durante este periodo, es necesario que las instalaciones funcionen de manera continua y sin parones por lo que deben poseer un <strong>material fiable.<\/strong><\/p>\n<\/div>\n<p>&nbsp;<\/p>\n<\/div>\n<\/div>\n<\/section>\n<\/div>\n<div class=\"col-sm-6 col-xs-12 middle-img\">\n<figure class=\"wp-block-image is-resized\">\n<figure><img loading=\"lazy\" decoding=\"async\" class=\"wp-image-border\" src=\"https:\/\/weplex-heatexchanger.com\/wp-content\/uploads\/2019\/02\/sugar-beet-compressor-1.jpg\" alt=\"\" width=\"1000\" height=\"671\"><\/figure>\n<\/figure>\n<\/div>\n<\/div>\n\n\n\n<div style=\"height:20px\" aria-hidden=\"true\" class=\"wp-block-spacer clearfix\"><\/div>\n\n\n<a class=\"maxbutton-2 maxbutton maxbutton-brochure\" href=\"\/es\/solicitud-de-folleto\/\"><span class='mb-text'>Descargar el folleto<\/span><\/a>\n\n\n<div style=\"height:20px\" aria-hidden=\"true\" class=\"wp-block-spacer clearfix\"><\/div>\n\n\n\n<p><\/p>\n\n\n\n<div class=\"labbe2\">\n<div class=\"col-sm-6 col-xs-12 middle-img\">\n<figure class=\"wp-block-image is-resized\">\n<figure><img loading=\"lazy\" decoding=\"async\" class=\"wp-image-border\" src=\"https:\/\/weplex-heatexchanger.com\/wp-content\/uploads\/2019\/02\/raffinerie-compressor.jpg\" alt=\"\" width=\"1000\" height=\"671\"><\/figure>\n<\/figure>\n<\/div>\n<div class=\"col-sm-6 col-xs-12 huitexte\">\n<h2 style=\"text-align: center;\"><span style=\"color: #c31a22;\">\u00bfPor qu\u00e9 instalar un intercambiador de calor en una refineria de az\u00facar ?<\/span><\/h2>\n<p>Los<a href=\"https:\/\/weplex-heatexchanger.com\/es\/weplex-presentacion\/\"><strong>&nbsp;intercambiadores t\u00e9rmicos de placas soldadas<\/strong><\/a>&nbsp;se utilizan para recalentar los jugos extraidos antes de pasar a la fase siguiente de depuraci\u00f3n previo a la fase de evaporaci\u00f3n.<\/p>\n<p>De esta manera los intercambiadores de calor Weplex<strong>\u00ae<\/strong>&nbsp; est\u00e1n perfectamente adaptados para el <strong>calentamiento de jugos<\/strong> previo a la clarificaci\u00f3n ya que son extremadamente eficaces para los fluidos cargados en materias en suspensi\u00f3n.&nbsp;<\/p>\n<p>Labbe Process Equipment ha desarrollado estos equipamientos para responder a las limitaciones de los intercambiadores tubulares cl\u00e1sicos.&nbsp; En consecuencia, han conseguido dise\u00f1ar un equipamiento con cualidades superiores a los intercambiadores ya existentes.<\/p>\n<p>As\u00ed mismo, los intercambiadores de placas soldadas Weplex<strong>\u00ae<\/strong>&nbsp;tambi\u00e9n son utilizados para las melazas y para los siropes procedentes de la cristalizaci\u00f3n.<\/p>\n<p><strong>Al ser muy compactos, <u>los intercambiadores t\u00e9rmicos Weplex\u00ae<\/u> son muy f\u00e1ciles de instalaci\u00f3n y de mantenimiento.<\/strong><\/p>\n<\/div>\n<\/div>\n\n\n\n<div style=\"height:30px\" aria-hidden=\"true\" class=\"wp-block-spacer clearfix\"><\/div>\n\n\n\n<h3 style=\"text-align: center;\"><span style=\"color: #c31a22;\">Otros dominios de aplicaci\u00f3n :<\/span><\/h3>\n<div class=\"application\">\n<a href=\"https:\/\/weplex-heatexchanger.com\/es\/dominios-de-aplicacion\/petroquimica\/\">\n<div class=\"app app5 col-sm-3 col-xs-6\">\n<div class=\"content\">\n<p>Petroqu\u00edmica<\/p>\n<div class=\"domimage\"><img loading=\"lazy\" decoding=\"async\" class=\"wp-image-suc\" src=\"https:\/\/weplex-heatexchanger.com\/wp-content\/uploads\/2019\/02\/petrochimique.png\" alt=\"\" width=\"100\" height=\"100\"><\/div>\n<\/div>\n<\/div>\n<a\/>\n\n<a href=\"https:\/\/weplex-heatexchanger.com\/es\/dominios-de-aplicacion\/lavanderia\/\">\n<div class=\"app app6 col-sm-3 col-xs-6\">\n<div class=\"content\">\n<p>Lavander\u00eda<\/p>\n<div class=\"domimage\"><img loading=\"lazy\" decoding=\"async\" class=\"wp-image-suc\" src=\"https:\/\/weplex-heatexchanger.com\/wp-content\/uploads\/2019\/02\/blanchisserie.png\" alt=\"\" width=\"100\" height=\"100\"><\/div>\n<\/div>\n<\/div>\n<a\/>\n\n<a href=\"https:\/\/weplex-heatexchanger.com\/es\/dominios-de-aplicacion\/biotecnologia\/\">\n<div class=\"app app7 col-sm-3 col-xs-6\">\n<div class=\"content\">\n<p>Biotecnolog\u00eda<\/p>\n<div class=\"domimage\"><img loading=\"lazy\" decoding=\"async\" class=\"wp-image-suc\" src=\"https:\/\/weplex-heatexchanger.com\/wp-content\/uploads\/2019\/02\/biotechnologie.png\" alt=\"\" width=\"100\" height=\"100\"><\/div>\n<\/div>\n<\/div>\n<a\/>\n\n<a href=\"https:\/\/weplex-heatexchanger.com\/es\/dominios-de-aplicacion\/mineria\/\">\n<div class=\"app app8 col-sm-3 col-xs-6\">\n<div class=\"content\">\n<p>Miner\u00eda<\/p>\n<div class=\"domimage\"><img loading=\"lazy\" decoding=\"async\" class=\"wp-image-suc\" src=\"https:\/\/weplex-heatexchanger.com\/wp-content\/uploads\/2019\/02\/mine.png\" alt=\"\" width=\"100\" height=\"100\"><\/div>\n<\/div>\n<\/div>\n<a\/>\n<\/div>\n\n\n","protected":false},"excerpt":{"rendered":"<p>Home \u00bb Dominios de aplicaci\u00f3n \u00bb Azucarera Azucarera La fabricaci\u00f3n del az\u00facar se realiza a partir de la ca\u00f1a de az\u00facar o de la remolacha azucarera. El proceso de extracci\u00f3n en las f\u00e1bricas azucareras es el siguiente: recogida del jugo<\/p>\n","protected":false},"author":1,"featured_media":5717,"parent":5940,"menu_order":0,"comment_status":"closed","ping_status":"closed","template":"","meta":{"footnotes":""},"class_list":["post-5947","page","type-page","status-publish","has-post-thumbnail","hentry"],"yoast_head":"<!-- This site is optimized with the Yoast SEO plugin v16.1.1 - https:\/\/yoast.com\/wordpress\/plugins\/seo\/ -->\n<title>Azucarera - Weplex, intercambiador de calor a placas soldadas<\/title>\n<meta name=\"description\" content=\"Un intercambiador de calor con placas soldadas como el Weplex es esencial en una refiner\u00eda de az\u00facar, especialmente para el tratamiento de la melaza.\" \/>\n<link rel=\"canonical\" href=\"https:\/\/weplex-heatexchanger.com\/es\/dominios-de-aplicacion\/azucarera\/\" \/>\n<meta property=\"og:locale\" content=\"es_ES\" \/>\n<meta property=\"og:type\" content=\"article\" \/>\n<meta property=\"og:title\" content=\"Azucarera - Weplex, intercambiador de calor a placas soldadas\" \/>\n<meta property=\"og:description\" content=\"Un intercambiador de calor con placas soldadas como el Weplex es esencial en una refiner\u00eda de az\u00facar, especialmente para el tratamiento de la melaza.\" \/>\n<meta property=\"og:url\" content=\"https:\/\/weplex-heatexchanger.com\/es\/dominios-de-aplicacion\/azucarera\/\" \/>\n<meta property=\"og:site_name\" content=\"Weplex, l&#039;\u00e9changeur de chaleur \u00e0 plaques soud\u00e9es\" \/>\n<meta property=\"article:modified_time\" content=\"2020-01-17T09:16:12+00:00\" \/>\n<meta property=\"og:image\" content=\"https:\/\/weplex-heatexchanger.com\/wp-content\/uploads\/2019\/02\/cannesucre.jpg\" \/>\n\t<meta property=\"og:image:width\" content=\"787\" \/>\n\t<meta property=\"og:image:height\" content=\"787\" \/>\n<meta name=\"twitter:card\" content=\"summary_large_image\" \/>\n<meta name=\"twitter:label1\" content=\"Tiempo de lectura\">\n\t<meta name=\"twitter:data1\" content=\"2 minutos\">\n<script type=\"application\/ld+json\" class=\"yoast-schema-graph\">{\"@context\":\"https:\/\/schema.org\",\"@graph\":[{\"@type\":\"WebSite\",\"@id\":\"https:\/\/weplex-heatexchanger.com\/#website\",\"url\":\"https:\/\/weplex-heatexchanger.com\/\",\"name\":\"Weplex, l&#039;\\u00e9changeur de chaleur \\u00e0 plaques soud\\u00e9es\",\"description\":\"\",\"potentialAction\":[{\"@type\":\"SearchAction\",\"target\":\"https:\/\/weplex-heatexchanger.com\/?s={search_term_string}\",\"query-input\":\"required name=search_term_string\"}],\"inLanguage\":\"es\"},{\"@type\":\"ImageObject\",\"@id\":\"https:\/\/weplex-heatexchanger.com\/es\/dominios-de-aplicacion\/azucarera\/#primaryimage\",\"inLanguage\":\"es\",\"url\":\"https:\/\/weplex-heatexchanger.com\/wp-content\/uploads\/2019\/02\/cannesucre.jpg\",\"contentUrl\":\"https:\/\/weplex-heatexchanger.com\/wp-content\/uploads\/2019\/02\/cannesucre.jpg\",\"width\":787,\"height\":787},{\"@type\":\"WebPage\",\"@id\":\"https:\/\/weplex-heatexchanger.com\/es\/dominios-de-aplicacion\/azucarera\/#webpage\",\"url\":\"https:\/\/weplex-heatexchanger.com\/es\/dominios-de-aplicacion\/azucarera\/\",\"name\":\"Azucarera - Weplex, intercambiador de calor a placas soldadas\",\"isPartOf\":{\"@id\":\"https:\/\/weplex-heatexchanger.com\/#website\"},\"primaryImageOfPage\":{\"@id\":\"https:\/\/weplex-heatexchanger.com\/es\/dominios-de-aplicacion\/azucarera\/#primaryimage\"},\"datePublished\":\"2019-01-14T13:43:50+00:00\",\"dateModified\":\"2020-01-17T09:16:12+00:00\",\"description\":\"Un intercambiador de calor con placas soldadas como el Weplex es esencial en una refiner\\u00eda de az\\u00facar, especialmente para el tratamiento de la melaza.\",\"breadcrumb\":{\"@id\":\"https:\/\/weplex-heatexchanger.com\/es\/dominios-de-aplicacion\/azucarera\/#breadcrumb\"},\"inLanguage\":\"es\",\"potentialAction\":[{\"@type\":\"ReadAction\",\"target\":[\"https:\/\/weplex-heatexchanger.com\/es\/dominios-de-aplicacion\/azucarera\/\"]}]},{\"@type\":\"BreadcrumbList\",\"@id\":\"https:\/\/weplex-heatexchanger.com\/es\/dominios-de-aplicacion\/azucarera\/#breadcrumb\",\"itemListElement\":[{\"@type\":\"ListItem\",\"position\":1,\"item\":{\"@type\":\"WebPage\",\"@id\":\"https:\/\/weplex-heatexchanger.com\/es\/\",\"url\":\"https:\/\/weplex-heatexchanger.com\/es\/\",\"name\":\"Accueil\"}},{\"@type\":\"ListItem\",\"position\":2,\"item\":{\"@type\":\"WebPage\",\"@id\":\"https:\/\/weplex-heatexchanger.com\/es\/dominios-de-aplicacion\/\",\"url\":\"https:\/\/weplex-heatexchanger.com\/es\/dominios-de-aplicacion\/\",\"name\":\"Dominios de aplicaci\\u00f3n\"}},{\"@type\":\"ListItem\",\"position\":3,\"item\":{\"@type\":\"WebPage\",\"@id\":\"https:\/\/weplex-heatexchanger.com\/es\/dominios-de-aplicacion\/azucarera\/\",\"url\":\"https:\/\/weplex-heatexchanger.com\/es\/dominios-de-aplicacion\/azucarera\/\",\"name\":\"Azucarera\"}}]}]}<\/script>\n<!-- \/ Yoast SEO plugin. -->","_links":{"self":[{"href":"https:\/\/weplex-heatexchanger.com\/es\/wp-json\/wp\/v2\/pages\/5947","targetHints":{"allow":["GET"]}}],"collection":[{"href":"https:\/\/weplex-heatexchanger.com\/es\/wp-json\/wp\/v2\/pages"}],"about":[{"href":"https:\/\/weplex-heatexchanger.com\/es\/wp-json\/wp\/v2\/types\/page"}],"author":[{"embeddable":true,"href":"https:\/\/weplex-heatexchanger.com\/es\/wp-json\/wp\/v2\/users\/1"}],"replies":[{"embeddable":true,"href":"https:\/\/weplex-heatexchanger.com\/es\/wp-json\/wp\/v2\/comments?post=5947"}],"version-history":[{"count":6,"href":"https:\/\/weplex-heatexchanger.com\/es\/wp-json\/wp\/v2\/pages\/5947\/revisions"}],"predecessor-version":[{"id":6102,"href":"https:\/\/weplex-heatexchanger.com\/es\/wp-json\/wp\/v2\/pages\/5947\/revisions\/6102"}],"up":[{"embeddable":true,"href":"https:\/\/weplex-heatexchanger.com\/es\/wp-json\/wp\/v2\/pages\/5940"}],"wp:featuredmedia":[{"embeddable":true,"href":"https:\/\/weplex-heatexchanger.com\/es\/wp-json\/wp\/v2\/media\/5717"}],"wp:attachment":[{"href":"https:\/\/weplex-heatexchanger.com\/es\/wp-json\/wp\/v2\/media?parent=5947"}],"curies":[{"name":"wp","href":"https:\/\/api.w.org\/{rel}","templated":true}]}}