{"id":5963,"date":"2019-02-11T09:43:09","date_gmt":"2019-02-11T09:43:09","guid":{"rendered":"https:\/\/weplex-heatexchanger.com\/dominios-de-aplicacion\/metallurgie\/"},"modified":"2020-02-07T10:57:42","modified_gmt":"2020-02-07T10:57:42","slug":"metalurgica","status":"publish","type":"page","link":"https:\/\/weplex-heatexchanger.com\/es\/dominios-de-aplicacion\/metalurgica\/","title":{"rendered":"Metal\u00fargica"},"content":{"rendered":"\n<figure class=\"wp-block-image is-resized fullscreen\"><img loading=\"lazy\" decoding=\"async\" src=\"https:\/\/weplex-heatexchanger.com\/wp-content\/uploads\/2019\/02\/metallurgie-image-compressor.jpg\" alt=\"metalurgica\" fullscreen\"=\"\" width=\"1920\" height=\"500\"><\/figure>\n\n\n\n<div class=\"ariane pad\">\n<a href=\"https:\/\/weplex-heatexchanger.com\/es\/\">Home<\/a> \u00bb <a href=\"https:\/\/weplex-heatexchanger.com\/es\/dominios-de-aplicacion\/\">Dominios de aplicaci\u00f3n<\/a> \u00bb Metal\u00fargica\n<\/div>\n<div style=\"height:30px\" aria-hidden=\"true\" class=\"wp-block-spacer\"><\/div>\n\n\n\n<div class=\"labbe1\">\n<div class=\"septexte pad col-sm-8\">\n<h1 style=\"text-align:center\"><span style=\"color: #c31a22;\">Industria metal\u00fargica<\/span><\/h1>\n<section id=\"content-section-2\">\n<div class=\"gdlr-color-wrapper no-skin\">\n<div class=\"container\">\n<div class=\"gdlr-item gdlr-content-item\">\n\n<p>La industria metal\u00fargica es un sector estrat\u00e9gico y \u00e9sto desde hace varias decadas.<\/p>\n\n\n\n<p>Sin embargo, los mercados evolucionan por lo que es necesario seguir innovando en los diferentes campos en relaci\u00f3n con la metal\u00fargia. Este sector de actividad consume mucha energ\u00eda al utilizar tecnolog\u00edas ultramodernas.<\/p>\n\n<p>Por ello hay un aumento en la generaci\u00f3n de calor en estas actividades metal\u00fargicas tan consumidoras de energ\u00eda.  En este aspecto, los intercambiadores t\u00e9rmicos encuentran su utilidad ya que aseguran la producci\u00f3n gracias al control de la temperatura.<\/p>\n\n\n<\/div>\n<p>&nbsp;<\/p>\n<\/div>\n<\/div>\n<\/section>\n<\/div>\n\n<div class=\"col-sm-4 middle-img\">\n<figure class=\"wp-block-image is-resized\"><img loading=\"lazy\" decoding=\"async\" src=\"https:\/\/weplex-heatexchanger.com\/wp-content\/uploads\/2019\/02\/metallurgie-pliage-compressor.jpg\" alt=\"\" class=\"wp-image-border\" width=\"1000\" height=\"671\"><\/figure><\/div>\n<\/div>\n\n\n\n<div style=\"height:30px\" aria-hidden=\"true\" class=\"wp-block-spacer clearfix\"><\/div>\n\n\n<a class=\"maxbutton-2 maxbutton maxbutton-brochure\" href=\"\/es\/solicitud-de-folleto\/\"><span class='mb-text'>Descargar el folleto<\/span><\/a>\n\n\n<div style=\"height:30px\" aria-hidden=\"true\" class=\"wp-block-spacer clearfix\"><\/div>\n\n\n\n<div class=\"labbe2\">\n<div class=\"col-sm-4 middle-img\">\n<figure class=\"wp-block-image is-resized\"><img loading=\"lazy\" decoding=\"async\" class=\"wp-image-border\" src=\"https:\/\/weplex-heatexchanger.com\/wp-content\/uploads\/2019\/02\/metallurgie-2-compressor.jpg\" alt=\"\" width=\"1000\" height=\"671\"><\/figure>\n<\/div>\n\n<div class=\"col-sm-8 huitexte\">\n<h2 style=\"text-align: center;\"><span style=\"color: #c31a22;\">\u00bfPor qu\u00e9 instalar un intercambiador de calor en el sector metal\u00fargico?<\/span><\/h2>\n\n<p>Los intercambiadores t\u00e9rmicos de placas soldadas se utilizan para enfriar los l\u00edquidos utilizados durante la producci\u00f3n.  Este enfriamiento es necesario ya que las diferentes m\u00e1quinas de producci\u00f3n generan mucho calor.<\/p>\n\n<p>Adem\u00e1s un intercambiador de calor como el Weplex\u00ae est\u00e1 perfectamente adaptado para tratar fluidos cargados en materias en suspensi\u00f3n.  Por ello Labbe Process Equipment ha dise\u00f1ado los intercambiadores de calor Weplex para responder a las limitaciones de los intercambiadores de calor existentes, consiguiendo un rendimiento notablemente superior al rendimiento de los intercambiadores tubulares cl\u00e1sicos (los Weplex son de 30 a 40% m\u00e1s eficaces).<\/p>\n\n\n<p><strong>Al ser muy compactos, los intercambiadores t\u00e9rmicos Weplex\u00ae son muy f\u00e1ciles de instalaci\u00f3n y de mantenimiento.<\/strong><\/p>\n\n<\/div>\n<\/div>\n\n\n\n<div style=\"height:30px\" aria-hidden=\"true\" class=\"wp-block-spacer clearfix\"><\/div>\n\n\n\n<h3 style=\"text-align: center;\"><span style=\"color: #c31a22;\">Otros dominios de aplicaci\u00f3n :<\/span><\/h3>\n<div class=\"application\">\n<a href=\"https:\/\/weplex-heatexchanger.com\/es\/dominios-de-aplicacion\/petroquimica\/\">\n<div class=\"app app5 col-sm-3 col-xs-6\">\n<div class=\"content\">\n<p>Petroqu\u00edmica<\/p>\n<div class=\"domimage\"><img loading=\"lazy\" decoding=\"async\" class=\"wp-image-suc\" src=\"https:\/\/weplex-heatexchanger.com\/wp-content\/uploads\/2019\/02\/petrochimique.png\" alt=\"\" width=\"100\" height=\"100\"><\/div>\n<\/div>\n<\/div>\n<a\/>\n\n<a href=\"https:\/\/weplex-heatexchanger.com\/es\/dominios-de-aplicacion\/lavanderia\/\">\n<div class=\"app app6 col-sm-3 col-xs-6\">\n<div class=\"content\">\n<p>Lavander\u00eda<\/p>\n<div class=\"domimage\"><img loading=\"lazy\" decoding=\"async\" class=\"wp-image-suc\" src=\"https:\/\/weplex-heatexchanger.com\/wp-content\/uploads\/2019\/02\/blanchisserie.png\" alt=\"\" width=\"100\" height=\"100\"><\/div>\n<\/div>\n<\/div>\n<a\/>\n\n<a href=\"https:\/\/weplex-heatexchanger.com\/es\/dominios-de-aplicacion\/biotecnologia\/\">\n<div class=\"app app7 col-sm-3 col-xs-6\">\n<div class=\"content\">\n<p>Biotecnolog\u00eda<\/p>\n<div class=\"domimage\"><img loading=\"lazy\" decoding=\"async\" class=\"wp-image-suc\" src=\"https:\/\/weplex-heatexchanger.com\/wp-content\/uploads\/2019\/02\/biotechnologie.png\" alt=\"\" width=\"100\" height=\"100\"><\/div>\n<\/div>\n<\/div>\n<a\/>\n\n<a href=\"https:\/\/weplex-heatexchanger.com\/es\/dominios-de-aplicacion\/mineria\/\">\n<div class=\"app app8 col-sm-3 col-xs-6\">\n<div class=\"content\">\n<p>Miner\u00eda<\/p>\n<div class=\"domimage\"><img loading=\"lazy\" decoding=\"async\" class=\"wp-image-suc\" src=\"https:\/\/weplex-heatexchanger.com\/wp-content\/uploads\/2019\/02\/mine.png\" alt=\"\" width=\"100\" height=\"100\"><\/div>\n<\/div>\n<\/div>\n<a\/>\n<\/div>\n","protected":false},"excerpt":{"rendered":"","protected":false},"author":2,"featured_media":5719,"parent":5940,"menu_order":0,"comment_status":"closed","ping_status":"closed","template":"","meta":{"footnotes":""},"class_list":["post-5963","page","type-page","status-publish","has-post-thumbnail","hentry"],"yoast_head":"<!-- This site is optimized with the Yoast SEO plugin v16.1.1 - https:\/\/yoast.com\/wordpress\/plugins\/seo\/ -->\n<title>Metal\u00fargica - Weplex, intercambiador de calor a placas soldadas<\/title>\n<meta name=\"description\" content=\"Los intercambiadores t\u00e9rmicos como el Weplex encuentran su utilidad ya que aseguran la producci\u00f3n gracias al control de la temperatura.\" \/>\n<link rel=\"canonical\" href=\"https:\/\/weplex-heatexchanger.com\/es\/dominios-de-aplicacion\/metalurgica\/\" \/>\n<meta property=\"og:locale\" content=\"es_ES\" \/>\n<meta property=\"og:type\" content=\"article\" \/>\n<meta property=\"og:title\" content=\"Metal\u00fargica - Weplex, intercambiador de calor a placas soldadas\" \/>\n<meta property=\"og:description\" content=\"Los intercambiadores t\u00e9rmicos como el Weplex encuentran su utilidad ya que aseguran la producci\u00f3n gracias al control de la temperatura.\" \/>\n<meta property=\"og:url\" content=\"https:\/\/weplex-heatexchanger.com\/es\/dominios-de-aplicacion\/metalurgica\/\" \/>\n<meta property=\"og:site_name\" content=\"Weplex, l&#039;\u00e9changeur de chaleur \u00e0 plaques soud\u00e9es\" \/>\n<meta property=\"article:modified_time\" content=\"2020-02-07T10:57:42+00:00\" \/>\n<meta property=\"og:image\" content=\"https:\/\/weplex-heatexchanger.com\/wp-content\/uploads\/2019\/02\/metallurgie.jpg\" \/>\n\t<meta property=\"og:image:width\" content=\"640\" \/>\n\t<meta property=\"og:image:height\" content=\"399\" \/>\n<meta name=\"twitter:card\" content=\"summary_large_image\" \/>\n<script type=\"application\/ld+json\" class=\"yoast-schema-graph\">{\"@context\":\"https:\/\/schema.org\",\"@graph\":[{\"@type\":\"WebSite\",\"@id\":\"https:\/\/weplex-heatexchanger.com\/#website\",\"url\":\"https:\/\/weplex-heatexchanger.com\/\",\"name\":\"Weplex, l&#039;\\u00e9changeur de chaleur \\u00e0 plaques soud\\u00e9es\",\"description\":\"\",\"potentialAction\":[{\"@type\":\"SearchAction\",\"target\":\"https:\/\/weplex-heatexchanger.com\/?s={search_term_string}\",\"query-input\":\"required name=search_term_string\"}],\"inLanguage\":\"es\"},{\"@type\":\"ImageObject\",\"@id\":\"https:\/\/weplex-heatexchanger.com\/es\/dominios-de-aplicacion\/metalurgica\/#primaryimage\",\"inLanguage\":\"es\",\"url\":\"https:\/\/weplex-heatexchanger.com\/wp-content\/uploads\/2019\/02\/metallurgie.jpg\",\"contentUrl\":\"https:\/\/weplex-heatexchanger.com\/wp-content\/uploads\/2019\/02\/metallurgie.jpg\",\"width\":640,\"height\":399},{\"@type\":\"WebPage\",\"@id\":\"https:\/\/weplex-heatexchanger.com\/es\/dominios-de-aplicacion\/metalurgica\/#webpage\",\"url\":\"https:\/\/weplex-heatexchanger.com\/es\/dominios-de-aplicacion\/metalurgica\/\",\"name\":\"Metal\\u00fargica - Weplex, intercambiador de calor a placas soldadas\",\"isPartOf\":{\"@id\":\"https:\/\/weplex-heatexchanger.com\/#website\"},\"primaryImageOfPage\":{\"@id\":\"https:\/\/weplex-heatexchanger.com\/es\/dominios-de-aplicacion\/metalurgica\/#primaryimage\"},\"datePublished\":\"2019-02-11T09:43:09+00:00\",\"dateModified\":\"2020-02-07T10:57:42+00:00\",\"description\":\"Los intercambiadores t\\u00e9rmicos como el Weplex encuentran su utilidad ya que aseguran la producci\\u00f3n gracias al control de la temperatura.\",\"breadcrumb\":{\"@id\":\"https:\/\/weplex-heatexchanger.com\/es\/dominios-de-aplicacion\/metalurgica\/#breadcrumb\"},\"inLanguage\":\"es\",\"potentialAction\":[{\"@type\":\"ReadAction\",\"target\":[\"https:\/\/weplex-heatexchanger.com\/es\/dominios-de-aplicacion\/metalurgica\/\"]}]},{\"@type\":\"BreadcrumbList\",\"@id\":\"https:\/\/weplex-heatexchanger.com\/es\/dominios-de-aplicacion\/metalurgica\/#breadcrumb\",\"itemListElement\":[{\"@type\":\"ListItem\",\"position\":1,\"item\":{\"@type\":\"WebPage\",\"@id\":\"https:\/\/weplex-heatexchanger.com\/es\/\",\"url\":\"https:\/\/weplex-heatexchanger.com\/es\/\",\"name\":\"Accueil\"}},{\"@type\":\"ListItem\",\"position\":2,\"item\":{\"@type\":\"WebPage\",\"@id\":\"https:\/\/weplex-heatexchanger.com\/es\/dominios-de-aplicacion\/\",\"url\":\"https:\/\/weplex-heatexchanger.com\/es\/dominios-de-aplicacion\/\",\"name\":\"Dominios de aplicaci\\u00f3n\"}},{\"@type\":\"ListItem\",\"position\":3,\"item\":{\"@type\":\"WebPage\",\"@id\":\"https:\/\/weplex-heatexchanger.com\/es\/dominios-de-aplicacion\/metalurgica\/\",\"url\":\"https:\/\/weplex-heatexchanger.com\/es\/dominios-de-aplicacion\/metalurgica\/\",\"name\":\"Metal\\u00fargica\"}}]}]}<\/script>\n<!-- \/ Yoast SEO plugin. -->","_links":{"self":[{"href":"https:\/\/weplex-heatexchanger.com\/es\/wp-json\/wp\/v2\/pages\/5963","targetHints":{"allow":["GET"]}}],"collection":[{"href":"https:\/\/weplex-heatexchanger.com\/es\/wp-json\/wp\/v2\/pages"}],"about":[{"href":"https:\/\/weplex-heatexchanger.com\/es\/wp-json\/wp\/v2\/types\/page"}],"author":[{"embeddable":true,"href":"https:\/\/weplex-heatexchanger.com\/es\/wp-json\/wp\/v2\/users\/2"}],"replies":[{"embeddable":true,"href":"https:\/\/weplex-heatexchanger.com\/es\/wp-json\/wp\/v2\/comments?post=5963"}],"version-history":[{"count":15,"href":"https:\/\/weplex-heatexchanger.com\/es\/wp-json\/wp\/v2\/pages\/5963\/revisions"}],"predecessor-version":[{"id":6641,"href":"https:\/\/weplex-heatexchanger.com\/es\/wp-json\/wp\/v2\/pages\/5963\/revisions\/6641"}],"up":[{"embeddable":true,"href":"https:\/\/weplex-heatexchanger.com\/es\/wp-json\/wp\/v2\/pages\/5940"}],"wp:featuredmedia":[{"embeddable":true,"href":"https:\/\/weplex-heatexchanger.com\/es\/wp-json\/wp\/v2\/media\/5719"}],"wp:attachment":[{"href":"https:\/\/weplex-heatexchanger.com\/es\/wp-json\/wp\/v2\/media?parent=5963"}],"curies":[{"name":"wp","href":"https:\/\/api.w.org\/{rel}","templated":true}]}}