{"id":5987,"date":"2019-02-13T08:09:04","date_gmt":"2019-02-13T08:09:04","guid":{"rendered":"https:\/\/weplex-heatexchanger.com\/dominios-de-aplicacion\/chimie\/"},"modified":"2020-01-17T09:00:42","modified_gmt":"2020-01-17T09:00:42","slug":"quimica","status":"publish","type":"page","link":"https:\/\/weplex-heatexchanger.com\/es\/dominios-de-aplicacion\/quimica\/","title":{"rendered":"Qu\u00edmica"},"content":{"rendered":"\n<figure class=\"wp-block-image is-resized fullscreen\"><img loading=\"lazy\" decoding=\"async\" src=\"https:\/\/weplex-heatexchanger.com\/wp-content\/uploads\/2019\/02\/chimie-laboratoire.jpg\" alt=\"\" class=\"fullscreen\" width=\"1920\" height=\"500\"><\/figure>\n\n\n\n<div class=\"ariane pad\">\n<a href=\"https:\/\/weplex-heatexchanger.com\/es\/\">Home<\/a> \u00bb <a href=\"https:\/\/weplex-heatexchanger.com\/es\/dominios-de-aplicacion\/\">Dominios de aplicaci\u00f3n<\/a> \u00bb Qu\u00edmica\n<\/div>\n<div style=\"height:30px\" aria-hidden=\"true\" class=\"wp-block-spacer\"><\/div>\n\n\n\n<div class=\"labbe1\">\n<div class=\"septexte pad col-sm-6\">\n<h1 style=\"text-align:center\"><span style=\"color: #c31a22;\">Industria qu\u00edmica<\/span><\/h1>\n<section id=\"content-section-2\">\n<div class=\"gdlr-color-wrapper no-skin\">\n<div class=\"container\">\n<div class=\"gdlr-item gdlr-content-item\">\n\n<p> La empresa Labbe afecciona particularmente el sector de la industria qu\u00edmica ya que desde hace 70 a\u00f1os ha aplicado su experiencia en la concepci\u00f3n de numerosos equipamientos para esta industria :<\/p>\n\n<ul><li>Colorantes<\/li>\n<li>Perfumes<\/li>\n<li>Destilaci\u00f3n<\/li>\n<li>Qu\u00edmica fina<\/li>\n<li>Explosivos<\/li>\n<li>Concentraci\u00f3n<\/li>\n<\/ul>\n\n\n<p>El Weplex sigue esta linea colaborando con un equipamiento fiable destinado a la industria qu\u00edmica.<\/p>\n\n\n<\/div>\n<p>&nbsp;<\/p>\n<\/div>\n<\/div>\n<\/section>\n<\/div>\n\n<div class=\"col-sm-6 middle-img\">\n<figure class=\"wp-block-image is-resized\"><img loading=\"lazy\" decoding=\"async\" src=\"https:\/\/weplex-heatexchanger.com\/wp-content\/uploads\/2019\/02\/laboratory-1009190_640.jpg\" alt=\"\" class=\"wp-image-border\" width=\"1000\" height=\"671\"><\/figure><\/div>\n<\/div>\n\n\n\n<div style=\"height:30px\" aria-hidden=\"true\" class=\"wp-block-spacer clearfix\"><\/div>\n\n\n<a class=\"maxbutton-2 maxbutton maxbutton-brochure\" href=\"\/es\/solicitud-de-folleto\/\"><span class='mb-text'>Descargar el folleto<\/span><\/a>\n\n\n<div style=\"height:30px\" aria-hidden=\"true\" class=\"wp-block-spacer clearfix\"><\/div>\n\n\n\n<div class=\"labbe2\">\n<div class=\"col-sm-6 middle-img\">\n<figure class=\"wp-block-image is-resized\"><img loading=\"lazy\" decoding=\"async\" class=\"wp-image-border\" src=\"https:\/\/weplex-heatexchanger.com\/wp-content\/uploads\/2019\/02\/chimie-usine.jpeg\" alt=\"\" width=\"1000\" height=\"671\"><\/figure>\n<\/div>\n\n<div class=\"col-sm-6 huitexte\">\n<h2 style=\"text-align: center;\"><span style=\"color: #c31a22;\">\u00bfPor qu\u00e9 instalar un intercambiador de calor en el sector de la industria qu\u00edmica?<\/span><\/h2>\n\n\n<p>Los intercambiadores de calor Weplex\u00ae est\u00e1n perfectamente adaptados para el enfriamiento y calentamiento de fluidos ya que pueden tratar todo tipo de l\u00edquidos.  Como se trata de un intercambiador de canales anchos, los fluidos muy cargados de materias pueden circular por el interior sin provocar bloqueos comparado con un intercambiador de canales estrechos.<\/p>\n\n<p>Adem\u00e1s su rendimiento es superior al de los intercambiadores tubulares cl\u00e1sicos :   los intercambiadores de calor Weplex\u00ae son entre 20 y 30% m\u00e1s eficaces.  La otra ventaja es que como son muy compactos, los Weplex\u00ae sont f\u00e1ciles de instalaci\u00f3n y de limpieza. <\/strong><\/p>\n\n<p>Los Weplex\u00ae han sido dise\u00f1ados por Labbe Process Equipment para cubrir las necesidades de la industria qu\u00edmica.<\/p>\n\n<\/div>\n<\/div>\n\n\n\n<div style=\"height:30px\" aria-hidden=\"true\" class=\"wp-block-spacer clearfix\"><\/div>\n\n\n\n<h3 style=\"text-align: center;\"><span style=\"color: #c31a22;\">Otros dominios de aplicaci\u00f3n :<\/span><\/h3>\n<div class=\"application\">\n<a href=\"https:\/\/weplex-heatexchanger.com\/es\/dominios-de-aplicacion\/petroquimica\/\">\n<div class=\"app app5 col-sm-3 col-xs-6\">\n<div class=\"content\">\n<p>Petroqu\u00edmica<\/p>\n<div class=\"domimage\"><img loading=\"lazy\" decoding=\"async\" class=\"wp-image-suc\" src=\"https:\/\/weplex-heatexchanger.com\/wp-content\/uploads\/2019\/02\/petrochimique.png\" alt=\"\" width=\"100\" height=\"100\"><\/div>\n<\/div>\n<\/div>\n<a\/>\n\n<a href=\"https:\/\/weplex-heatexchanger.com\/es\/dominios-de-aplicacion\/lavanderia\/\">\n<div class=\"app app6 col-sm-3 col-xs-6\">\n<div class=\"content\">\n<p>Lavander\u00eda<\/p>\n<div class=\"domimage\"><img loading=\"lazy\" decoding=\"async\" class=\"wp-image-suc\" src=\"https:\/\/weplex-heatexchanger.com\/wp-content\/uploads\/2019\/02\/blanchisserie.png\" alt=\"\" width=\"100\" height=\"100\"><\/div>\n<\/div>\n<\/div>\n<a\/>\n\n<a href=\"https:\/\/weplex-heatexchanger.com\/es\/dominios-de-aplicacion\/biotecnologia\/\">\n<div class=\"app app7 col-sm-3 col-xs-6\">\n<div class=\"content\">\n<p>Biotecnolog\u00eda<\/p>\n<div class=\"domimage\"><img loading=\"lazy\" decoding=\"async\" class=\"wp-image-suc\" src=\"https:\/\/weplex-heatexchanger.com\/wp-content\/uploads\/2019\/02\/biotechnologie.png\" alt=\"\" width=\"100\" height=\"100\"><\/div>\n<\/div>\n<\/div>\n<a\/>\n\n<a href=\"https:\/\/weplex-heatexchanger.com\/es\/dominios-de-aplicacion\/mineria\/\">\n<div class=\"app app8 col-sm-3 col-xs-6\">\n<div class=\"content\">\n<p>Miner\u00eda<\/p>\n<div class=\"domimage\"><img loading=\"lazy\" decoding=\"async\" class=\"wp-image-suc\" src=\"https:\/\/weplex-heatexchanger.com\/wp-content\/uploads\/2019\/02\/mine.png\" alt=\"\" width=\"100\" height=\"100\"><\/div>\n<\/div>\n<\/div>\n<a\/>\n<\/div>\n\n\n\n<div style=\"height:30px\" aria-hidden=\"true\" class=\"wp-block-spacer clearfix\"><\/div>\n","protected":false},"excerpt":{"rendered":"<p>Home \u00bb Dominios de aplicaci\u00f3n \u00bb Qu\u00edmica Industria qu\u00edmica La empresa Labbe afecciona particularmente el sector de la industria qu\u00edmica ya que desde hace 70 a\u00f1os ha aplicado su experiencia en la concepci\u00f3n de numerosos equipamientos para esta industria :<\/p>\n","protected":false},"author":2,"featured_media":5772,"parent":5940,"menu_order":0,"comment_status":"closed","ping_status":"closed","template":"","meta":{"footnotes":""},"class_list":["post-5987","page","type-page","status-publish","has-post-thumbnail","hentry"],"yoast_head":"<!-- This site is optimized with the Yoast SEO plugin v16.1.1 - https:\/\/yoast.com\/wordpress\/plugins\/seo\/ -->\n<title>Qu\u00edmica - Weplex, intercambiador de calor a placas soldadas<\/title>\n<meta name=\"description\" content=\"Los intercambiadores de calor Weplex\u00ae est\u00e1n perfectamente adaptados para el enfriamiento y calentamiento de fluidos de la industria qu\u00edmica\" \/>\n<link rel=\"canonical\" href=\"https:\/\/weplex-heatexchanger.com\/es\/dominios-de-aplicacion\/quimica\/\" \/>\n<meta property=\"og:locale\" content=\"es_ES\" \/>\n<meta property=\"og:type\" content=\"article\" \/>\n<meta property=\"og:title\" content=\"Qu\u00edmica - Weplex, intercambiador de calor a placas soldadas\" \/>\n<meta property=\"og:description\" content=\"Los intercambiadores de calor Weplex\u00ae est\u00e1n perfectamente adaptados para el enfriamiento y calentamiento de fluidos de la industria qu\u00edmica\" \/>\n<meta property=\"og:url\" content=\"https:\/\/weplex-heatexchanger.com\/es\/dominios-de-aplicacion\/quimica\/\" \/>\n<meta property=\"og:site_name\" content=\"Weplex, l&#039;\u00e9changeur de chaleur \u00e0 plaques soud\u00e9es\" \/>\n<meta property=\"article:modified_time\" content=\"2020-01-17T09:00:42+00:00\" \/>\n<meta property=\"og:image\" content=\"https:\/\/weplex-heatexchanger.com\/wp-content\/uploads\/2019\/02\/chimie-usine.jpeg\" \/>\n\t<meta property=\"og:image:width\" content=\"1000\" \/>\n\t<meta property=\"og:image:height\" content=\"813\" \/>\n<meta name=\"twitter:card\" content=\"summary_large_image\" \/>\n<meta name=\"twitter:label1\" content=\"Tiempo de lectura\">\n\t<meta name=\"twitter:data1\" content=\"1 minuto\">\n<script type=\"application\/ld+json\" class=\"yoast-schema-graph\">{\"@context\":\"https:\/\/schema.org\",\"@graph\":[{\"@type\":\"WebSite\",\"@id\":\"https:\/\/weplex-heatexchanger.com\/#website\",\"url\":\"https:\/\/weplex-heatexchanger.com\/\",\"name\":\"Weplex, l&#039;\\u00e9changeur de chaleur \\u00e0 plaques soud\\u00e9es\",\"description\":\"\",\"potentialAction\":[{\"@type\":\"SearchAction\",\"target\":\"https:\/\/weplex-heatexchanger.com\/?s={search_term_string}\",\"query-input\":\"required name=search_term_string\"}],\"inLanguage\":\"es\"},{\"@type\":\"ImageObject\",\"@id\":\"https:\/\/weplex-heatexchanger.com\/es\/dominios-de-aplicacion\/quimica\/#primaryimage\",\"inLanguage\":\"es\",\"url\":\"https:\/\/weplex-heatexchanger.com\/wp-content\/uploads\/2019\/02\/chimie-usine.jpeg\",\"contentUrl\":\"https:\/\/weplex-heatexchanger.com\/wp-content\/uploads\/2019\/02\/chimie-usine.jpeg\",\"width\":1000,\"height\":813},{\"@type\":\"WebPage\",\"@id\":\"https:\/\/weplex-heatexchanger.com\/es\/dominios-de-aplicacion\/quimica\/#webpage\",\"url\":\"https:\/\/weplex-heatexchanger.com\/es\/dominios-de-aplicacion\/quimica\/\",\"name\":\"Qu\\u00edmica - Weplex, intercambiador de calor a placas soldadas\",\"isPartOf\":{\"@id\":\"https:\/\/weplex-heatexchanger.com\/#website\"},\"primaryImageOfPage\":{\"@id\":\"https:\/\/weplex-heatexchanger.com\/es\/dominios-de-aplicacion\/quimica\/#primaryimage\"},\"datePublished\":\"2019-02-13T08:09:04+00:00\",\"dateModified\":\"2020-01-17T09:00:42+00:00\",\"description\":\"Los intercambiadores de calor Weplex\\u00ae est\\u00e1n perfectamente adaptados para el enfriamiento y calentamiento de fluidos de la industria qu\\u00edmica\",\"breadcrumb\":{\"@id\":\"https:\/\/weplex-heatexchanger.com\/es\/dominios-de-aplicacion\/quimica\/#breadcrumb\"},\"inLanguage\":\"es\",\"potentialAction\":[{\"@type\":\"ReadAction\",\"target\":[\"https:\/\/weplex-heatexchanger.com\/es\/dominios-de-aplicacion\/quimica\/\"]}]},{\"@type\":\"BreadcrumbList\",\"@id\":\"https:\/\/weplex-heatexchanger.com\/es\/dominios-de-aplicacion\/quimica\/#breadcrumb\",\"itemListElement\":[{\"@type\":\"ListItem\",\"position\":1,\"item\":{\"@type\":\"WebPage\",\"@id\":\"https:\/\/weplex-heatexchanger.com\/es\/\",\"url\":\"https:\/\/weplex-heatexchanger.com\/es\/\",\"name\":\"Accueil\"}},{\"@type\":\"ListItem\",\"position\":2,\"item\":{\"@type\":\"WebPage\",\"@id\":\"https:\/\/weplex-heatexchanger.com\/es\/dominios-de-aplicacion\/\",\"url\":\"https:\/\/weplex-heatexchanger.com\/es\/dominios-de-aplicacion\/\",\"name\":\"Dominios de aplicaci\\u00f3n\"}},{\"@type\":\"ListItem\",\"position\":3,\"item\":{\"@type\":\"WebPage\",\"@id\":\"https:\/\/weplex-heatexchanger.com\/es\/dominios-de-aplicacion\/quimica\/\",\"url\":\"https:\/\/weplex-heatexchanger.com\/es\/dominios-de-aplicacion\/quimica\/\",\"name\":\"Qu\\u00edmica\"}}]}]}<\/script>\n<!-- \/ Yoast SEO plugin. -->","_links":{"self":[{"href":"https:\/\/weplex-heatexchanger.com\/es\/wp-json\/wp\/v2\/pages\/5987","targetHints":{"allow":["GET"]}}],"collection":[{"href":"https:\/\/weplex-heatexchanger.com\/es\/wp-json\/wp\/v2\/pages"}],"about":[{"href":"https:\/\/weplex-heatexchanger.com\/es\/wp-json\/wp\/v2\/types\/page"}],"author":[{"embeddable":true,"href":"https:\/\/weplex-heatexchanger.com\/es\/wp-json\/wp\/v2\/users\/2"}],"replies":[{"embeddable":true,"href":"https:\/\/weplex-heatexchanger.com\/es\/wp-json\/wp\/v2\/comments?post=5987"}],"version-history":[{"count":4,"href":"https:\/\/weplex-heatexchanger.com\/es\/wp-json\/wp\/v2\/pages\/5987\/revisions"}],"predecessor-version":[{"id":6111,"href":"https:\/\/weplex-heatexchanger.com\/es\/wp-json\/wp\/v2\/pages\/5987\/revisions\/6111"}],"up":[{"embeddable":true,"href":"https:\/\/weplex-heatexchanger.com\/es\/wp-json\/wp\/v2\/pages\/5940"}],"wp:featuredmedia":[{"embeddable":true,"href":"https:\/\/weplex-heatexchanger.com\/es\/wp-json\/wp\/v2\/media\/5772"}],"wp:attachment":[{"href":"https:\/\/weplex-heatexchanger.com\/es\/wp-json\/wp\/v2\/media?parent=5987"}],"curies":[{"name":"wp","href":"https:\/\/api.w.org\/{rel}","templated":true}]}}