{"id":5991,"date":"2019-02-13T09:30:50","date_gmt":"2019-02-13T09:30:50","guid":{"rendered":"https:\/\/weplex-heatexchanger.com\/dominios-de-aplicacion\/papeterie\/"},"modified":"2020-01-17T09:03:34","modified_gmt":"2020-01-17T09:03:34","slug":"papelera","status":"publish","type":"page","link":"https:\/\/weplex-heatexchanger.com\/es\/dominios-de-aplicacion\/papelera\/","title":{"rendered":"Papelera"},"content":{"rendered":"\n<figure class=\"wp-block-image is-resized fullscreen\"><img loading=\"lazy\" decoding=\"async\" src=\"https:\/\/weplex-heatexchanger.com\/wp-content\/uploads\/2019\/02\/papeterie.jpeg\" alt=\"\" class=\"fullscreen\" width=\"1920\" height=\"500\"><\/figure>\n\n\n\n<div class=\"ariane pad\">\n<a href=\"https:\/\/weplex-heatexchanger.com\/es\/\">Home<\/a> \u00bb <a href=\"https:\/\/weplex-heatexchanger.com\/es\/dominios-de-aplicacion\/\">Dominios de aplicaci\u00f3n<\/a> \u00bb Papelera\n<\/div>\n<div style=\"height:30px\" aria-hidden=\"true\" class=\"wp-block-spacer\"><\/div>\n\n\n\n<div class=\"labbe1\">\n<div class=\"septexte pad col-sm-6\">\n<h1 style=\"text-align:center\"><span style=\"color: #c31a22;\">Industria papelera<\/span><\/h1>\n<section id=\"content-section-2\">\n<div class=\"gdlr-color-wrapper no-skin\">\n<div class=\"container\">\n<div class=\"gdlr-item gdlr-content-item\">\n\n<p> A pesar de vivir inmersos en la era num\u00e9rica, la industria papelera sigue en constante evoluci\u00f3n.  Durante todos estos a\u00f1os, Labbe Process Equipment ha dise\u00f1ado y fabricado equipamientos de calderer\u00eda industrial, innovando para adaptarse a la fabricaci\u00f3n del papel :<\/p>\n\n<ul><li>Procesos de fabricaci\u00f3n de pasta de papel<\/li>\n<li>Transformaci\u00f3n de la pasta para obtener papel<\/li>\n<\/ul>\n\n\n<p>El Weplex es un equipamiento fiable para las actividades relacionadas con la fabricaci\u00f3n del papel, concretamente para optimizar la producci\u00f3n.<\/p>\n\n\n<\/div>\n<p>&nbsp;<\/p>\n<\/div>\n<\/div>\n<\/section>\n<\/div>\n\n<div class=\"col-sm-6 middle-img\">\n<figure class=\"wp-block-image is-resized\"><img loading=\"lazy\" decoding=\"async\" src=\"https:\/\/weplex-heatexchanger.com\/wp-content\/uploads\/2019\/02\/printing-3733104_640.jpg\" alt=\"\" class=\"wp-image-border\" width=\"1000\" height=\"671\"><\/figure><\/div>\n<\/div>\n\n\n\n<div style=\"height:30px\" aria-hidden=\"true\" class=\"wp-block-spacer clearfix\"><\/div>\n\n\n\n\n\n<div style=\"height:30px\" aria-hidden=\"true\" class=\"wp-block-spacer clearfix\"><\/div>\n\n\n\n<div class=\"labbe2\">\n<div class=\"col-sm-6 middle-img\">\n<figure class=\"wp-block-image is-resized\"><img loading=\"lazy\" decoding=\"async\" class=\"wp-image-border\" src=\"https:\/\/weplex-heatexchanger.com\/wp-content\/uploads\/2019\/02\/usine-papier.jpg\" alt=\"\" width=\"1000\" height=\"671\"><\/figure>\n<\/div>\n\n<div class=\"col-sm-6 huitexte\">\n<h2 style=\"text-align: center;\"><span style=\"color: #c31a22;\">\u00bfPor qu\u00e9 instalar un intercambiador de calor en el sector de la industria papelera?<\/span><\/h2>\n\n\n<p>Los intercambiadores de calor Weplex\u00ae est\u00e1n perfectamente adaptados para el enfriamiento y calentamiento de fluidos : lo cual es muy \u00fatil para alcanzar la temperatura ideal en el lavado del papel.<\/p>\n\n<p>Los Weplex han sido dise\u00f1ados y fabricados por Labbe Process Equipment para cubrir las necesidades del la industria papelera.  Su rendimiento es superior al de intercambiadores tubulares cl\u00e1sicos : los intercambiadores t\u00e9rmicos Weplex\u00ae son de 20 a 30% m\u00e1s eficaces que los intercambiadores tubulares cl\u00e1sicos. Y adem\u00e1s como son muy compactos, los Weplex\u00ae sont f\u00e1ciles de instalaci\u00f3n y de limpieza.<\/p>\n\n<\/div>\n<\/div>\n\n\n\n<div style=\"height:30px\" aria-hidden=\"true\" class=\"wp-block-spacer clearfix\"><\/div>\n\n\n\n<h3 style=\"text-align: center;\"><span style=\"color: #c31a22;\">Otros dominios de aplicaci\u00f3n :<\/span><\/h3>\n<div class=\"application\">\n<a href=\"https:\/\/weplex-heatexchanger.com\/es\/dominios-de-aplicacion\/petroquimica\/\">\n<div class=\"app app5 col-sm-3 col-xs-6\">\n<div class=\"content\">\n<p>Petroqu\u00edmica<\/p>\n<div class=\"domimage\"><img loading=\"lazy\" decoding=\"async\" class=\"wp-image-suc\" src=\"https:\/\/weplex-heatexchanger.com\/wp-content\/uploads\/2019\/02\/petrochimique.png\" alt=\"\" width=\"100\" height=\"100\"><\/div>\n<\/div>\n<\/div>\n<a\/>\n\n<a href=\"https:\/\/weplex-heatexchanger.com\/es\/dominios-de-aplicacion\/lavanderia\/\">\n<div class=\"app app6 col-sm-3 col-xs-6\">\n<div class=\"content\">\n<p>Lavander\u00eda<\/p>\n<div class=\"domimage\"><img loading=\"lazy\" decoding=\"async\" class=\"wp-image-suc\" src=\"https:\/\/weplex-heatexchanger.com\/wp-content\/uploads\/2019\/02\/blanchisserie.png\" alt=\"\" width=\"100\" height=\"100\"><\/div>\n<\/div>\n<\/div>\n<a\/>\n\n<a href=\"https:\/\/weplex-heatexchanger.com\/es\/dominios-de-aplicacion\/biotecnologia\/\">\n<div class=\"app app7 col-sm-3 col-xs-6\">\n<div class=\"content\">\n<p>Biotecnolog\u00eda<\/p>\n<div class=\"domimage\"><img loading=\"lazy\" decoding=\"async\" class=\"wp-image-suc\" src=\"https:\/\/weplex-heatexchanger.com\/wp-content\/uploads\/2019\/02\/biotechnologie.png\" alt=\"\" width=\"100\" height=\"100\"><\/div>\n<\/div>\n<\/div>\n<a\/>\n\n<a href=\"https:\/\/weplex-heatexchanger.com\/es\/dominios-de-aplicacion\/mineria\/\">\n<div class=\"app app8 col-sm-3 col-xs-6\">\n<div class=\"content\">\n<p>Miner\u00eda<\/p>\n<div class=\"domimage\"><img loading=\"lazy\" decoding=\"async\" class=\"wp-image-suc\" src=\"https:\/\/weplex-heatexchanger.com\/wp-content\/uploads\/2019\/02\/mine.png\" alt=\"\" width=\"100\" height=\"100\"><\/div>\n<\/div>\n<\/div>\n<a\/>\n<\/div>\n\n\n","protected":false},"excerpt":{"rendered":"<p>Home \u00bb Dominios de aplicaci\u00f3n \u00bb Papelera Industria papelera A pesar de vivir inmersos en la era num\u00e9rica, la industria papelera sigue en constante evoluci\u00f3n. Durante todos estos a\u00f1os, Labbe Process Equipment ha dise\u00f1ado y fabricado equipamientos de calderer\u00eda industrial,<\/p>\n","protected":false},"author":2,"featured_media":5735,"parent":5940,"menu_order":0,"comment_status":"closed","ping_status":"closed","template":"","meta":{"footnotes":""},"class_list":["post-5991","page","type-page","status-publish","has-post-thumbnail","hentry"],"yoast_head":"<!-- This site is optimized with the Yoast SEO plugin v16.1.1 - https:\/\/yoast.com\/wordpress\/plugins\/seo\/ -->\n<title>Papelera - Weplex, intercambiador de calor a placas soldadas<\/title>\n<meta name=\"description\" content=\"El Weplex es un equipamiento fiable para las actividades relacionadas con la fabricaci\u00f3n del papel, concretamente para optimizar la producci\u00f3n.\" \/>\n<link rel=\"canonical\" href=\"https:\/\/weplex-heatexchanger.com\/es\/dominios-de-aplicacion\/papelera\/\" \/>\n<meta property=\"og:locale\" content=\"es_ES\" \/>\n<meta property=\"og:type\" content=\"article\" \/>\n<meta property=\"og:title\" content=\"Papelera - Weplex, intercambiador de calor a placas soldadas\" \/>\n<meta property=\"og:description\" content=\"El Weplex es un equipamiento fiable para las actividades relacionadas con la fabricaci\u00f3n del papel, concretamente para optimizar la producci\u00f3n.\" \/>\n<meta property=\"og:url\" content=\"https:\/\/weplex-heatexchanger.com\/es\/dominios-de-aplicacion\/papelera\/\" \/>\n<meta property=\"og:site_name\" content=\"Weplex, l&#039;\u00e9changeur de chaleur \u00e0 plaques soud\u00e9es\" \/>\n<meta property=\"article:modified_time\" content=\"2020-01-17T09:03:34+00:00\" \/>\n<meta property=\"og:image\" content=\"https:\/\/weplex-heatexchanger.com\/wp-content\/uploads\/2019\/02\/printing-3733104_640.jpg\" \/>\n\t<meta property=\"og:image:width\" content=\"640\" \/>\n\t<meta property=\"og:image:height\" content=\"426\" \/>\n<meta name=\"twitter:card\" content=\"summary_large_image\" \/>\n<meta name=\"twitter:label1\" content=\"Tiempo de lectura\">\n\t<meta name=\"twitter:data1\" content=\"1 minuto\">\n<script type=\"application\/ld+json\" class=\"yoast-schema-graph\">{\"@context\":\"https:\/\/schema.org\",\"@graph\":[{\"@type\":\"WebSite\",\"@id\":\"https:\/\/weplex-heatexchanger.com\/#website\",\"url\":\"https:\/\/weplex-heatexchanger.com\/\",\"name\":\"Weplex, l&#039;\\u00e9changeur de chaleur \\u00e0 plaques soud\\u00e9es\",\"description\":\"\",\"potentialAction\":[{\"@type\":\"SearchAction\",\"target\":\"https:\/\/weplex-heatexchanger.com\/?s={search_term_string}\",\"query-input\":\"required name=search_term_string\"}],\"inLanguage\":\"es\"},{\"@type\":\"ImageObject\",\"@id\":\"https:\/\/weplex-heatexchanger.com\/es\/dominios-de-aplicacion\/papelera\/#primaryimage\",\"inLanguage\":\"es\",\"url\":\"https:\/\/weplex-heatexchanger.com\/wp-content\/uploads\/2019\/02\/printing-3733104_640.jpg\",\"contentUrl\":\"https:\/\/weplex-heatexchanger.com\/wp-content\/uploads\/2019\/02\/printing-3733104_640.jpg\",\"width\":640,\"height\":426},{\"@type\":\"WebPage\",\"@id\":\"https:\/\/weplex-heatexchanger.com\/es\/dominios-de-aplicacion\/papelera\/#webpage\",\"url\":\"https:\/\/weplex-heatexchanger.com\/es\/dominios-de-aplicacion\/papelera\/\",\"name\":\"Papelera - Weplex, intercambiador de calor a placas soldadas\",\"isPartOf\":{\"@id\":\"https:\/\/weplex-heatexchanger.com\/#website\"},\"primaryImageOfPage\":{\"@id\":\"https:\/\/weplex-heatexchanger.com\/es\/dominios-de-aplicacion\/papelera\/#primaryimage\"},\"datePublished\":\"2019-02-13T09:30:50+00:00\",\"dateModified\":\"2020-01-17T09:03:34+00:00\",\"description\":\"El Weplex es un equipamiento fiable para las actividades relacionadas con la fabricaci\\u00f3n del papel, concretamente para optimizar la producci\\u00f3n.\",\"breadcrumb\":{\"@id\":\"https:\/\/weplex-heatexchanger.com\/es\/dominios-de-aplicacion\/papelera\/#breadcrumb\"},\"inLanguage\":\"es\",\"potentialAction\":[{\"@type\":\"ReadAction\",\"target\":[\"https:\/\/weplex-heatexchanger.com\/es\/dominios-de-aplicacion\/papelera\/\"]}]},{\"@type\":\"BreadcrumbList\",\"@id\":\"https:\/\/weplex-heatexchanger.com\/es\/dominios-de-aplicacion\/papelera\/#breadcrumb\",\"itemListElement\":[{\"@type\":\"ListItem\",\"position\":1,\"item\":{\"@type\":\"WebPage\",\"@id\":\"https:\/\/weplex-heatexchanger.com\/es\/\",\"url\":\"https:\/\/weplex-heatexchanger.com\/es\/\",\"name\":\"Accueil\"}},{\"@type\":\"ListItem\",\"position\":2,\"item\":{\"@type\":\"WebPage\",\"@id\":\"https:\/\/weplex-heatexchanger.com\/es\/dominios-de-aplicacion\/\",\"url\":\"https:\/\/weplex-heatexchanger.com\/es\/dominios-de-aplicacion\/\",\"name\":\"Dominios de aplicaci\\u00f3n\"}},{\"@type\":\"ListItem\",\"position\":3,\"item\":{\"@type\":\"WebPage\",\"@id\":\"https:\/\/weplex-heatexchanger.com\/es\/dominios-de-aplicacion\/papelera\/\",\"url\":\"https:\/\/weplex-heatexchanger.com\/es\/dominios-de-aplicacion\/papelera\/\",\"name\":\"Papelera\"}}]}]}<\/script>\n<!-- \/ Yoast SEO plugin. -->","_links":{"self":[{"href":"https:\/\/weplex-heatexchanger.com\/es\/wp-json\/wp\/v2\/pages\/5991","targetHints":{"allow":["GET"]}}],"collection":[{"href":"https:\/\/weplex-heatexchanger.com\/es\/wp-json\/wp\/v2\/pages"}],"about":[{"href":"https:\/\/weplex-heatexchanger.com\/es\/wp-json\/wp\/v2\/types\/page"}],"author":[{"embeddable":true,"href":"https:\/\/weplex-heatexchanger.com\/es\/wp-json\/wp\/v2\/users\/2"}],"replies":[{"embeddable":true,"href":"https:\/\/weplex-heatexchanger.com\/es\/wp-json\/wp\/v2\/comments?post=5991"}],"version-history":[{"count":5,"href":"https:\/\/weplex-heatexchanger.com\/es\/wp-json\/wp\/v2\/pages\/5991\/revisions"}],"predecessor-version":[{"id":6167,"href":"https:\/\/weplex-heatexchanger.com\/es\/wp-json\/wp\/v2\/pages\/5991\/revisions\/6167"}],"up":[{"embeddable":true,"href":"https:\/\/weplex-heatexchanger.com\/es\/wp-json\/wp\/v2\/pages\/5940"}],"wp:featuredmedia":[{"embeddable":true,"href":"https:\/\/weplex-heatexchanger.com\/es\/wp-json\/wp\/v2\/media\/5735"}],"wp:attachment":[{"href":"https:\/\/weplex-heatexchanger.com\/es\/wp-json\/wp\/v2\/media?parent=5991"}],"curies":[{"name":"wp","href":"https:\/\/api.w.org\/{rel}","templated":true}]}}