{"id":5994,"date":"2019-02-13T10:39:39","date_gmt":"2019-02-13T10:39:39","guid":{"rendered":"https:\/\/weplex-heatexchanger.com\/dominios-de-aplicacion\/pharmacie\/"},"modified":"2020-01-17T09:08:26","modified_gmt":"2020-01-17T09:08:26","slug":"farmaceutica","status":"publish","type":"page","link":"https:\/\/weplex-heatexchanger.com\/es\/dominios-de-aplicacion\/farmaceutica\/","title":{"rendered":"Farmace\u00fatica"},"content":{"rendered":"\n<figure class=\"wp-block-image is-resized fullscreen\"><img loading=\"lazy\" decoding=\"async\" src=\"https:\/\/weplex-heatexchanger.com\/wp-content\/uploads\/2019\/02\/pharmacie-seringue.jpg\" alt=\"\" class=\"fullscreen\" width=\"1920\" height=\"500\"><\/figure>\n\n\n\n<div class=\"ariane pad\">\n<a href=\"https:\/\/weplex-heatexchanger.com\/es\/\">Home<\/a> \u00bb <a href=\"https:\/\/weplex-heatexchanger.com\/es\/dominios-de-aplicacion\/\">Dominios de aplicaci\u00f3n<\/a> \u00bb Farmace\u00fatica\n<\/div>\n<div style=\"height:30px\" aria-hidden=\"true\" class=\"wp-block-spacer\"><\/div>\n\n\n\n<div class=\"labbe1\">\n<div class=\"septexte pad col-sm-6\">\n<h1 style=\"text-align:center\"><span style=\"color: #c31a22;\">Industria farmace\u00fatica<\/span><\/h1>\n<section id=\"content-section-2\">\n<div class=\"gdlr-color-wrapper no-skin\">\n<div class=\"container\">\n<div class=\"gdlr-item gdlr-content-item\">\n\n<p> La empresa Labbe Process Equipment trabaja desde hace 70 a\u00f1os para la industria farmace\u00fatica.  Durante este periodo, Labbe ha dise\u00f1ado y fabricado numerosos equipamientos para dicha industria.<\/p>\n\n\n\n<p>El intercambiador de calor Weplex se inscribe en la voluntad de la fabricaci\u00f3n de un equipamiento fiable orientado a actividades farmac\u00e9uticas : para la fabricaci\u00f3n de todo tipo de medicinas incluidos para el sector veterinario o de la parafarmacia.<\/p>\n\n\n<\/div>\n<p>&nbsp;<\/p>\n<\/div>\n<\/div>\n<\/section>\n<\/div>\n\n<div class=\"col-sm-6 middle-img\">\n<figure class=\"wp-block-image is-resized\"><img loading=\"lazy\" decoding=\"async\" src=\"https:\/\/weplex-heatexchanger.com\/wp-content\/uploads\/2019\/02\/hospital-3089884_640.jpg\" alt=\"\" class=\"wp-image-border\" width=\"1000\" height=\"671\"><\/figure><\/div>\n<\/div>\n\n\n\n<div style=\"height:30px\" aria-hidden=\"true\" class=\"wp-block-spacer clearfix\"><\/div>\n\n\n<a class=\"maxbutton-2 maxbutton maxbutton-brochure\" href=\"\/es\/solicitud-de-folleto\/\"><span class='mb-text'>Descargar el folleto<\/span><\/a>\n\n\n<div style=\"height:30px\" aria-hidden=\"true\" class=\"wp-block-spacer clearfix\"><\/div>\n\n\n\n<div class=\"labbe2\">\n<div class=\"col-sm-6 middle-img\">\n<figure class=\"wp-block-image is-resized\"><img loading=\"lazy\" decoding=\"async\" class=\"wp-image-border\" src=\"https:\/\/weplex-heatexchanger.com\/wp-content\/uploads\/2019\/02\/pharmaceutique.jpeg\" alt=\"\" width=\"1000\" height=\"671\"><\/figure>\n<\/div>\n\n<div class=\"col-sm-6 huitexte\">\n<h2 style=\"text-align: center;\"><span style=\"color: #c31a22;\">\u00bfPor qu\u00e9 instalar un intercambiador de calor en el sector de la industria farmace\u00fatica?<\/span><\/h2>\n\n\n<p>Como su propio nombre indica, los intercambiadores de calor Weplex\u00ae est\u00e1n perfectamente adaptados para el enfriamiento y calentamiento de fluidos.  Con este proceso de transferencia t\u00e9rmica, se puede recuperar el calor de un fluido para reutilizarlo de otra manera.<\/p>\n\n<p>Como se trata de un intercambiador de canales anchos, los fluidos muy cargados en materias pueden circular por el interior sin provocar bloqueos en comparaci\u00f3n con un intercambiador de canales estrechos.<\/p>\n\n<p>Los Weplex han sido dise\u00f1ados y fabricados por Labbe Process Equipment para cubrir las necesidades del la industria qu\u00edmica.  Su rendimiento es superior al de intercambiadores tubulares cl\u00e1sicos de 20 a 30%.  Y adem\u00e1s al ser muy compactos, los intercambiadores t\u00e9rmicos Weplex\u00ae son muy f\u00e1ciles de instalaci\u00f3n y de mantenimiento.<\/p>\n\n<\/div>\n<\/div>\n\n\n\n<div style=\"height:30px\" aria-hidden=\"true\" class=\"wp-block-spacer clearfix\"><\/div>\n\n\n\n<h3 style=\"text-align: center;\"><span style=\"color: #c31a22;\">Otros dominios de aplicaci\u00f3n :<\/span><\/h3>\n<div class=\"application\">\n<a href=\"https:\/\/weplex-heatexchanger.com\/es\/dominios-de-aplicacion\/petroquimica\/\">\n<div class=\"app app5 col-sm-3 col-xs-6\">\n<div class=\"content\">\n<p>Petroqu\u00edmica<\/p>\n<div class=\"domimage\"><img loading=\"lazy\" decoding=\"async\" class=\"wp-image-suc\" src=\"https:\/\/weplex-heatexchanger.com\/wp-content\/uploads\/2019\/02\/petrochimique.png\" alt=\"\" width=\"100\" height=\"100\"><\/div>\n<\/div>\n<\/div>\n<a\/>\n\n<a href=\"https:\/\/weplex-heatexchanger.com\/es\/dominios-de-aplicacion\/lavanderia\/\">\n<div class=\"app app6 col-sm-3 col-xs-6\">\n<div class=\"content\">\n<p>Lavander\u00eda<\/p>\n<div class=\"domimage\"><img loading=\"lazy\" decoding=\"async\" class=\"wp-image-suc\" src=\"https:\/\/weplex-heatexchanger.com\/wp-content\/uploads\/2019\/02\/blanchisserie.png\" alt=\"\" width=\"100\" height=\"100\"><\/div>\n<\/div>\n<\/div>\n<a\/>\n\n<a href=\"https:\/\/weplex-heatexchanger.com\/es\/dominios-de-aplicacion\/biotecnologia\/\">\n<div class=\"app app7 col-sm-3 col-xs-6\">\n<div class=\"content\">\n<p>Biotecnolog\u00eda<\/p>\n<div class=\"domimage\"><img loading=\"lazy\" decoding=\"async\" class=\"wp-image-suc\" src=\"https:\/\/weplex-heatexchanger.com\/wp-content\/uploads\/2019\/02\/biotechnologie.png\" alt=\"\" width=\"100\" height=\"100\"><\/div>\n<\/div>\n<\/div>\n<a\/>\n\n<a href=\"https:\/\/weplex-heatexchanger.com\/es\/dominios-de-aplicacion\/mineria\/\">\n<div class=\"app app8 col-sm-3 col-xs-6\">\n<div class=\"content\">\n<p>Miner\u00eda<\/p>\n<div class=\"domimage\"><img loading=\"lazy\" decoding=\"async\" class=\"wp-image-suc\" src=\"https:\/\/weplex-heatexchanger.com\/wp-content\/uploads\/2019\/02\/mine.png\" alt=\"\" width=\"100\" height=\"100\"><\/div>\n<\/div>\n<\/div>\n<a\/>\n<\/div>\n","protected":false},"excerpt":{"rendered":"<p>Home \u00bb Dominios de aplicaci\u00f3n \u00bb Farmace\u00fatica Industria farmace\u00fatica La empresa Labbe Process Equipment trabaja desde hace 70 a\u00f1os para la industria farmace\u00fatica. Durante este periodo, Labbe ha dise\u00f1ado y fabricado numerosos equipamientos para dicha industria. El intercambiador de calor<\/p>\n","protected":false},"author":2,"featured_media":5733,"parent":5940,"menu_order":0,"comment_status":"closed","ping_status":"closed","template":"","meta":{"footnotes":""},"class_list":["post-5994","page","type-page","status-publish","has-post-thumbnail","hentry"],"yoast_head":"<!-- This site is optimized with the Yoast SEO plugin v16.1.1 - https:\/\/yoast.com\/wordpress\/plugins\/seo\/ -->\n<title>Farmace\u00fatica - Weplex, intercambiador de calor a placas soldadas<\/title>\n<meta name=\"description\" content=\"Como su propio nombre indica, los intercambiadores de calor Weplex\u00ae est\u00e1n adaptados para el enfriamiento y calentamiento de fluidos de la farmaceutica\" \/>\n<link rel=\"canonical\" href=\"https:\/\/weplex-heatexchanger.com\/es\/dominios-de-aplicacion\/farmaceutica\/\" \/>\n<meta property=\"og:locale\" content=\"es_ES\" \/>\n<meta property=\"og:type\" content=\"article\" \/>\n<meta property=\"og:title\" content=\"Farmace\u00fatica - Weplex, intercambiador de calor a placas soldadas\" \/>\n<meta property=\"og:description\" content=\"Como su propio nombre indica, los intercambiadores de calor Weplex\u00ae est\u00e1n adaptados para el enfriamiento y calentamiento de fluidos de la farmaceutica\" \/>\n<meta property=\"og:url\" content=\"https:\/\/weplex-heatexchanger.com\/es\/dominios-de-aplicacion\/farmaceutica\/\" \/>\n<meta property=\"og:site_name\" content=\"Weplex, l&#039;\u00e9changeur de chaleur \u00e0 plaques soud\u00e9es\" \/>\n<meta property=\"article:modified_time\" content=\"2020-01-17T09:08:26+00:00\" \/>\n<meta property=\"og:image\" content=\"https:\/\/weplex-heatexchanger.com\/wp-content\/uploads\/2019\/02\/hospital-3089884_640.jpg\" \/>\n\t<meta property=\"og:image:width\" content=\"640\" \/>\n\t<meta property=\"og:image:height\" content=\"426\" \/>\n<meta name=\"twitter:card\" content=\"summary_large_image\" \/>\n<meta name=\"twitter:label1\" content=\"Tiempo de lectura\">\n\t<meta name=\"twitter:data1\" content=\"1 minuto\">\n<script type=\"application\/ld+json\" class=\"yoast-schema-graph\">{\"@context\":\"https:\/\/schema.org\",\"@graph\":[{\"@type\":\"WebSite\",\"@id\":\"https:\/\/weplex-heatexchanger.com\/#website\",\"url\":\"https:\/\/weplex-heatexchanger.com\/\",\"name\":\"Weplex, l&#039;\\u00e9changeur de chaleur \\u00e0 plaques soud\\u00e9es\",\"description\":\"\",\"potentialAction\":[{\"@type\":\"SearchAction\",\"target\":\"https:\/\/weplex-heatexchanger.com\/?s={search_term_string}\",\"query-input\":\"required name=search_term_string\"}],\"inLanguage\":\"es\"},{\"@type\":\"ImageObject\",\"@id\":\"https:\/\/weplex-heatexchanger.com\/es\/dominios-de-aplicacion\/farmaceutica\/#primaryimage\",\"inLanguage\":\"es\",\"url\":\"https:\/\/weplex-heatexchanger.com\/wp-content\/uploads\/2019\/02\/hospital-3089884_640.jpg\",\"contentUrl\":\"https:\/\/weplex-heatexchanger.com\/wp-content\/uploads\/2019\/02\/hospital-3089884_640.jpg\",\"width\":640,\"height\":426},{\"@type\":\"WebPage\",\"@id\":\"https:\/\/weplex-heatexchanger.com\/es\/dominios-de-aplicacion\/farmaceutica\/#webpage\",\"url\":\"https:\/\/weplex-heatexchanger.com\/es\/dominios-de-aplicacion\/farmaceutica\/\",\"name\":\"Farmace\\u00fatica - Weplex, intercambiador de calor a placas soldadas\",\"isPartOf\":{\"@id\":\"https:\/\/weplex-heatexchanger.com\/#website\"},\"primaryImageOfPage\":{\"@id\":\"https:\/\/weplex-heatexchanger.com\/es\/dominios-de-aplicacion\/farmaceutica\/#primaryimage\"},\"datePublished\":\"2019-02-13T10:39:39+00:00\",\"dateModified\":\"2020-01-17T09:08:26+00:00\",\"description\":\"Como su propio nombre indica, los intercambiadores de calor Weplex\\u00ae est\\u00e1n adaptados para el enfriamiento y calentamiento de fluidos de la farmaceutica\",\"breadcrumb\":{\"@id\":\"https:\/\/weplex-heatexchanger.com\/es\/dominios-de-aplicacion\/farmaceutica\/#breadcrumb\"},\"inLanguage\":\"es\",\"potentialAction\":[{\"@type\":\"ReadAction\",\"target\":[\"https:\/\/weplex-heatexchanger.com\/es\/dominios-de-aplicacion\/farmaceutica\/\"]}]},{\"@type\":\"BreadcrumbList\",\"@id\":\"https:\/\/weplex-heatexchanger.com\/es\/dominios-de-aplicacion\/farmaceutica\/#breadcrumb\",\"itemListElement\":[{\"@type\":\"ListItem\",\"position\":1,\"item\":{\"@type\":\"WebPage\",\"@id\":\"https:\/\/weplex-heatexchanger.com\/es\/\",\"url\":\"https:\/\/weplex-heatexchanger.com\/es\/\",\"name\":\"Accueil\"}},{\"@type\":\"ListItem\",\"position\":2,\"item\":{\"@type\":\"WebPage\",\"@id\":\"https:\/\/weplex-heatexchanger.com\/es\/dominios-de-aplicacion\/\",\"url\":\"https:\/\/weplex-heatexchanger.com\/es\/dominios-de-aplicacion\/\",\"name\":\"Dominios de aplicaci\\u00f3n\"}},{\"@type\":\"ListItem\",\"position\":3,\"item\":{\"@type\":\"WebPage\",\"@id\":\"https:\/\/weplex-heatexchanger.com\/es\/dominios-de-aplicacion\/farmaceutica\/\",\"url\":\"https:\/\/weplex-heatexchanger.com\/es\/dominios-de-aplicacion\/farmaceutica\/\",\"name\":\"Farmace\\u00fatica\"}}]}]}<\/script>\n<!-- \/ Yoast SEO plugin. -->","_links":{"self":[{"href":"https:\/\/weplex-heatexchanger.com\/es\/wp-json\/wp\/v2\/pages\/5994","targetHints":{"allow":["GET"]}}],"collection":[{"href":"https:\/\/weplex-heatexchanger.com\/es\/wp-json\/wp\/v2\/pages"}],"about":[{"href":"https:\/\/weplex-heatexchanger.com\/es\/wp-json\/wp\/v2\/types\/page"}],"author":[{"embeddable":true,"href":"https:\/\/weplex-heatexchanger.com\/es\/wp-json\/wp\/v2\/users\/2"}],"replies":[{"embeddable":true,"href":"https:\/\/weplex-heatexchanger.com\/es\/wp-json\/wp\/v2\/comments?post=5994"}],"version-history":[{"count":3,"href":"https:\/\/weplex-heatexchanger.com\/es\/wp-json\/wp\/v2\/pages\/5994\/revisions"}],"predecessor-version":[{"id":6104,"href":"https:\/\/weplex-heatexchanger.com\/es\/wp-json\/wp\/v2\/pages\/5994\/revisions\/6104"}],"up":[{"embeddable":true,"href":"https:\/\/weplex-heatexchanger.com\/es\/wp-json\/wp\/v2\/pages\/5940"}],"wp:featuredmedia":[{"embeddable":true,"href":"https:\/\/weplex-heatexchanger.com\/es\/wp-json\/wp\/v2\/media\/5733"}],"wp:attachment":[{"href":"https:\/\/weplex-heatexchanger.com\/es\/wp-json\/wp\/v2\/media?parent=5994"}],"curies":[{"name":"wp","href":"https:\/\/api.w.org\/{rel}","templated":true}]}}