{"id":6015,"date":"2019-02-01T15:02:33","date_gmt":"2019-02-01T15:02:33","guid":{"rendered":"https:\/\/weplex-heatexchanger.com\/labbe-chaudronnerie-industrielle\/"},"modified":"2020-01-17T08:34:17","modified_gmt":"2020-01-17T08:34:17","slug":"labbe-process-equipment","status":"publish","type":"page","link":"https:\/\/weplex-heatexchanger.com\/es\/labbe-process-equipment\/","title":{"rendered":"Labbe : Una caldereria unica"},"content":{"rendered":"\n\n\n\n\n<div class=\"ariane pad\">\n<a href=\"https:\/\/weplex-heatexchanger.com\/es\/\">Home<\/a> \u00bb Labbe Process Equipment\n<\/div>\n\n\n\n<div style=\"height:30px\" aria-hidden=\"true\" class=\"wp-block-spacer\"><\/div>\n\n\n\n<div class=\"labbe1\">\n<div class=\"septexte pad col-sm-8\">\n<h1 style=\"text-align:center\"><span style=\"color: #c31a22;\">LABBE : UNA CALDERERIA INDUSTRIAL UNICA<\/span><\/h1>\n<section id=\"content-section-2\">\n<div class=\"gdlr-color-wrapper no-skin\">\n<div class=\"container\">\n<div class=\"gdlr-item gdlr-content-item\">\n<p>La calderer\u00eda industrial Labbe Process Equipment (creada en 1948) est\u00e1 especializada en la concepci\u00f3n y en la fabricaci\u00f3n de equipamientos de proceso en acero inoxidable y aleaciones de nickel.  Fabricamos los siguientes tipos de aparatos :<\/p>\n<ul>\n<li>intercambiadores de calor<\/li>\n<li>dep\u00f3sitos<\/li>\n<li>reactores industriales,<\/li>\n<li>columnas de destilaci\u00f3n,<\/li>\n<li>cualquier equipamiento de calderer\u00eda industrial<\/li>\n<\/ul>\n<p>Adem\u00e1s Labbe trabaja con empresas de ingenieria encargadas de instalaciones industriales completas que externalizan la fabricaci\u00f3n en la calderer\u00eda Labbe.<\/p>\n<\/div>\n<p>&nbsp;<\/p>\n<\/div>\n<\/div>\n<\/section>\n<\/div>\n\n<div class=\"col-sm-4 middle-img\">\n<figure class=\"wp-block-image is-resized\"><img loading=\"lazy\" decoding=\"async\" src=\"https:\/\/weplex-heatexchanger.com\/wp-content\/uploads\/2019\/02\/atelier-chaudronnerie2-compressor.jpg\" alt=\"\" class=\"wp-image-border\" width=\"1000\" height=\"671\"><\/figure><\/div>\n<\/div>\n\n\n\n<div style=\"height:10px\" aria-hidden=\"true\" class=\"wp-block-spacer clearfix\"><\/div>\n\n\n\n<div class=\"labbe2\">\n<div class=\"col-sm-4 middle-img\">\n<figure class=\"wp-block-image is-resized\"><img loading=\"lazy\" decoding=\"async\" class=\"wp-image-border\" src=\"https:\/\/weplex-heatexchanger.com\/wp-content\/uploads\/2019\/02\/Installation-compressor-1.jpg\" alt=\"\" width=\"1000\" height=\"671\"><\/figure>\n<\/div>\n<div class=\"col-sm-8 huitexte\">\n<h2 style=\"text-align: center;\"><span style=\"color: #c31a22;\">Sus puntos destacados<\/span><\/h2>\n<p>La calderer\u00eda industrial Labbe dispone de un taller de producci\u00f3n de 10.000 m\u00b2 que permite la fabricaci\u00f3n de equipamientos de proceso gracias a :<\/p>\n<ul style=\"list-style-type: circle;\">\n<li>stock de 1.000 placas en acero inoxidable y aleaciones de nickel<\/li>\n<li>corte : corte con laser, corte con plasma sumergido, corte con plasma alta definici\u00f3n, corte por chorro de agua, corte con sierra<\/li>\n<li>mecanizaci\u00f3n por control num\u00e9rico<\/li>\n<li>conformado de fondos de dep\u00f3sito torisf\u00e9ricos, planos y c\u00f3nicos : embutido y rebordeo<\/li>\n<li>curvado de virolas<\/li>\n<li>soldadura : autom\u00e1tica (TIG, arco sumergido, soldadura orbital, banco plasma, TIG autom\u00e1tica) y manual (TIG, arco, MIG semi-autom\u00e1tica)<\/li>\n<li>pulido, decapado y pasivaci\u00f3n<\/li>\n<li>controles reglamentarios<\/li>\n<\/ul>\n<\/div>\n<\/div>\n\n\n\n<div style=\"height:20px\" aria-hidden=\"true\" class=\"wp-block-spacer clearfix\"><\/div>\n\n\n\n\n\n<div class=\"labbe1\">\n<div class=\"septexte col-sm-8\">\n<h2 style=\"text-align: center;\"><span style=\"color: #c31a22;\">Intercambiador de calor 100% Made in France<\/span><\/h2>\n<p>El intercambiador de calor <strong>Weplex\u00ae<\/strong>\u00a0est\u00e1 dise\u00f1ado, dimensionado y fabricado en Francia.\u00a0<\/p>\n<p>Gracias a nuestros 70 a\u00f1os de experiencia en la concepci\u00f3n y fabricaci\u00f3n de intercambiadores t\u00e9rmicos en acero inoxidable y aleaciones de nickel, <a href=\"https:\/\/www.labbe-france.fr\/\"><strong>Labbe Process Equipment<\/strong><\/a>\u00a0 asegura la fabricaci\u00f3n de cada <strong>Weplex\u00ae<\/strong>\u00a0en sus talleres situados en Seine et Marne, a 40 kms al este de Paris, en Francia.<\/p>\n<p>Historicamente la empresa se ha especializado en el dise\u00f1o y fabricaci\u00f3n de intercambiadores tubulares.\u00a0 A continuaci\u00f3n la empresa desarroll\u00f3 un modelo de intercambiador de placas soldadas muy eficaz para los intercambios de calor entre fluidos viscoso o muy cargados en part\u00edculas.\u00a0 En efecto, estos equipamientos de intercambio t\u00e9rmico de nueva generaci\u00f3n, <strong>Weplex\u00ae<\/strong>\u00a0(<strong>WE<\/strong>lded\u00a0<strong>PL<\/strong>ates\u00a0<strong>EX<\/strong>changer), han sido el objeto de numerosas innovaciones y de registro de patentes.\u00a0 Gracias a todo esto, la empresa ha perfeccionado nuevos sistemas de intercambio t\u00e9rmico como\u00a0:<\/p>\n<ul>\n<li><a href=\"https:\/\/www.labbe-france.fr\/echangeur-a-plaques-soudees-compalex\/\"><strong>Compalex\u00ae<\/strong><\/a>\u00a0: Unidad de intercambio compacto y desmontable con haces de placas.<\/li>\n<li><a href=\"https:\/\/www.labbe-france.fr\/echangeur-tubes-a-ailettes-ecofinex\/\"><strong>Ecofinex\u00ae<\/strong><\/a>\u00a0: Sistema de intercambiador basado en la tecnolog\u00eda de tubos con aletas que permite la recuperaci\u00f3n de la energia de los vapores con el objeto de reducir el consumo de energ\u00eda.<\/li>\n<\/ul>\n<\/div>\n<div class=\"col-sm-4 middle-img\">\n<figure class=\"wp-block-image is-resized\"><img loading=\"lazy\" decoding=\"async\" class=\"padimage\" src=\"https:\/\/weplex-heatexchanger.com\/wp-content\/uploads\/2020\/01\/weplex-2020-2.png\" alt=\"weplex \u00e9changeur de chaleur\" width=\"700\" height=\"499\" \/><\/figure>\n<\/div>\n<\/div>\n\n\n\n<div style=\"height:20px\" aria-hidden=\"true\" class=\"wp-block-spacer clearfix\"><\/div>\n\n\n<a class=\"maxbutton-2 maxbutton maxbutton-brochure\" href=\"\/es\/solicitud-de-folleto\/\"><span class='mb-text'>Descargar el folleto<\/span><\/a>\n\n\n<div style=\"height:20px\" aria-hidden=\"true\" class=\"wp-block-spacer clearfix\"><\/div>\n\n\n\n<h2 class=\"has-text-align-center wp-block-heading\"><span style=\"color:#c31a22\" class=\"tadv-color\">Zonas de exportaci\u00f3n de la empresa Labbe Process Equipment<\/span><\/h2>\n\n\n\n<style type=\"text\/css\" id=\"gmpMapStyles_1_96562\">\r\n\t#google_map_easy_1_96562 {\r\n        width: 100%;\r\n        height: 400px;\r\n\t\t\t\t\t\t    }\r\n\t#gmapControlsNum_1_96562 {\r\n\t\twidth:100%\t}\r\n\t.gmpMapDetailsContainer#gmpMapDetailsContainer_1_96562 {\r\n\t\theight:400px;\r\n\t}\r\n\t.gmp_MapPreview#google_map_easy_1_96562 {\r\n\t\t\/*position:absolute;*\/\r\n\t\twidth: 100%;\r\n\t}\r\n\t#mapConElem_1_96562{\r\n\t\twidth: 100%\t}\r\n    .gm-style .gm-style-iw-c{\r\n        padding: 12px!important;\r\n    }\r\n\t    <\/style> <div class=\"gmp_map_opts\" id=\"mapConElem_1_96562\" data-id=\"1\" data-view-id=\"1_96562\" > <div class=\"gmpMapDetailsContainer\" id=\"gmpMapDetailsContainer_1_96562\"> <i class=\"gmpKMLLayersPreloader fa fa-spinner fa-spin\" aria-hidden=\"true\" style=\"display: none;\"><\/i> <div class=\"gmp_MapPreview \" id=\"google_map_easy_1_96562\"><\/div> <\/div> <div class=\"gmpMapMarkerFilters\" id=\"gmpMapMarkerFilters_1_96562\"> <\/div> <div class=\"gmpMapProControlsCon\" id=\"gmpMapProControlsCon_1_96562\"> <\/div> <div class=\"gmpMapProDirectionsCon\" id=\"gmpMapProDirectionsCon_1_96562\" > <\/div> <div class=\"gmpMapProKmlFilterCon\" id=\"gmpMapProKmlFilterCon_1_96562\" > <\/div> <div class=\"gmpSocialSharingShell gmpSocialSharingShell_1_96562\"> <\/div> <div style=\"clear: both;\"><\/div> <\/div> \n\n\n\n<div style=\"height:50px\" aria-hidden=\"true\" class=\"wp-block-spacer clearfix\"><\/div>\n\n\n","protected":false},"excerpt":{"rendered":"<p>Home \u00bb Labbe Process Equipment LABBE : UNA CALDERERIA INDUSTRIAL UNICA La calderer\u00eda industrial Labbe Process Equipment (creada en 1948) est\u00e1 especializada en la concepci\u00f3n y en la fabricaci\u00f3n de equipamientos de proceso en acero inoxidable y aleaciones de nickel.<\/p>\n","protected":false},"author":2,"featured_media":5589,"parent":0,"menu_order":0,"comment_status":"closed","ping_status":"closed","template":"","meta":{"footnotes":""},"class_list":["post-6015","page","type-page","status-publish","has-post-thumbnail","hentry"],"yoast_head":"<!-- This site is optimized with the Yoast SEO plugin v16.1.1 - https:\/\/yoast.com\/wordpress\/plugins\/seo\/ -->\n<title>Labbe Process Equipement - Weplex Intercambiador de calor<\/title>\n<meta name=\"description\" content=\"La calderer\u00eda industrial Labbe Process Equipment dispone de un taller de producci\u00f3n de 10.000 m\u00b2 que permite la fabricaci\u00f3n de los intercambiadores de calor\" \/>\n<link rel=\"canonical\" href=\"https:\/\/weplex-heatexchanger.com\/es\/labbe-process-equipment\/\" \/>\n<meta property=\"og:locale\" content=\"es_ES\" \/>\n<meta property=\"og:type\" content=\"article\" \/>\n<meta property=\"og:title\" content=\"Labbe Process Equipement - Weplex Intercambiador de calor\" \/>\n<meta property=\"og:description\" content=\"La calderer\u00eda industrial Labbe Process Equipment dispone de un taller de producci\u00f3n de 10.000 m\u00b2 que permite la fabricaci\u00f3n de los intercambiadores de calor\" \/>\n<meta property=\"og:url\" content=\"https:\/\/weplex-heatexchanger.com\/es\/labbe-process-equipment\/\" \/>\n<meta property=\"og:site_name\" content=\"Weplex, l&#039;\u00e9changeur de chaleur \u00e0 plaques soud\u00e9es\" \/>\n<meta property=\"article:modified_time\" content=\"2020-01-17T08:34:17+00:00\" \/>\n<meta property=\"og:image\" content=\"https:\/\/weplex-heatexchanger.com\/wp-content\/uploads\/2019\/01\/labbe-process-equipment.jpg\" \/>\n\t<meta property=\"og:image:width\" content=\"512\" \/>\n\t<meta property=\"og:image:height\" content=\"512\" \/>\n<meta name=\"twitter:card\" content=\"summary_large_image\" \/>\n<meta name=\"twitter:label1\" content=\"Tiempo de lectura\">\n\t<meta name=\"twitter:data1\" content=\"2 minutos\">\n<script type=\"application\/ld+json\" class=\"yoast-schema-graph\">{\"@context\":\"https:\/\/schema.org\",\"@graph\":[{\"@type\":\"WebSite\",\"@id\":\"https:\/\/weplex-heatexchanger.com\/#website\",\"url\":\"https:\/\/weplex-heatexchanger.com\/\",\"name\":\"Weplex, l&#039;\\u00e9changeur de chaleur \\u00e0 plaques soud\\u00e9es\",\"description\":\"\",\"potentialAction\":[{\"@type\":\"SearchAction\",\"target\":\"https:\/\/weplex-heatexchanger.com\/?s={search_term_string}\",\"query-input\":\"required name=search_term_string\"}],\"inLanguage\":\"es\"},{\"@type\":\"ImageObject\",\"@id\":\"https:\/\/weplex-heatexchanger.com\/es\/labbe-process-equipment\/#primaryimage\",\"inLanguage\":\"es\",\"url\":\"https:\/\/weplex-heatexchanger.com\/wp-content\/uploads\/2019\/01\/labbe-process-equipment.jpg\",\"contentUrl\":\"https:\/\/weplex-heatexchanger.com\/wp-content\/uploads\/2019\/01\/labbe-process-equipment.jpg\",\"width\":512,\"height\":512,\"caption\":\"labbe-process-equipment\"},{\"@type\":\"WebPage\",\"@id\":\"https:\/\/weplex-heatexchanger.com\/es\/labbe-process-equipment\/#webpage\",\"url\":\"https:\/\/weplex-heatexchanger.com\/es\/labbe-process-equipment\/\",\"name\":\"Labbe Process Equipement - Weplex Intercambiador de calor\",\"isPartOf\":{\"@id\":\"https:\/\/weplex-heatexchanger.com\/#website\"},\"primaryImageOfPage\":{\"@id\":\"https:\/\/weplex-heatexchanger.com\/es\/labbe-process-equipment\/#primaryimage\"},\"datePublished\":\"2019-02-01T15:02:33+00:00\",\"dateModified\":\"2020-01-17T08:34:17+00:00\",\"description\":\"La calderer\\u00eda industrial Labbe Process Equipment dispone de un taller de producci\\u00f3n de 10.000 m\\u00b2 que permite la fabricaci\\u00f3n de los intercambiadores de calor\",\"breadcrumb\":{\"@id\":\"https:\/\/weplex-heatexchanger.com\/es\/labbe-process-equipment\/#breadcrumb\"},\"inLanguage\":\"es\",\"potentialAction\":[{\"@type\":\"ReadAction\",\"target\":[\"https:\/\/weplex-heatexchanger.com\/es\/labbe-process-equipment\/\"]}]},{\"@type\":\"BreadcrumbList\",\"@id\":\"https:\/\/weplex-heatexchanger.com\/es\/labbe-process-equipment\/#breadcrumb\",\"itemListElement\":[{\"@type\":\"ListItem\",\"position\":1,\"item\":{\"@type\":\"WebPage\",\"@id\":\"https:\/\/weplex-heatexchanger.com\/es\/\",\"url\":\"https:\/\/weplex-heatexchanger.com\/es\/\",\"name\":\"Accueil\"}},{\"@type\":\"ListItem\",\"position\":2,\"item\":{\"@type\":\"WebPage\",\"@id\":\"https:\/\/weplex-heatexchanger.com\/es\/labbe-process-equipment\/\",\"url\":\"https:\/\/weplex-heatexchanger.com\/es\/labbe-process-equipment\/\",\"name\":\"Labbe : Una caldereria unica\"}}]}]}<\/script>\n<!-- \/ Yoast SEO plugin. -->","_links":{"self":[{"href":"https:\/\/weplex-heatexchanger.com\/es\/wp-json\/wp\/v2\/pages\/6015","targetHints":{"allow":["GET"]}}],"collection":[{"href":"https:\/\/weplex-heatexchanger.com\/es\/wp-json\/wp\/v2\/pages"}],"about":[{"href":"https:\/\/weplex-heatexchanger.com\/es\/wp-json\/wp\/v2\/types\/page"}],"author":[{"embeddable":true,"href":"https:\/\/weplex-heatexchanger.com\/es\/wp-json\/wp\/v2\/users\/2"}],"replies":[{"embeddable":true,"href":"https:\/\/weplex-heatexchanger.com\/es\/wp-json\/wp\/v2\/comments?post=6015"}],"version-history":[{"count":9,"href":"https:\/\/weplex-heatexchanger.com\/es\/wp-json\/wp\/v2\/pages\/6015\/revisions"}],"predecessor-version":[{"id":6165,"href":"https:\/\/weplex-heatexchanger.com\/es\/wp-json\/wp\/v2\/pages\/6015\/revisions\/6165"}],"wp:featuredmedia":[{"embeddable":true,"href":"https:\/\/weplex-heatexchanger.com\/es\/wp-json\/wp\/v2\/media\/5589"}],"wp:attachment":[{"href":"https:\/\/weplex-heatexchanger.com\/es\/wp-json\/wp\/v2\/media?parent=6015"}],"curies":[{"name":"wp","href":"https:\/\/api.w.org\/{rel}","templated":true}]}}