{"id":6057,"date":"2019-05-03T06:48:05","date_gmt":"2019-05-03T06:48:05","guid":{"rendered":"https:\/\/weplex-heatexchanger.com\/mentions-legales\/"},"modified":"2020-01-15T16:03:13","modified_gmt":"2020-01-15T16:03:13","slug":"aviso-legal","status":"publish","type":"page","link":"https:\/\/weplex-heatexchanger.com\/es\/aviso-legal\/","title":{"rendered":"Aviso legal"},"content":{"rendered":"\n<h1 class=\"pad\">Aviso legal<\/h1>\n\n\n\n<div class=\"padi\">\n<p style=\"text-align: justify;\">Veuillez lire attentivement les conditions d&#8217;utilisation suivantes qui s&#8217;appliquent \u00e0 chaque visiteur de ce site Internet www.weplex-heatexchanger.fr.<\/p>\n<p style=\"text-align: justify;\">La consultation de ce site Internet implique l&#8217;acceptation implicite de l&#8217;observation des conditions d&#8217;utilisation suivantes :<\/p>\n<h2 style=\"text-align: justify;\">Article 1 &#8211; G\u00e9n\u00e9ralit\u00e9s<\/h2>\n<h3 style=\"text-align: justify;\">Objectifs<\/h3>\n<p style=\"text-align: justify;\">L&#8217;acc\u00e8s au site www.weplex-heatexchanger.fr se fait sans aucune restriction, il est destin\u00e9 \u00e0 tous les publics.<\/p>\n<p style=\"text-align: justify;\">Ce site a pour objectif de faire une pr\u00e9sentation institutionnelle de Labbe en France.<\/p>\n<h3 style=\"text-align: justify;\">Conditions d&#8217;utilisation<\/h3>\n<p style=\"text-align: justify;\">L&#8217;acc\u00e8s et l&#8217;utilisation par les internautes du Site www.weplex-heatexchanger.fr se fait sous r\u00e9serve d&#8217;acceptation des conditions suivantes et des lois applicables :<\/p>\n<ul style=\"text-align: justify;\">\n<li>M. Labbe se r\u00e9serve la possibilit\u00e9, compte tenu des \u00e9volutions permanentes du r\u00e9seau Internet, de modifier, \u00e0 tout moment, les conditions d&#8217;utilisation (ajout ou retrait) propos\u00e9es sur le site www.weplex-heatexchanger.fr.<\/li>\n<li>M. Labbe se r\u00e9serve le droit de modifier ou faire modifier, de supprimer ou faire supprimer, \u00e0 tout moment et sans pr\u00e9avis, les informations pr\u00e9sentes sur le Site Internet www.weplex-heatexchanger.fr.<\/li>\n<\/ul>\n<h2 style=\"text-align: justify;\">Article 2 &#8211; Responsabilit\u00e9<\/h2>\n<h3 style=\"text-align: justify;\">Responsabilit\u00e9 quant au contenu du Site<\/h3>\n<p style=\"text-align: justify;\">M. Labbe fournit les informations diffus\u00e9es sur le Site www.weplex-heatexchanger.fr \u00e0 des fins purement informatives.<\/p>\n<p style=\"text-align: justify;\">M. Labbe mettra tout en \u0153uvre pour que ces informations soient fiables (citation des sources), actualis\u00e9es, exhaustives, pertinentes (ad\u00e9quation aux objectifs), licites et valid\u00e9es (r\u00e9glementation en vigueur) mais ne donne aucune garantie \u00e0 ce titre. L&#8217;acc\u00e8s au Site www.weplex-heatexchanger.fr et \u00e0 l&#8217;utilisation de son contenu sont aux risques de l&#8217;utilisateur.<\/p>\n<p style=\"text-align: justify;\">En cons\u00e9quence, ni M. Labbe, ni aucune autre partie impliqu\u00e9e dans le processus de cr\u00e9ation et d&#8217;exploitation de ce serveur ne pourront \u00eatre reconnues responsables de quelque dommage caus\u00e9 par l&#8217;acc\u00e8s, l&#8217;utilisation ou l&#8217;impossibilit\u00e9 d&#8217;acc\u00e8s ou d&#8217;utilisation de ce serveur ou par toute erreur ou omission dans son contenu.<\/p>\n<p style=\"text-align: justify;\">Le Site pourra proposer des opinions \u00e9mises par des experts, en rapport avec le contenu du Site ou des extraits d&#8217;articles de presse. De telles informations repr\u00e9sentent uniquement l&#8217;opinion de l&#8217;expert consult\u00e9 ou du journal, et pas n\u00e9cessairement l&#8217;opinion de M. Labbe qui ne saurait \u00eatre responsable de l&#8217;exactitude et de l&#8217;exhaustivit\u00e9 des informations et opinions contenues dans de tels \u00e9l\u00e9ments. Les opinions des experts refl\u00e8tent une vision personnelle et ne devront jamais \u00eatre interpr\u00e9t\u00e9es comme repr\u00e9sentant l&#8217;opinion ou la responsabilit\u00e9 de M. Labbe.<\/p>\n<h3 style=\"text-align: justify;\">Limitation de responsabilit\u00e9<\/h3>\n<p style=\"text-align: justify;\">M. Labbe s&#8217;efforce d&#8217;assurer au mieux de ses possibilit\u00e9s, l&#8217;exactitude et la mise \u00e0 jour des informations diffus\u00e9es sur le Site, dont elle se r\u00e9serve le droit de corriger, \u00e0 tout moment et sans pr\u00e9avis, le contenu. Toutefois, M. Labbe ne peut garantir l&#8217;exactitude, la pr\u00e9cision, la mise \u00e0 jour ou l&#8217;exhaustivit\u00e9 des informations mises \u00e0 la disposition sur le Site.<\/p>\n<p style=\"text-align: justify;\">En cons\u00e9quence, et \u00e0 l&#8217;exception des dommages directs r\u00e9sultant d&#8217;une faute lourde ou intentionnelle de M. Labbe, cette derni\u00e8re d\u00e9cline toute responsabilit\u00e9 :<\/p>\n<ul style=\"text-align: justify;\">\n<li>pour toute impr\u00e9cision, inexactitude ou omission portant sur des informations disponibles sur le Site;<\/li>\n<li>pour tous dommages r\u00e9sultant d&#8217;une intrusion frauduleuse d&#8217;un tiers, ayant entra\u00een\u00e9 une modification des informations ou \u00e9l\u00e9ments mis \u00e0 la disposition sur le Site;<\/li>\n<li>et plus g\u00e9n\u00e9ralement pour tous dommages, directs ou indirects, quelles qu&#8217;en soit les causes, origines, natures ou cons\u00e9quences, quand bien m\u00eame M. Labbe aurait \u00e9t\u00e9 avis\u00e9e de la possibilit\u00e9 de tels dommages, provoqu\u00e9s \u00e0 raison (i) de l&#8217;acc\u00e8s de quiconque au Site ou de l&#8217;impossibilit\u00e9 d&#8217;y acc\u00e9der, (ii) de l&#8217;utilisation du Site, incluant toutes d\u00e9t\u00e9riorations ou virus qui pourraient infecter l&#8217;\u00e9quipement informatique de l&#8217;utilisateur ou tout autre bien, et\/ou (iii) du cr\u00e9dit accord\u00e9 \u00e0 une quelconque information provenant directement ou indirectement du Site.<\/li>\n<\/ul>\n<p style=\"text-align: justify;\">Les \u00e9l\u00e9ments du Site ou de tout autre site sont fournis \u00aben l&#8217;\u00e9tat\u00bb sans aucune garantie d&#8217;aucune sorte, implicite ou explicite. M. Labbe n&#8217;offre aucune garantie, implicite ou explicite, relative, sans limitation, \u00e0 leur valeur marchande ou leur ad\u00e9quation \u00e0 une fin donn\u00e9e.<\/p>\n<p style=\"text-align: justify;\">L&#8217;utilisateur du site reconna\u00eet qu&#8217;il fait usage sous sa seule responsabilit\u00e9 des informations pr\u00e9sentes sur le site www.weplex-heatexchanger.fr. En cons\u00e9quence, M. Labbe ne saurait voir sa responsabilit\u00e9 engag\u00e9e \u00e0 raison de tout pr\u00e9judice, direct ou indirect, de quelque nature que ce soit, r\u00e9sultant pour tout ou partie de l&#8217;utilisation des informations du site.<\/p>\n<h3 style=\"text-align: justify;\">Liens hypertextes<\/h3>\n<p style=\"text-align: justify;\">Le site www.weplex-heatexchanger.fr peut inclure des liens hypertextes vers des sites tiers sur le r\u00e9seau Internet. En raison du caract\u00e8re volatile des informations pr\u00e9sentes sur le r\u00e9seau Internet, M. Labbe ne peut contr\u00f4ler la nature ou le contenu des ressources constitu\u00e9es par ces sources externes.<\/p>\n<p style=\"text-align: justify;\">En cons\u00e9quence, la responsabilit\u00e9 de M. Labbe ne saurait \u00eatre engag\u00e9e au titre d&#8217;un site tiers auquel l&#8217;utilisateur aurait acc\u00e8s via le Site www.weplex-heatexchanger.fr.<\/p>\n<p style=\"text-align: justify;\">M. Labbe ne dispose d&#8217;aucun moyen de contr\u00f4le du contenu de ces sites tiers qui demeurent totalement ind\u00e9pendants de M. Labbe. De surcro\u00eet, l&#8217;existence d&#8217;un lien entre le Site et un site tiers ne signifie en aucun cas que M. Labbe approuve \u00e0 quelque titre que ce soit le contenu de ce Site et a fortiori l&#8217;usage qui pourrait en \u00eatre fait.<\/p>\n<h3 style=\"text-align: justify;\">Disponibilit\u00e9 et Maintenance du site<\/h3>\n<p style=\"text-align: justify;\">Vous reconnaissez (i) qu&#8217;il est techniquement impossible de fournir le Site exempt de tout d\u00e9faut et que M. Labbe ne peut s&#8217;y engager; (ii) que des d\u00e9fauts peuvent conduire \u00e0 l&#8217;indisponibilit\u00e9 temporaire du Site; et que (iii) le fonctionnement du Site peut \u00eatre affect\u00e9 par des \u00e9v\u00e9nements et\/ou des \u00e9l\u00e9ments que M. Labbe ne contr\u00f4le pas, tels que par exemple, des moyens de transmission et de communication entre vous et M. Labbe et entre M. Labbe et d&#8217;autres r\u00e9seaux.<\/p>\n<p style=\"text-align: justify;\">M. Labbe et\/ou ses fournisseurs pourra(ont), \u00e0 tout moment, modifier ou interrompre, temporairement ou de fa\u00e7on permanente, tout ou partie du Site pour effectuer des op\u00e9rations de maintenance et\/ou effectuer des am\u00e9liorations et\/ou des modifications sur le Site. M. Labbe n&#8217;est pas responsable de toute modification, suspension ou interruption du Site.<\/p>\n<h2 style=\"text-align: justify;\">Article 3 &#8211; Propri\u00e9t\u00e9 intellectuelle<\/h2>\n<p style=\"text-align: justify;\">Ce site appartient \u00e0 M. Labbe et est h\u00e9berg\u00e9 par l&#8217;Agence Grand Manitou.<\/p>\n<p style=\"text-align: justify;\">Les documents contenus et \u00e9l\u00e9ments cr\u00e9\u00e9s pour le Site www.weplex-heatexchanger.fr sont la propri\u00e9t\u00e9 exclusive de M. Labbe ou des tiers ayant autoris\u00e9 leur citation par M. Labbe.<\/p>\n<p style=\"text-align: justify;\">La pr\u00e9sentation et chacun des \u00e9l\u00e9ments, y compris les marques, logos et noms de domaine, apparaissant sur le Site www.weplex-heatexchanger.fr sont prot\u00e9g\u00e9s par les lois en vigueur sur la propri\u00e9t\u00e9 intellectuelle, et appartiennent \u00e0 M. Labbe, ou font l&#8217;objet d&#8217;une autorisation d&#8217;utilisation.<\/p>\n<p style=\"text-align: justify;\">L&#8217;utilisateur n&#8217;acquiert qu&#8217;un droit d&#8217;usage des informations disponibles (textes, logos, dessins, images\u2026) sur le Site www.weplex-heatexchanger.fr. Ce droit est limit\u00e9 \u00e0 usage personnel et priv\u00e9. L&#8217;utilisateur n&#8217;acquiert aucun droit de reproduction, sous quelque forme que ce soit si ce n&#8217;est celui d&#8217;une copie unique destin\u00e9e \u00e0 un usage strictement priv\u00e9 et non commercial et sous r\u00e9serve du respect des droits de propri\u00e9t\u00e9 intellectuelle et de tout autre droit de propri\u00e9t\u00e9 dont il est fait mention.<\/p>\n<p style=\"text-align: justify;\">Toute autre utilisation est soumise \u00e0 l&#8217;accord pr\u00e9alable de la Direction de la communication de M. Labbe et devra se faire sans d\u00e9naturation, modification ou alt\u00e9ration de quelque mani\u00e8re que ce soit.<\/p>\n<p style=\"text-align: justify;\">Toute utilisation non autoris\u00e9e constitue une contrefa\u00e7on. M. Labbe se r\u00e9serve le droit de poursuivre tout acte de contrefa\u00e7on de ses droits de propri\u00e9t\u00e9 intellectuelle.<\/p>\n<p style=\"text-align: justify;\">Seules sont autoris\u00e9es par M. Labbe l&#8217;extraction ou la r\u00e9utilisation des documents et pages du site conform\u00e9ment aux dispositions de l&#8217;article 342-3 du code la propri\u00e9t\u00e9 intellectuelle (loi 98-536 du 1\/07\/1998) sous r\u00e9serve que toutes les reproductions comportent les mentions relatives au droit d&#8217;auteur, \u00e0 la propri\u00e9t\u00e9 de M. Labbe.<\/p>\n<h2 style=\"text-align: justify;\">Article 4 &#8211; Contacts et suggestions<\/h2>\n<p style=\"text-align: justify;\">M. Labbe s&#8217;efforce d&#8217;assurer la fiabilit\u00e9 et la mise \u00e0 jour des informations diffus\u00e9es sur le Site www.weplex-heatexchanger.fr. Les questions relatives \u00e0 ces informations peuvent \u00eatre adress\u00e9es par message \u00e9lectronique \u00e0 <a href=\"mailto:contact@labbe-france.fr\">contact@labbe-france.fr<\/a>.<\/p>\n<h2 style=\"text-align: justify;\">Article 5 &#8211; Informatique et libert\u00e9 &#8211; Protection des donn\u00e9es personnelles<\/h2>\n<p style=\"text-align: justify;\">Les informations personnelles concernant les internautes et collect\u00e9es dans le cadre du pr\u00e9sent site sont destin\u00e9es aux services de M. Labbe charg\u00e9s de r\u00e9pondre \u00e0 leurs demandes.<\/p>\n<h3 style=\"text-align: justify;\">Confidentialit\u00e9 des informations<\/h3>\n<p style=\"text-align: justify;\">M. Labbe s&#8217;engage \u00e0 respecter le caract\u00e8re confidentiel des informations personnelles fournies par les visiteurs du Site Internet www.weplex-heatexchanger.fr. Le pr\u00e9sent avertissement a pour objet d&#8217;indiquer le type d&#8217;informations susceptibles d&#8217;\u00eatre recueillies lors de la visite du Site Internet www.weplex-heatexchanger.fr, ainsi que l&#8217;utilisation dont elles pourront faire l&#8217;objet ult\u00e9rieurement.<\/p>\n<h3 style=\"text-align: justify;\">Informations automatiquement recueillies et stock\u00e9es<\/h3>\n<p style=\"text-align: justify;\">Le Site www.weplex-heatexchanger.fr b\u00e9n\u00e9ficie de mises \u00e0 jour r\u00e9guli\u00e8res au profit des utilisateurs. Pendant la consultation du Site, certaines donn\u00e9es de l&#8217;utilisateur sont recueillies automatiquement :<\/p>\n<ul style=\"text-align: justify;\">\n<li>L&#8217;adresse IP de l&#8217;utilisateur. Cette adresse permettant d&#8217;acc\u00e9der \u00e0 Internet est affect\u00e9e \u00e0 l&#8217;ordinateur de l&#8217;utilisateur par son fournisseur d&#8217;acc\u00e8s \u00e0 Internet. Cette information, qui change \u00e0 chaque session diff\u00e9rente de l&#8217;utilisateur, n&#8217;est pas personnellement identifiable.<\/li>\n<li>L&#8217;adresse du site Internet \u00e0 partir de laquelle l&#8217;utilisateur est directement reli\u00e9 au Site Internet www.weplex-heatexchanger.fr.<\/li>\n<li>La date et l&#8217;heure de la visite de l&#8217;utilisateur sur le Site www.weplex-heatexchanger.fr, ainsi que les pages consult\u00e9es.<br \/>Le syst\u00e8me d&#8217;exploitation de l&#8217;ordinateur de l&#8217;utilisateur, ainsi que son logiciel de navigation.<\/li>\n<li>Les \u00abcookies\u00bb permettent de d\u00e9terminer la mani\u00e8re dont les visiteurs acc\u00e8dent aux pages web, \u00e0 quel moment et en quel nombre. Cette technologie ne recueille aucune donn\u00e9e personnelle. Ces informations sont obtenues sous une forme globale. Cette technologie et ces informations ont pour but d\u2019aider \u00e0 am\u00e9liorer les sites Web.<br \/>Le Site Internet www.weplex-heatexchanger.fr ne fait pas usage de \u00abcookies\u00bb persistants r\u00e9sidents sur le disque dur de l\u2019utilisateur.<\/li>\n<li>\n<p>Accepter ou refuser les cookies : <br \/>Vous pouvez \u00e0 tout moment choisir de d\u00e9sactiver les cookies, au cas par cas ou une fois pour toute.<br \/>Nous vous rappelons que la d\u00e9sactivation des cookies est susceptible de modifier votre acc\u00e8s \u00e0 notre site internet : certaines fonctions essentielles deviendront inaccessibles.<br \/>Pour d\u00e9sactiver les cookies, il vous suffit de vous rendre dans le menu d&#8217;aide de votre navigateur pour savoir comment modifier vos souhaits en mati\u00e8re de cookies.<\/p>\n<\/li>\n<\/ul>\n<p style=\"text-align: justify;\">Pour de plus amples informations sur les \u00abcookies\u00bb, visitez le site Microsoft.<\/p>\n<p style=\"text-align: justify;\">M. Labbe ne divulguera pas \u00e0 des tiers les donn\u00e9es personnelles que les internautes pourraient lui communiquer par le moyen de la messagerie \u00e9lectronique.<\/p>\n<p style=\"text-align: justify;\">M. Labbe se r\u00e9serve le droit de compl\u00e9ter, modifier ou effacer \u00e0 tout moment et sans pr\u00e9avis les informations contenues dans le pr\u00e9sent avertissement. Le pr\u00e9sent avertissement n&#8217;est constitutif d&#8217;aucun lien contractuel ou autre entre M. Labbe et les visiteurs du Site ou leurs ayant droits respectifs.<\/p>\n<p style=\"text-align: justify;\">Les utilisateurs disposent d\u2019un droit d\u2019acc\u00e8s, de modification, de rectification et de suppression des donn\u00e9es les concernant (loi \u00abInformatique et Libert\u00e9s\u00bb du 6 janvier 1978).<\/p>\n<p style=\"text-align: justify;\">Pour toute demande, adressez-vous \u00e0 :<br \/>M. Labbe Rue de l&#8217;Industrie 77220 Tournan en Brie<\/p>\n<h3 style=\"text-align: justify;\">Dispositions juridictionnelles<\/h3>\n<p style=\"text-align: justify;\">Le Site et son contenu sont destin\u00e9s \u00e0 l&#8217;acc\u00e8s et l&#8217;utilisation des r\u00e9sidents fran\u00e7ais.<\/p>\n<h3 style=\"text-align: justify;\">Editeur du site<\/h3>\n<p style=\"text-align: justify;\">M. Labbe, SAS au capital de 1 000 000 euros, dont le si\u00e8ge social est \u00e9tabli Rue de l&#8217;Industrie 77220 Tournan en Brie, immatricul\u00e9e au RCS de Melun sous le n\u00b0 746 050 475.<\/p>\n<p style=\"text-align: justify;\">\u00a0<\/p>\n<\/div>\n\n\n\n<div style=\"height:20px\" aria-hidden=\"true\" class=\"wp-block-spacer clearfix\"><\/div>\n","protected":false},"excerpt":{"rendered":"<p>Aviso legal Veuillez lire attentivement les conditions d&#8217;utilisation suivantes qui s&#8217;appliquent \u00e0 chaque visiteur de ce site Internet www.weplex-heatexchanger.fr. La consultation de ce site Internet implique l&#8217;acceptation implicite de l&#8217;observation des conditions d&#8217;utilisation suivantes : Article 1 &#8211; G\u00e9n\u00e9ralit\u00e9s Objectifs<\/p>\n","protected":false},"author":2,"featured_media":0,"parent":0,"menu_order":0,"comment_status":"closed","ping_status":"closed","template":"","meta":{"footnotes":""},"class_list":["post-6057","page","type-page","status-publish","hentry"],"yoast_head":"<!-- This site is optimized with the Yoast SEO plugin v16.1.1 - https:\/\/yoast.com\/wordpress\/plugins\/seo\/ -->\n<title>Aviso legal - Weplex, l&#039;\u00e9changeur de chaleur \u00e0 plaques soud\u00e9es<\/title>\n<meta name=\"description\" content=\"D\u00e9couvrez toutes les mentions l\u00e9gales du site Weplex-heatexhanger.com\" \/>\n<meta property=\"og:locale\" content=\"es_ES\" \/>\n<meta property=\"og:type\" content=\"article\" \/>\n<meta property=\"og:title\" content=\"Aviso legal - Weplex, l&#039;\u00e9changeur de chaleur \u00e0 plaques soud\u00e9es\" \/>\n<meta property=\"og:description\" content=\"D\u00e9couvrez toutes les mentions l\u00e9gales du site Weplex-heatexhanger.com\" \/>\n<meta property=\"og:url\" content=\"https:\/\/weplex-heatexchanger.com\/es\/aviso-legal\/\" \/>\n<meta property=\"og:site_name\" content=\"Weplex, l&#039;\u00e9changeur de chaleur \u00e0 plaques soud\u00e9es\" \/>\n<meta property=\"article:modified_time\" content=\"2020-01-15T16:03:13+00:00\" \/>\n<meta name=\"twitter:card\" content=\"summary_large_image\" \/>\n<meta name=\"twitter:label1\" content=\"Tiempo de lectura\">\n\t<meta name=\"twitter:data1\" content=\"10 minutos\">\n<script type=\"application\/ld+json\" class=\"yoast-schema-graph\">{\"@context\":\"https:\/\/schema.org\",\"@graph\":[{\"@type\":\"WebSite\",\"@id\":\"https:\/\/weplex-heatexchanger.com\/#website\",\"url\":\"https:\/\/weplex-heatexchanger.com\/\",\"name\":\"Weplex, l&#039;\\u00e9changeur de chaleur \\u00e0 plaques soud\\u00e9es\",\"description\":\"\",\"potentialAction\":[{\"@type\":\"SearchAction\",\"target\":\"https:\/\/weplex-heatexchanger.com\/?s={search_term_string}\",\"query-input\":\"required name=search_term_string\"}],\"inLanguage\":\"es\"},{\"@type\":\"WebPage\",\"@id\":\"https:\/\/weplex-heatexchanger.com\/es\/aviso-legal\/#webpage\",\"url\":\"https:\/\/weplex-heatexchanger.com\/es\/aviso-legal\/\",\"name\":\"Aviso legal - Weplex, l&#039;\\u00e9changeur de chaleur \\u00e0 plaques soud\\u00e9es\",\"isPartOf\":{\"@id\":\"https:\/\/weplex-heatexchanger.com\/#website\"},\"datePublished\":\"2019-05-03T06:48:05+00:00\",\"dateModified\":\"2020-01-15T16:03:13+00:00\",\"description\":\"D\\u00e9couvrez toutes les mentions l\\u00e9gales du site Weplex-heatexhanger.com\",\"breadcrumb\":{\"@id\":\"https:\/\/weplex-heatexchanger.com\/es\/aviso-legal\/#breadcrumb\"},\"inLanguage\":\"es\",\"potentialAction\":[{\"@type\":\"ReadAction\",\"target\":[\"https:\/\/weplex-heatexchanger.com\/es\/aviso-legal\/\"]}]},{\"@type\":\"BreadcrumbList\",\"@id\":\"https:\/\/weplex-heatexchanger.com\/es\/aviso-legal\/#breadcrumb\",\"itemListElement\":[{\"@type\":\"ListItem\",\"position\":1,\"item\":{\"@type\":\"WebPage\",\"@id\":\"https:\/\/weplex-heatexchanger.com\/es\/\",\"url\":\"https:\/\/weplex-heatexchanger.com\/es\/\",\"name\":\"Accueil\"}},{\"@type\":\"ListItem\",\"position\":2,\"item\":{\"@type\":\"WebPage\",\"@id\":\"https:\/\/weplex-heatexchanger.com\/es\/aviso-legal\/\",\"url\":\"https:\/\/weplex-heatexchanger.com\/es\/aviso-legal\/\",\"name\":\"Aviso legal\"}}]}]}<\/script>\n<!-- \/ Yoast SEO plugin. -->","_links":{"self":[{"href":"https:\/\/weplex-heatexchanger.com\/es\/wp-json\/wp\/v2\/pages\/6057","targetHints":{"allow":["GET"]}}],"collection":[{"href":"https:\/\/weplex-heatexchanger.com\/es\/wp-json\/wp\/v2\/pages"}],"about":[{"href":"https:\/\/weplex-heatexchanger.com\/es\/wp-json\/wp\/v2\/types\/page"}],"author":[{"embeddable":true,"href":"https:\/\/weplex-heatexchanger.com\/es\/wp-json\/wp\/v2\/users\/2"}],"replies":[{"embeddable":true,"href":"https:\/\/weplex-heatexchanger.com\/es\/wp-json\/wp\/v2\/comments?post=6057"}],"version-history":[{"count":2,"href":"https:\/\/weplex-heatexchanger.com\/es\/wp-json\/wp\/v2\/pages\/6057\/revisions"}],"predecessor-version":[{"id":6059,"href":"https:\/\/weplex-heatexchanger.com\/es\/wp-json\/wp\/v2\/pages\/6057\/revisions\/6059"}],"wp:attachment":[{"href":"https:\/\/weplex-heatexchanger.com\/es\/wp-json\/wp\/v2\/media?parent=6057"}],"curies":[{"name":"wp","href":"https:\/\/api.w.org\/{rel}","templated":true}]}}